{"id":7568,"date":"2025-01-13T14:14:07","date_gmt":"2025-01-13T13:14:07","guid":{"rendered":"https:\/\/www.sites.fr\/menciones-legales\/"},"modified":"2025-01-13T14:14:28","modified_gmt":"2025-01-13T13:14:28","slug":"menciones-legales","status":"publish","type":"page","link":"https:\/\/www.sites.fr\/es\/menciones-legales\/","title":{"rendered":"Menciones legales"},"content":{"rendered":"<div class=\"wpb-content-wrapper\">[vc_row][vc_column][vc_column_text]\n<h3>Propiedad del sitio<\/h3>\n<p>El presente sitio https:\/\/www.sites.fr es propiedad de la sociedad SITES SAS con capital de 552.000 euros, inscrita en el Registro Mercantil y de Sociedades de Nanterre con el n\u00famero RCS B 329 727 390, cuyo domicilio social se encuentra en 1, avenue Edouard Belin, 92500 Rueil-Malmaison. El director de la publicaci\u00f3n en Internet es Herv\u00e9 LAN\u00c7ON.<\/p>\n<p>Sitio web dise\u00f1ado por : <a href=\"http:\/\/www.freestudio.fr\" target=\"_blank\" rel=\"noopener noreferrer\">Freestudio.fr<\/a> (T\u00e9l. : +33 6 64 44 41 94).<\/p>\n<h3>Contenido del sitio<\/h3>\n<p>Por Contenido del Sitio se entiende la estructura general, los textos, las im\u00e1genes, animadas o no, y los sonidos de los que se compone el Sitio. Toda representaci\u00f3n total o parcial de este Sitio y de su Contenido, por cualquier medio que sea, sin la autorizaci\u00f3n expresa y previa de la sociedad SITES, est\u00e1 prohibida y constituir\u00eda una falsificaci\u00f3n sancionada por los art\u00edculos L335-2 y siguientes del C\u00f3digo de la Propiedad Intelectual.<\/p>\n<h3>Licencia para utilizar el contenido del sitio web https:\/\/www.sites.fr<\/h3>\n<p>Por el mero hecho de conectarse al sitio https:\/\/www.sites.fr, el usuario reconoce aceptar de la sociedad SITES una licencia de uso del Contenido del Sitio estrictamente limitada a las siguientes condiciones imperativas:<br \/>\n&#8211; La presente licencia concedida con car\u00e1cter no exclusivo es intransferible.<br \/>\n&#8211; El derecho de uso concedido al usuario es personal y privado: esto significa que est\u00e1 prohibida cualquier reproducci\u00f3n del contenido del sitio en cualquier soporte para uso colectivo o profesional, incluso internamente en la empresa. Lo mismo se aplica a cualquier comunicaci\u00f3n de este contenido por medios electr\u00f3nicos, incluso en una intranet o extranet de la empresa.<br \/>\n&#8211; Este uso s\u00f3lo incluye la autorizaci\u00f3n de reproducci\u00f3n para el almacenamiento con fines de representaci\u00f3n en una pantalla monopuesto y la reproducci\u00f3n en un solo ejemplar, para copias de seguridad y copias impresas.<br \/>\n&#8211; Cualquier otro uso est\u00e1 sujeto a la autorizaci\u00f3n expresa y previa de la empresa SITES. La violaci\u00f3n de estas disposiciones expone al infractor y a todas las personas responsables a las sanciones penales y civiles previstas por la legislaci\u00f3n francesa. Para toda informaci\u00f3n y solicitud de reproducci\u00f3n en papel o electr\u00f3nica: sites@sites.fr<\/p>\n<h3>Autorizaci\u00f3n para reproducir contenidos en medios electr\u00f3nicos<\/h3>\n<p>Para establecer un enlace con el sitio https:\/\/www.sites.fr<br \/>\nPara reproducir contenidos (textos, gr\u00e1ficos, ilustraciones) en un soporte electr\u00f3nico (Web, Intranet, CD-ROM, etc.) que aparezcan en el sitio https:\/\/www.sites.fr, env\u00ede su solicitud por correo postal, fax o correo electr\u00f3nico a :<\/p>\n<p>SITES SAS<br \/>\n95-97 avenue Victor Hugo<br \/>\n92500 Rueil-Malmaison &#8211; Francia<br \/>\nsites@sites.fr<\/p>\n<p>Especifique el contexto, la duraci\u00f3n deseada de la reproducci\u00f3n, la naturaleza del sitio, la presentaci\u00f3n prevista, etc. Incluya tambi\u00e9n su nombre, el nombre de su asociaci\u00f3n o empresa, la direcci\u00f3n URL de su sitio y sus datos de contacto, incluida su direcci\u00f3n de correo electr\u00f3nico.[\/vc_column_text][\/vc_column][\/vc_row][vc_row][vc_column][vc_btn title=\u00bbNuestra pol\u00edtica de confidencialidad\u00bb shape=\u00bbsquare\u00bb color=\u00bbwhite\u00bb link=\u00bburl:https%3A%2F%2Fwww.sites.fr%2Fpolitique-de-confidentialite%2F|target:%20_blank|\u00bb el_class=\u00bbmore\u00bb][\/vc_column][\/vc_row][vc_row][vc_column][\/vc_column][\/vc_row][vc_row css=\u00bb.vc_custom_1571997176785{margin-top: 40px !important;}\u00bb][vc_column width=\u00bb1\/2&#8243;][vc_toggle title=\u00bbPuzzle SITES\u00bb css_animation=\u00bbfadeIn\u00bb]\u00bfNos has conocido en una feria o evento y te hemos dado un puzzle SITES? \u00bfNo ha encontrado la soluci\u00f3n?<br \/>\nLa siguiente imagen le ayudar\u00e1 a resolverlo \ud83d\ude42<br \/>\n<img fetchpriority=\"high\" decoding=\"async\" class=\"aligncenter wp-image-2390 size-medium\" src=\"https:\/\/www.sites.fr\/wp-content\/uploads\/2019\/10\/Indice-300x297.jpg\" alt=\"\" width=\"300\" height=\"297\" srcset=\"https:\/\/www.sites.fr\/wp-content\/uploads\/2019\/10\/Indice-300x297.jpg 300w, https:\/\/www.sites.fr\/wp-content\/uploads\/2019\/10\/Indice-150x150.jpg 150w, https:\/\/www.sites.fr\/wp-content\/uploads\/2019\/10\/Indice-768x761.jpg 768w, https:\/\/www.sites.fr\/wp-content\/uploads\/2019\/10\/Indice-1024x1015.jpg 1024w, https:\/\/www.sites.fr\/wp-content\/uploads\/2019\/10\/Indice-125x125.jpg 125w, https:\/\/www.sites.fr\/wp-content\/uploads\/2019\/10\/Indice.jpg 1181w\" sizes=\"(max-width: 300px) 100vw, 300px\" \/>[\/vc_toggle][\/vc_column][vc_column width=\u00bb1\/2&#8243;][\/vc_column][\/vc_row]\n<\/div>","protected":false},"excerpt":{"rendered":"<p>[vc_row][vc_column][vc_column_text] Propiedad del sitio El presente sitio https:\/\/www.sites.fr es propiedad de la sociedad SITES SAS con capital de 552.000 euros, inscrita en el Registro Mercantil y de Sociedades de Nanterre con el n\u00famero RCS B 329 727 390, cuyo domicilio social se encuentra en 1, avenue Edouard Belin, 92500 Rueil-Malmaison. El director de la publicaci\u00f3n&#8230;<\/p>\n","protected":false},"author":1,"featured_media":0,"parent":0,"menu_order":0,"comment_status":"closed","ping_status":"closed","template":"","meta":{"_acf_changed":false,"_monsterinsights_skip_tracking":false,"_monsterinsights_sitenote_active":false,"_monsterinsights_sitenote_note":"","_monsterinsights_sitenote_category":0,"footnotes":""},"categories":[],"class_list":["post-7568","page","type-page","status-publish","hentry"],"acf":[],"yoast_head":"<!-- This site is optimized with the Yoast SEO plugin v26.8 - https:\/\/yoast.com\/product\/yoast-seo-wordpress\/ -->\n<title>Menciones legales - SITES<\/title>\n<meta name=\"robots\" content=\"index, follow, max-snippet:-1, max-image-preview:large, max-video-preview:-1\" \/>\n<link rel=\"canonical\" href=\"https:\/\/www.sites.fr\/mentions-legales\/\" \/>\n<meta property=\"og:locale\" content=\"es_ES\" \/>\n<meta property=\"og:type\" content=\"article\" \/>\n<meta property=\"og:title\" content=\"Menciones legales - SITES\" \/>\n<meta property=\"og:description\" content=\"[vc_row][vc_column][vc_column_text] Propiedad del sitio El presente sitio https:\/\/www.sites.fr es propiedad de la sociedad SITES SAS con capital de 552.000 euros, inscrita en el Registro Mercantil y de Sociedades de Nanterre con el n\u00famero RCS B 329 727 390, cuyo domicilio social se encuentra en 1, avenue Edouard Belin, 92500 Rueil-Malmaison. El director de la publicaci\u00f3n...\" \/>\n<meta property=\"og:url\" content=\"https:\/\/www.sites.fr\/mentions-legales\/\" \/>\n<meta property=\"og:site_name\" content=\"SITES\" \/>\n<meta property=\"article:modified_time\" content=\"2025-01-13T13:14:28+00:00\" \/>\n<meta property=\"og:image\" content=\"https:\/\/www.sites.fr\/wp-content\/uploads\/2019\/10\/Indice.jpg\" \/>\n\t<meta property=\"og:image:width\" content=\"1181\" \/>\n\t<meta property=\"og:image:height\" content=\"1171\" \/>\n\t<meta property=\"og:image:type\" content=\"image\/jpeg\" \/>\n<meta name=\"twitter:card\" content=\"summary_large_image\" \/>\n<meta name=\"twitter:label1\" content=\"Tiempo de lectura\" \/>\n\t<meta name=\"twitter:data1\" content=\"3 minutos\" \/>\n<script type=\"application\/ld+json\" class=\"yoast-schema-graph\">{\"@context\":\"https:\/\/schema.org\",\"@graph\":[{\"@type\":\"WebPage\",\"@id\":\"https:\/\/www.sites.fr\/mentions-legales\/\",\"url\":\"https:\/\/www.sites.fr\/mentions-legales\/\",\"name\":\"Menciones legales - SITES\",\"isPartOf\":{\"@id\":\"https:\/\/www.sites.fr\/en\/#website\"},\"primaryImageOfPage\":{\"@id\":\"https:\/\/www.sites.fr\/mentions-legales\/#primaryimage\"},\"image\":{\"@id\":\"https:\/\/www.sites.fr\/mentions-legales\/#primaryimage\"},\"thumbnailUrl\":\"https:\/\/www.sites.fr\/wp-content\/uploads\/2019\/10\/Indice-300x297.jpg\",\"datePublished\":\"2025-01-13T13:14:07+00:00\",\"dateModified\":\"2025-01-13T13:14:28+00:00\",\"breadcrumb\":{\"@id\":\"https:\/\/www.sites.fr\/mentions-legales\/#breadcrumb\"},\"inLanguage\":\"es\",\"potentialAction\":[{\"@type\":\"ReadAction\",\"target\":[\"https:\/\/www.sites.fr\/mentions-legales\/\"]}]},{\"@type\":\"ImageObject\",\"inLanguage\":\"es\",\"@id\":\"https:\/\/www.sites.fr\/mentions-legales\/#primaryimage\",\"url\":\"https:\/\/www.sites.fr\/wp-content\/uploads\/2019\/10\/Indice-300x297.jpg\",\"contentUrl\":\"https:\/\/www.sites.fr\/wp-content\/uploads\/2019\/10\/Indice-300x297.jpg\"},{\"@type\":\"BreadcrumbList\",\"@id\":\"https:\/\/www.sites.fr\/mentions-legales\/#breadcrumb\",\"itemListElement\":[{\"@type\":\"ListItem\",\"position\":1,\"name\":\"Accueil\",\"item\":\"https:\/\/www.sites.fr\/es\/ingenieria-vigilancia-preventiva-monitoreo-inspeccion-instrumentacion\/\"},{\"@type\":\"ListItem\",\"position\":2,\"name\":\"Menciones legales\"}]},{\"@type\":\"WebSite\",\"@id\":\"https:\/\/www.sites.fr\/en\/#website\",\"url\":\"https:\/\/www.sites.fr\/en\/\",\"name\":\"SITES\",\"description\":\"Ing\u00e9nierie, surveillance pr\u00e9ventive des structures\",\"publisher\":{\"@id\":\"https:\/\/www.sites.fr\/en\/#organization\"},\"potentialAction\":[{\"@type\":\"SearchAction\",\"target\":{\"@type\":\"EntryPoint\",\"urlTemplate\":\"https:\/\/www.sites.fr\/en\/?s={search_term_string}\"},\"query-input\":{\"@type\":\"PropertyValueSpecification\",\"valueRequired\":true,\"valueName\":\"search_term_string\"}}],\"inLanguage\":\"es\"},{\"@type\":\"Organization\",\"@id\":\"https:\/\/www.sites.fr\/en\/#organization\",\"name\":\"SITES\",\"url\":\"https:\/\/www.sites.fr\/en\/\",\"logo\":{\"@type\":\"ImageObject\",\"inLanguage\":\"es\",\"@id\":\"https:\/\/www.sites.fr\/en\/#\/schema\/logo\/image\/\",\"url\":\"https:\/\/www.sites.fr\/wp-content\/uploads\/2024\/02\/Logo-SITES-OK.png\",\"contentUrl\":\"https:\/\/www.sites.fr\/wp-content\/uploads\/2024\/02\/Logo-SITES-OK.png\",\"width\":2480,\"height\":1748,\"caption\":\"SITES\"},\"image\":{\"@id\":\"https:\/\/www.sites.fr\/en\/#\/schema\/logo\/image\/\"},\"sameAs\":[\"https:\/\/www.linkedin.com\/company\/sites-sas-france\/\"]}]}<\/script>\n<!-- \/ Yoast SEO plugin. -->","yoast_head_json":{"title":"Menciones legales - SITES","robots":{"index":"index","follow":"follow","max-snippet":"max-snippet:-1","max-image-preview":"max-image-preview:large","max-video-preview":"max-video-preview:-1"},"canonical":"https:\/\/www.sites.fr\/mentions-legales\/","og_locale":"es_ES","og_type":"article","og_title":"Menciones legales - SITES","og_description":"[vc_row][vc_column][vc_column_text] Propiedad del sitio El presente sitio https:\/\/www.sites.fr es propiedad de la sociedad SITES SAS con capital de 552.000 euros, inscrita en el Registro Mercantil y de Sociedades de Nanterre con el n\u00famero RCS B 329 727 390, cuyo domicilio social se encuentra en 1, avenue Edouard Belin, 92500 Rueil-Malmaison. El director de la publicaci\u00f3n...","og_url":"https:\/\/www.sites.fr\/mentions-legales\/","og_site_name":"SITES","article_modified_time":"2025-01-13T13:14:28+00:00","og_image":[{"width":1181,"height":1171,"url":"https:\/\/www.sites.fr\/wp-content\/uploads\/2019\/10\/Indice.jpg","type":"image\/jpeg"}],"twitter_card":"summary_large_image","twitter_misc":{"Tiempo de lectura":"3 minutos"},"schema":{"@context":"https:\/\/schema.org","@graph":[{"@type":"WebPage","@id":"https:\/\/www.sites.fr\/mentions-legales\/","url":"https:\/\/www.sites.fr\/mentions-legales\/","name":"Menciones legales - SITES","isPartOf":{"@id":"https:\/\/www.sites.fr\/en\/#website"},"primaryImageOfPage":{"@id":"https:\/\/www.sites.fr\/mentions-legales\/#primaryimage"},"image":{"@id":"https:\/\/www.sites.fr\/mentions-legales\/#primaryimage"},"thumbnailUrl":"https:\/\/www.sites.fr\/wp-content\/uploads\/2019\/10\/Indice-300x297.jpg","datePublished":"2025-01-13T13:14:07+00:00","dateModified":"2025-01-13T13:14:28+00:00","breadcrumb":{"@id":"https:\/\/www.sites.fr\/mentions-legales\/#breadcrumb"},"inLanguage":"es","potentialAction":[{"@type":"ReadAction","target":["https:\/\/www.sites.fr\/mentions-legales\/"]}]},{"@type":"ImageObject","inLanguage":"es","@id":"https:\/\/www.sites.fr\/mentions-legales\/#primaryimage","url":"https:\/\/www.sites.fr\/wp-content\/uploads\/2019\/10\/Indice-300x297.jpg","contentUrl":"https:\/\/www.sites.fr\/wp-content\/uploads\/2019\/10\/Indice-300x297.jpg"},{"@type":"BreadcrumbList","@id":"https:\/\/www.sites.fr\/mentions-legales\/#breadcrumb","itemListElement":[{"@type":"ListItem","position":1,"name":"Accueil","item":"https:\/\/www.sites.fr\/es\/ingenieria-vigilancia-preventiva-monitoreo-inspeccion-instrumentacion\/"},{"@type":"ListItem","position":2,"name":"Menciones legales"}]},{"@type":"WebSite","@id":"https:\/\/www.sites.fr\/en\/#website","url":"https:\/\/www.sites.fr\/en\/","name":"SITES","description":"Ing\u00e9nierie, surveillance pr\u00e9ventive des structures","publisher":{"@id":"https:\/\/www.sites.fr\/en\/#organization"},"potentialAction":[{"@type":"SearchAction","target":{"@type":"EntryPoint","urlTemplate":"https:\/\/www.sites.fr\/en\/?s={search_term_string}"},"query-input":{"@type":"PropertyValueSpecification","valueRequired":true,"valueName":"search_term_string"}}],"inLanguage":"es"},{"@type":"Organization","@id":"https:\/\/www.sites.fr\/en\/#organization","name":"SITES","url":"https:\/\/www.sites.fr\/en\/","logo":{"@type":"ImageObject","inLanguage":"es","@id":"https:\/\/www.sites.fr\/en\/#\/schema\/logo\/image\/","url":"https:\/\/www.sites.fr\/wp-content\/uploads\/2024\/02\/Logo-SITES-OK.png","contentUrl":"https:\/\/www.sites.fr\/wp-content\/uploads\/2024\/02\/Logo-SITES-OK.png","width":2480,"height":1748,"caption":"SITES"},"image":{"@id":"https:\/\/www.sites.fr\/en\/#\/schema\/logo\/image\/"},"sameAs":["https:\/\/www.linkedin.com\/company\/sites-sas-france\/"]}]}},"_links":{"self":[{"href":"https:\/\/www.sites.fr\/es\/wp-json\/wp\/v2\/pages\/7568","targetHints":{"allow":["GET"]}}],"collection":[{"href":"https:\/\/www.sites.fr\/es\/wp-json\/wp\/v2\/pages"}],"about":[{"href":"https:\/\/www.sites.fr\/es\/wp-json\/wp\/v2\/types\/page"}],"author":[{"embeddable":true,"href":"https:\/\/www.sites.fr\/es\/wp-json\/wp\/v2\/users\/1"}],"replies":[{"embeddable":true,"href":"https:\/\/www.sites.fr\/es\/wp-json\/wp\/v2\/comments?post=7568"}],"version-history":[{"count":5,"href":"https:\/\/www.sites.fr\/es\/wp-json\/wp\/v2\/pages\/7568\/revisions"}],"predecessor-version":[{"id":7574,"href":"https:\/\/www.sites.fr\/es\/wp-json\/wp\/v2\/pages\/7568\/revisions\/7574"}],"wp:attachment":[{"href":"https:\/\/www.sites.fr\/es\/wp-json\/wp\/v2\/media?parent=7568"}],"wp:term":[{"taxonomy":"category","embeddable":true,"href":"https:\/\/www.sites.fr\/es\/wp-json\/wp\/v2\/categories?post=7568"}],"curies":[{"name":"wp","href":"https:\/\/api.w.org\/{rel}","templated":true}]}}