{"id":7561,"date":"2025-01-13T10:02:40","date_gmt":"2025-01-13T09:02:40","guid":{"rendered":"https:\/\/www.sites.fr\/politica-de-confidencialidad-aplicable-a-las-actividades-de-contratacion-del-grupo-sites\/"},"modified":"2025-01-13T10:02:53","modified_gmt":"2025-01-13T09:02:53","slug":"politica-de-confidencialidad-aplicable-a-las-actividades-de-contratacion-del-grupo-sites","status":"publish","type":"page","link":"https:\/\/www.sites.fr\/es\/politica-de-confidencialidad-aplicable-a-las-actividades-de-contratacion-del-grupo-sites\/","title":{"rendered":"Pol\u00edtica de confidencialidad aplicable a las actividades de contrataci\u00f3n del Grupo SITES"},"content":{"rendered":"<p>Usted est\u00e1 solicitando un puesto de trabajo en el Grupo SITES y en esta ocasi\u00f3n deseamos informarle, en su calidad de responsable del tratamiento, que sus datos personales est\u00e1n siendo tratados para la gesti\u00f3n de la contrataci\u00f3n.<\/p>\n<p>Este tratamiento de datos personales se basa en el inter\u00e9s leg\u00edtimo del responsable del tratamiento, que es la contrataci\u00f3n de personal para el Grupo SITES para las necesidades de su actividad.<\/p>\n<p>Una vez estudiada su candidatura, y en caso de que sea aceptada, nuestro departamento de contrataci\u00f3n se pondr\u00e1 en contacto con usted por tel\u00e9fono para discutir sus planes; en caso contrario, le enviaremos nuestra respuesta negativa por correo electr\u00f3nico.<\/p>\n<p>De conformidad con las disposiciones del art\u00edculo L. 1221-8 del C\u00f3digo del Trabajo franc\u00e9s, le informamos de que el procedimiento de contrataci\u00f3n utilizado por el Grupo SITES incluye, tras una preselecci\u00f3n telef\u00f3nica, un expediente de candidatura enviado por correo electr\u00f3nico internamente al servicio de RRHH y a los responsables afectados por la contrataci\u00f3n y varias entrevistas.<\/p>\n<p>En general, sus datos personales se comunican internamente al departamento de recursos humanos del responsable del tratamiento y a los responsables de contrataci\u00f3n en caso de contrataci\u00f3n correspondiente a su perfil. Tambi\u00e9n se comunican a nuestros socios y subcontratistas (en particular, al proveedor de la herramienta de tratamiento de candidaturas SmartRecruiters) y pueden comunicarse a cualquier autoridad administrativa o judicial que los solicite o que necesite acceder a ellos en el marco de un posible control o litigio.<\/p>\n<p>Sus datos personales podr\u00e1n ser transferidos a entidades del Grupo SITES y a proveedores de servicios que act\u00faen por cuenta de \u00e9ste y que est\u00e9n situados en Francia y\/o en la Uni\u00f3n Europea.<\/p>\n<p>Los datos que le conciernen se conservar\u00e1n durante el tiempo necesario para el examen de su candidatura, se a\u00f1adir\u00e1n a su expediente de empleado en caso de resultado positivo, y se conservar\u00e1n en nuestra biblioteca de CV durante un periodo de 24 meses a partir de la fecha de nuestro \u00faltimo contacto en caso de resultado negativo de su candidatura.<\/p>\n<p>De conformidad con la normativa aplicable en materia de protecci\u00f3n de datos personales, usted tiene derecho de acceso, rectificaci\u00f3n, supresi\u00f3n, limitaci\u00f3n, portabilidad y oposici\u00f3n al tratamiento de sus datos, as\u00ed como la posibilidad de enviarnos sus instrucciones para organizar el destino de sus datos (almacenamiento, supresi\u00f3n, comunicaci\u00f3n a un tercero, etc.) en caso de fallecimiento. Puede ejercer estos derechos escribiendo a la siguiente direcci\u00f3n de correo electr\u00f3nico: rgpdrh@sites.fr.<\/p>\n<p>Tambi\u00e9n tiene derecho a recurrir a una autoridad nacional de control como la Commission Nationale de l&#8217;Informatique et des Libert\u00e9s en caso de incumplimiento de la normativa aplicable a la protecci\u00f3n de datos personales y, en particular, del Reglamento General de Protecci\u00f3n de Datos europeo n\u00b02016-679 (RGPD) en vigor desde el 25 de mayo de 2018.<\/p>\n<p>El Grupo SITES ha designado un Delegado de Protecci\u00f3n de Datos (DPO) al que puede dirigirse para cualquier cuesti\u00f3n relacionada con el tratamiento de sus datos personales y para ejercer sus derechos.<\/p>\n<p>Datos de contacto del RPD: <strong>rgpdrh@sites.fr<\/strong>.<\/p>\n<p>Al cumplimentar cuidadosamente el formulario de contrataci\u00f3n propuesto para el puesto al que se presenta, da su consentimiento para que sus datos sean tratados de conformidad con la pol\u00edtica de privacidad de contrataci\u00f3n anterior.<\/p>\n","protected":false},"excerpt":{"rendered":"<p>Usted est\u00e1 solicitando un puesto de trabajo en el Grupo SITES y en esta ocasi\u00f3n deseamos informarle, en su calidad de responsable del tratamiento, que sus datos personales est\u00e1n siendo tratados para la gesti\u00f3n de la contrataci\u00f3n. Este tratamiento de datos personales se basa en el inter\u00e9s leg\u00edtimo del responsable del tratamiento, que es la&#8230;<\/p>\n","protected":false},"author":1,"featured_media":0,"parent":0,"menu_order":0,"comment_status":"closed","ping_status":"closed","template":"","meta":{"_acf_changed":false,"_monsterinsights_skip_tracking":false,"_monsterinsights_sitenote_active":false,"_monsterinsights_sitenote_note":"","_monsterinsights_sitenote_category":0,"footnotes":""},"categories":[],"class_list":["post-7561","page","type-page","status-publish","hentry"],"acf":[],"yoast_head":"<!-- This site is optimized with the Yoast SEO plugin v26.8 - https:\/\/yoast.com\/product\/yoast-seo-wordpress\/ -->\n<title>Pol\u00edtica de confidencialidad aplicable a las actividades de contrataci\u00f3n del Grupo SITES - SITES<\/title>\n<meta name=\"robots\" content=\"index, follow, max-snippet:-1, max-image-preview:large, max-video-preview:-1\" \/>\n<link rel=\"canonical\" href=\"https:\/\/www.sites.fr\/politique-de-confidentialite-2\/\" \/>\n<meta property=\"og:locale\" content=\"es_ES\" \/>\n<meta property=\"og:type\" content=\"article\" \/>\n<meta property=\"og:title\" content=\"Pol\u00edtica de confidencialidad aplicable a las actividades de contrataci\u00f3n del Grupo SITES - SITES\" \/>\n<meta property=\"og:description\" content=\"Usted est\u00e1 solicitando un puesto de trabajo en el Grupo SITES y en esta ocasi\u00f3n deseamos informarle, en su calidad de responsable del tratamiento, que sus datos personales est\u00e1n siendo tratados para la gesti\u00f3n de la contrataci\u00f3n. Este tratamiento de datos personales se basa en el inter\u00e9s leg\u00edtimo del responsable del tratamiento, que es la...\" \/>\n<meta property=\"og:url\" content=\"https:\/\/www.sites.fr\/politique-de-confidentialite-2\/\" \/>\n<meta property=\"og:site_name\" content=\"SITES\" \/>\n<meta property=\"article:modified_time\" content=\"2025-01-13T09:02:53+00:00\" \/>\n<meta name=\"twitter:card\" content=\"summary_large_image\" \/>\n<meta name=\"twitter:label1\" content=\"Tiempo de lectura\" \/>\n\t<meta name=\"twitter:data1\" content=\"3 minutos\" \/>\n<script type=\"application\/ld+json\" class=\"yoast-schema-graph\">{\"@context\":\"https:\/\/schema.org\",\"@graph\":[{\"@type\":\"WebPage\",\"@id\":\"https:\/\/www.sites.fr\/politique-de-confidentialite-2\/\",\"url\":\"https:\/\/www.sites.fr\/politique-de-confidentialite-2\/\",\"name\":\"Pol\u00edtica de confidencialidad aplicable a las actividades de contrataci\u00f3n del Grupo SITES - SITES\",\"isPartOf\":{\"@id\":\"https:\/\/www.sites.fr\/en\/#website\"},\"datePublished\":\"2025-01-13T09:02:40+00:00\",\"dateModified\":\"2025-01-13T09:02:53+00:00\",\"breadcrumb\":{\"@id\":\"https:\/\/www.sites.fr\/politique-de-confidentialite-2\/#breadcrumb\"},\"inLanguage\":\"es\",\"potentialAction\":[{\"@type\":\"ReadAction\",\"target\":[\"https:\/\/www.sites.fr\/politique-de-confidentialite-2\/\"]}]},{\"@type\":\"BreadcrumbList\",\"@id\":\"https:\/\/www.sites.fr\/politique-de-confidentialite-2\/#breadcrumb\",\"itemListElement\":[{\"@type\":\"ListItem\",\"position\":1,\"name\":\"Accueil\",\"item\":\"https:\/\/www.sites.fr\/es\/ingenieria-vigilancia-preventiva-monitoreo-inspeccion-instrumentacion\/\"},{\"@type\":\"ListItem\",\"position\":2,\"name\":\"Pol\u00edtica de confidencialidad aplicable a las actividades de contrataci\u00f3n del Grupo SITES\"}]},{\"@type\":\"WebSite\",\"@id\":\"https:\/\/www.sites.fr\/en\/#website\",\"url\":\"https:\/\/www.sites.fr\/en\/\",\"name\":\"SITES\",\"description\":\"Ing\u00e9nierie, surveillance pr\u00e9ventive des structures\",\"publisher\":{\"@id\":\"https:\/\/www.sites.fr\/en\/#organization\"},\"potentialAction\":[{\"@type\":\"SearchAction\",\"target\":{\"@type\":\"EntryPoint\",\"urlTemplate\":\"https:\/\/www.sites.fr\/en\/?s={search_term_string}\"},\"query-input\":{\"@type\":\"PropertyValueSpecification\",\"valueRequired\":true,\"valueName\":\"search_term_string\"}}],\"inLanguage\":\"es\"},{\"@type\":\"Organization\",\"@id\":\"https:\/\/www.sites.fr\/en\/#organization\",\"name\":\"SITES\",\"url\":\"https:\/\/www.sites.fr\/en\/\",\"logo\":{\"@type\":\"ImageObject\",\"inLanguage\":\"es\",\"@id\":\"https:\/\/www.sites.fr\/en\/#\/schema\/logo\/image\/\",\"url\":\"https:\/\/www.sites.fr\/wp-content\/uploads\/2024\/02\/Logo-SITES-OK.png\",\"contentUrl\":\"https:\/\/www.sites.fr\/wp-content\/uploads\/2024\/02\/Logo-SITES-OK.png\",\"width\":2480,\"height\":1748,\"caption\":\"SITES\"},\"image\":{\"@id\":\"https:\/\/www.sites.fr\/en\/#\/schema\/logo\/image\/\"},\"sameAs\":[\"https:\/\/www.linkedin.com\/company\/sites-sas-france\/\"]}]}<\/script>\n<!-- \/ Yoast SEO plugin. -->","yoast_head_json":{"title":"Pol\u00edtica de confidencialidad aplicable a las actividades de contrataci\u00f3n del Grupo SITES - SITES","robots":{"index":"index","follow":"follow","max-snippet":"max-snippet:-1","max-image-preview":"max-image-preview:large","max-video-preview":"max-video-preview:-1"},"canonical":"https:\/\/www.sites.fr\/politique-de-confidentialite-2\/","og_locale":"es_ES","og_type":"article","og_title":"Pol\u00edtica de confidencialidad aplicable a las actividades de contrataci\u00f3n del Grupo SITES - SITES","og_description":"Usted est\u00e1 solicitando un puesto de trabajo en el Grupo SITES y en esta ocasi\u00f3n deseamos informarle, en su calidad de responsable del tratamiento, que sus datos personales est\u00e1n siendo tratados para la gesti\u00f3n de la contrataci\u00f3n. Este tratamiento de datos personales se basa en el inter\u00e9s leg\u00edtimo del responsable del tratamiento, que es la...","og_url":"https:\/\/www.sites.fr\/politique-de-confidentialite-2\/","og_site_name":"SITES","article_modified_time":"2025-01-13T09:02:53+00:00","twitter_card":"summary_large_image","twitter_misc":{"Tiempo de lectura":"3 minutos"},"schema":{"@context":"https:\/\/schema.org","@graph":[{"@type":"WebPage","@id":"https:\/\/www.sites.fr\/politique-de-confidentialite-2\/","url":"https:\/\/www.sites.fr\/politique-de-confidentialite-2\/","name":"Pol\u00edtica de confidencialidad aplicable a las actividades de contrataci\u00f3n del Grupo SITES - SITES","isPartOf":{"@id":"https:\/\/www.sites.fr\/en\/#website"},"datePublished":"2025-01-13T09:02:40+00:00","dateModified":"2025-01-13T09:02:53+00:00","breadcrumb":{"@id":"https:\/\/www.sites.fr\/politique-de-confidentialite-2\/#breadcrumb"},"inLanguage":"es","potentialAction":[{"@type":"ReadAction","target":["https:\/\/www.sites.fr\/politique-de-confidentialite-2\/"]}]},{"@type":"BreadcrumbList","@id":"https:\/\/www.sites.fr\/politique-de-confidentialite-2\/#breadcrumb","itemListElement":[{"@type":"ListItem","position":1,"name":"Accueil","item":"https:\/\/www.sites.fr\/es\/ingenieria-vigilancia-preventiva-monitoreo-inspeccion-instrumentacion\/"},{"@type":"ListItem","position":2,"name":"Pol\u00edtica de confidencialidad aplicable a las actividades de contrataci\u00f3n del Grupo SITES"}]},{"@type":"WebSite","@id":"https:\/\/www.sites.fr\/en\/#website","url":"https:\/\/www.sites.fr\/en\/","name":"SITES","description":"Ing\u00e9nierie, surveillance pr\u00e9ventive des structures","publisher":{"@id":"https:\/\/www.sites.fr\/en\/#organization"},"potentialAction":[{"@type":"SearchAction","target":{"@type":"EntryPoint","urlTemplate":"https:\/\/www.sites.fr\/en\/?s={search_term_string}"},"query-input":{"@type":"PropertyValueSpecification","valueRequired":true,"valueName":"search_term_string"}}],"inLanguage":"es"},{"@type":"Organization","@id":"https:\/\/www.sites.fr\/en\/#organization","name":"SITES","url":"https:\/\/www.sites.fr\/en\/","logo":{"@type":"ImageObject","inLanguage":"es","@id":"https:\/\/www.sites.fr\/en\/#\/schema\/logo\/image\/","url":"https:\/\/www.sites.fr\/wp-content\/uploads\/2024\/02\/Logo-SITES-OK.png","contentUrl":"https:\/\/www.sites.fr\/wp-content\/uploads\/2024\/02\/Logo-SITES-OK.png","width":2480,"height":1748,"caption":"SITES"},"image":{"@id":"https:\/\/www.sites.fr\/en\/#\/schema\/logo\/image\/"},"sameAs":["https:\/\/www.linkedin.com\/company\/sites-sas-france\/"]}]}},"_links":{"self":[{"href":"https:\/\/www.sites.fr\/es\/wp-json\/wp\/v2\/pages\/7561","targetHints":{"allow":["GET"]}}],"collection":[{"href":"https:\/\/www.sites.fr\/es\/wp-json\/wp\/v2\/pages"}],"about":[{"href":"https:\/\/www.sites.fr\/es\/wp-json\/wp\/v2\/types\/page"}],"author":[{"embeddable":true,"href":"https:\/\/www.sites.fr\/es\/wp-json\/wp\/v2\/users\/1"}],"replies":[{"embeddable":true,"href":"https:\/\/www.sites.fr\/es\/wp-json\/wp\/v2\/comments?post=7561"}],"version-history":[{"count":1,"href":"https:\/\/www.sites.fr\/es\/wp-json\/wp\/v2\/pages\/7561\/revisions"}],"predecessor-version":[{"id":7562,"href":"https:\/\/www.sites.fr\/es\/wp-json\/wp\/v2\/pages\/7561\/revisions\/7562"}],"wp:attachment":[{"href":"https:\/\/www.sites.fr\/es\/wp-json\/wp\/v2\/media?parent=7561"}],"wp:term":[{"taxonomy":"category","embeddable":true,"href":"https:\/\/www.sites.fr\/es\/wp-json\/wp\/v2\/categories?post=7561"}],"curies":[{"name":"wp","href":"https:\/\/api.w.org\/{rel}","templated":true}]}}