{"id":7541,"date":"2025-01-10T16:45:51","date_gmt":"2025-01-10T15:45:51","guid":{"rendered":"https:\/\/www.sites.fr\/vibratec\/"},"modified":"2025-01-13T14:45:58","modified_gmt":"2025-01-13T13:45:58","slug":"vibratec","status":"publish","type":"page","link":"https:\/\/www.sites.fr\/es\/quien-somos\/nuestras-filiales\/vibratec\/","title":{"rendered":"VibraTec"},"content":{"rendered":"<div class=\"wpb-content-wrapper\">[vc_row][vc_column width=\u00bb1\/2&#8243;][vc_single_image image=\u00bb7600&#8243; img_size=\u00bbmedium\u00bb alignment=\u00bbcenter\u00bb onclick=\u00bbcustom_link\u00bb img_link_target=\u00bb_blank\u00bb link=\u00bbhttps:\/\/vibratec.fr\/\u00bb][\/vc_column][vc_column width=\u00bb1\/2&#8243;][vc_column_text]\n<h2>Una empresa experta en fen\u00f3menos mec\u00e1nicos, ac\u00fasticos y vibratorios complejos<\/h2>\n[\/vc_column_text][\/vc_column][\/vc_row][vc_row][vc_column width=\u00bb1\/2&#8243;][vc_empty_space height=\u00bb70px\u00bb][vc_column_text]PYME francesa de renombre internacional, VibraTec Group dise\u00f1a soluciones pragm\u00e1ticas e innovadoras para que los productos, infraestructuras y equipos sean m\u00e1s fiables, duraderos y silenciosos.<\/p>\n<p>&nbsp;<\/p>\n<p>&nbsp;<\/p>\n<p>A trav\u00e9s del modelado y la experimentaci\u00f3n, VibraTec Group desarrolla su experiencia en los campos de la energ\u00eda, la industria, la movilidad y la defensa.[\/vc_column_text][\/vc_column][vc_column width=\u00bb1\/2&#8243;][vc_single_image image=\u00bb7531&#8243; img_size=\u00bblarge\u00bb][\/vc_column][\/vc_row][vc_row][vc_column][vc_empty_space height=\u00bb50px\u00bb][\/vc_column][\/vc_row][vc_row][vc_column][vc_column_text]\n<h2 style=\"text-align: left\">El Grupo Vibratec est\u00e1 formado por 3 filiales complementarias:<\/h2>\n[\/vc_column_text][\/vc_column][vc_column][vc_empty_space height=\u00bb50px\u00bb][\/vc_column][\/vc_row][vc_row][vc_column width=\u00bb1\/2&#8243;][vc_column_text]\n<h3 style=\"text-align: center\">VibraTec<\/h3>\n[\/vc_column_text][vc_empty_space][vc_column_text]\n<p style=\"text-align: center\">Como empresa de consultor\u00eda e ingenier\u00eda, VibraTec ofrece asesoramiento de alto nivel a trav\u00e9s de expertos asignados a proyectos.<\/p>\n[\/vc_column_text][vc_empty_space][vc_single_image image=\u00bb7600&#8243; img_size=\u00bbmedium\u00bb alignment=\u00bbcenter\u00bb onclick=\u00bbcustom_link\u00bb img_link_target=\u00bb_blank\u00bb link=\u00bbhttp:\/\/www.vibratecgroup.com\/\u00bb][\/vc_column][vc_column width=\u00bb1\/2&#8243;][vc_empty_space height=\u00bb300px\u00bb][vc_column_text]\n<h3 style=\"text-align: center\">Vibrateam<\/h3>\n[\/vc_column_text][vc_empty_space][vc_column_text]\n<p style=\"text-align: center\">Como empresa de consultor\u00eda, VibraTeam pone a disposici\u00f3n de sus clientes ingenieros locales especializados, que trabajan como parte de sus equipos.<\/p>\n[\/vc_column_text][vc_empty_space][vc_single_image image=\u00bb7532&#8243; img_size=\u00bbmedium\u00bb alignment=\u00bbcenter\u00bb onclick=\u00bbcustom_link\u00bb img_link_target=\u00bb_blank\u00bb link=\u00bbhttp:\/\/www.vibratecgroup.com\/vibrateam\/\u00bb][\/vc_column][\/vc_row][vc_row][vc_column width=\u00bb1\/2&#8243;][vc_column_text]\n<h3 style=\"text-align: center\">MicrodB<\/h3>\n[\/vc_column_text][vc_empty_space][vc_column_text]\n<p style=\"text-align: center\">MicrodB desarrolla software y hardware para identificar fuentes de ruido.<\/p>\n[\/vc_column_text][vc_empty_space][vc_single_image image=\u00bb7533&#8243; img_size=\u00bbmedium\u00bb alignment=\u00bbcenter\u00bb onclick=\u00bbcustom_link\u00bb img_link_target=\u00bb_blank\u00bb link=\u00bbhttp:\/\/www.microdb.vibratecgroup.com\/\u00bb][\/vc_column][vc_column width=\u00bb1\/2&#8243;][vc_empty_space][\/vc_column][\/vc_row]\n<\/div>","protected":false},"excerpt":{"rendered":"<p>[vc_row][vc_column width=\u00bb1\/2&#8243;][vc_single_image image=\u00bb7600&#8243; img_size=\u00bbmedium\u00bb alignment=\u00bbcenter\u00bb onclick=\u00bbcustom_link\u00bb img_link_target=\u00bb_blank\u00bb link=\u00bbhttps:\/\/vibratec.fr\/\u00bb][\/vc_column][vc_column width=\u00bb1\/2&#8243;][vc_column_text] Una empresa experta en fen\u00f3menos mec\u00e1nicos, ac\u00fasticos y vibratorios complejos [\/vc_column_text][\/vc_column][\/vc_row][vc_row][vc_column width=\u00bb1\/2&#8243;][vc_empty_space height=\u00bb70px\u00bb][vc_column_text]PYME francesa de renombre internacional, VibraTec Group dise\u00f1a soluciones pragm\u00e1ticas e innovadoras para que los productos, infraestructuras y equipos sean m\u00e1s fiables, duraderos y silenciosos. &nbsp; &nbsp; A trav\u00e9s del modelado y la experimentaci\u00f3n,&#8230;<\/p>\n","protected":false},"author":19,"featured_media":7864,"parent":7606,"menu_order":0,"comment_status":"closed","ping_status":"closed","template":"","meta":{"_acf_changed":false,"_monsterinsights_skip_tracking":false,"_monsterinsights_sitenote_active":false,"_monsterinsights_sitenote_note":"","_monsterinsights_sitenote_category":0,"footnotes":""},"categories":[],"class_list":["post-7541","page","type-page","status-publish","has-post-thumbnail","hentry"],"acf":[],"yoast_head":"<!-- This site is optimized with the Yoast SEO plugin v26.8 - https:\/\/yoast.com\/product\/yoast-seo-wordpress\/ -->\n<title>VibraTec - SITES<\/title>\n<meta name=\"robots\" content=\"index, follow, max-snippet:-1, max-image-preview:large, max-video-preview:-1\" \/>\n<link rel=\"canonical\" href=\"https:\/\/www.sites.fr\/qui-sommes-nous\/nos-filiales\/vibratec\/\" \/>\n<meta property=\"og:locale\" content=\"es_ES\" \/>\n<meta property=\"og:type\" content=\"article\" \/>\n<meta property=\"og:title\" content=\"VibraTec - SITES\" \/>\n<meta property=\"og:description\" content=\"[vc_row][vc_column width=\u00bb1\/2&#8243;][vc_single_image image=\u00bb7600&#8243; img_size=\u00bbmedium\u00bb alignment=\u00bbcenter\u00bb onclick=\u00bbcustom_link\u00bb img_link_target=\u00bb_blank\u00bb link=\u00bbhttps:\/\/vibratec.fr\/\u00bb][\/vc_column][vc_column width=\u00bb1\/2&#8243;][vc_column_text] Una empresa experta en fen\u00f3menos mec\u00e1nicos, ac\u00fasticos y vibratorios complejos [\/vc_column_text][\/vc_column][\/vc_row][vc_row][vc_column width=\u00bb1\/2&#8243;][vc_empty_space height=\u00bb70px\u00bb][vc_column_text]PYME francesa de renombre internacional, VibraTec Group dise\u00f1a soluciones pragm\u00e1ticas e innovadoras para que los productos, infraestructuras y equipos sean m\u00e1s fiables, duraderos y silenciosos. &nbsp; &nbsp; A trav\u00e9s del modelado y la experimentaci\u00f3n,...\" \/>\n<meta property=\"og:url\" content=\"https:\/\/www.sites.fr\/qui-sommes-nous\/nos-filiales\/vibratec\/\" \/>\n<meta property=\"og:site_name\" content=\"SITES\" \/>\n<meta property=\"article:modified_time\" content=\"2025-01-13T13:45:58+00:00\" \/>\n<meta name=\"twitter:card\" content=\"summary_large_image\" \/>\n<meta name=\"twitter:label1\" content=\"Tiempo de lectura\" \/>\n\t<meta name=\"twitter:data1\" content=\"2 minutos\" \/>\n<script type=\"application\/ld+json\" class=\"yoast-schema-graph\">{\"@context\":\"https:\/\/schema.org\",\"@graph\":[{\"@type\":\"WebPage\",\"@id\":\"https:\/\/www.sites.fr\/qui-sommes-nous\/nos-filiales\/vibratec\/\",\"url\":\"https:\/\/www.sites.fr\/qui-sommes-nous\/nos-filiales\/vibratec\/\",\"name\":\"VibraTec - SITES\",\"isPartOf\":{\"@id\":\"https:\/\/www.sites.fr\/en\/#website\"},\"primaryImageOfPage\":{\"@id\":\"https:\/\/www.sites.fr\/qui-sommes-nous\/nos-filiales\/vibratec\/#primaryimage\"},\"image\":{\"@id\":\"https:\/\/www.sites.fr\/qui-sommes-nous\/nos-filiales\/vibratec\/#primaryimage\"},\"thumbnailUrl\":\"https:\/\/www.sites.fr\/wp-content\/uploads\/2025\/02\/unnamed.jpg\",\"datePublished\":\"2025-01-10T15:45:51+00:00\",\"dateModified\":\"2025-01-13T13:45:58+00:00\",\"breadcrumb\":{\"@id\":\"https:\/\/www.sites.fr\/qui-sommes-nous\/nos-filiales\/vibratec\/#breadcrumb\"},\"inLanguage\":\"es\",\"potentialAction\":[{\"@type\":\"ReadAction\",\"target\":[\"https:\/\/www.sites.fr\/qui-sommes-nous\/nos-filiales\/vibratec\/\"]}]},{\"@type\":\"ImageObject\",\"inLanguage\":\"es\",\"@id\":\"https:\/\/www.sites.fr\/qui-sommes-nous\/nos-filiales\/vibratec\/#primaryimage\",\"url\":\"https:\/\/www.sites.fr\/wp-content\/uploads\/2025\/02\/unnamed.jpg\",\"contentUrl\":\"https:\/\/www.sites.fr\/wp-content\/uploads\/2025\/02\/unnamed.jpg\",\"width\":900,\"height\":900,\"caption\":\"Vibratec logo\"},{\"@type\":\"BreadcrumbList\",\"@id\":\"https:\/\/www.sites.fr\/qui-sommes-nous\/nos-filiales\/vibratec\/#breadcrumb\",\"itemListElement\":[{\"@type\":\"ListItem\",\"position\":1,\"name\":\"Accueil\",\"item\":\"https:\/\/www.sites.fr\/es\/ingenieria-vigilancia-preventiva-monitoreo-inspeccion-instrumentacion\/\"},{\"@type\":\"ListItem\",\"position\":2,\"name\":\"\u00bfQui\u00e9n somos?\",\"item\":\"https:\/\/www.sites.fr\/qui-sommes-nous\/\"},{\"@type\":\"ListItem\",\"position\":3,\"name\":\"Nuestras filiales\",\"item\":\"https:\/\/www.sites.fr\/qui-sommes-nous\/nos-filiales\/\"},{\"@type\":\"ListItem\",\"position\":4,\"name\":\"VibraTec\"}]},{\"@type\":\"WebSite\",\"@id\":\"https:\/\/www.sites.fr\/en\/#website\",\"url\":\"https:\/\/www.sites.fr\/en\/\",\"name\":\"SITES\",\"description\":\"Ing\u00e9nierie, surveillance pr\u00e9ventive des structures\",\"publisher\":{\"@id\":\"https:\/\/www.sites.fr\/en\/#organization\"},\"potentialAction\":[{\"@type\":\"SearchAction\",\"target\":{\"@type\":\"EntryPoint\",\"urlTemplate\":\"https:\/\/www.sites.fr\/en\/?s={search_term_string}\"},\"query-input\":{\"@type\":\"PropertyValueSpecification\",\"valueRequired\":true,\"valueName\":\"search_term_string\"}}],\"inLanguage\":\"es\"},{\"@type\":\"Organization\",\"@id\":\"https:\/\/www.sites.fr\/en\/#organization\",\"name\":\"SITES\",\"url\":\"https:\/\/www.sites.fr\/en\/\",\"logo\":{\"@type\":\"ImageObject\",\"inLanguage\":\"es\",\"@id\":\"https:\/\/www.sites.fr\/en\/#\/schema\/logo\/image\/\",\"url\":\"https:\/\/www.sites.fr\/wp-content\/uploads\/2024\/02\/Logo-SITES-OK.png\",\"contentUrl\":\"https:\/\/www.sites.fr\/wp-content\/uploads\/2024\/02\/Logo-SITES-OK.png\",\"width\":2480,\"height\":1748,\"caption\":\"SITES\"},\"image\":{\"@id\":\"https:\/\/www.sites.fr\/en\/#\/schema\/logo\/image\/\"},\"sameAs\":[\"https:\/\/www.linkedin.com\/company\/sites-sas-france\/\"]}]}<\/script>\n<!-- \/ Yoast SEO plugin. -->","yoast_head_json":{"title":"VibraTec - SITES","robots":{"index":"index","follow":"follow","max-snippet":"max-snippet:-1","max-image-preview":"max-image-preview:large","max-video-preview":"max-video-preview:-1"},"canonical":"https:\/\/www.sites.fr\/qui-sommes-nous\/nos-filiales\/vibratec\/","og_locale":"es_ES","og_type":"article","og_title":"VibraTec - SITES","og_description":"[vc_row][vc_column width=\u00bb1\/2&#8243;][vc_single_image image=\u00bb7600&#8243; img_size=\u00bbmedium\u00bb alignment=\u00bbcenter\u00bb onclick=\u00bbcustom_link\u00bb img_link_target=\u00bb_blank\u00bb link=\u00bbhttps:\/\/vibratec.fr\/\u00bb][\/vc_column][vc_column width=\u00bb1\/2&#8243;][vc_column_text] Una empresa experta en fen\u00f3menos mec\u00e1nicos, ac\u00fasticos y vibratorios complejos [\/vc_column_text][\/vc_column][\/vc_row][vc_row][vc_column width=\u00bb1\/2&#8243;][vc_empty_space height=\u00bb70px\u00bb][vc_column_text]PYME francesa de renombre internacional, VibraTec Group dise\u00f1a soluciones pragm\u00e1ticas e innovadoras para que los productos, infraestructuras y equipos sean m\u00e1s fiables, duraderos y silenciosos. &nbsp; &nbsp; A trav\u00e9s del modelado y la experimentaci\u00f3n,...","og_url":"https:\/\/www.sites.fr\/qui-sommes-nous\/nos-filiales\/vibratec\/","og_site_name":"SITES","article_modified_time":"2025-01-13T13:45:58+00:00","twitter_card":"summary_large_image","twitter_misc":{"Tiempo de lectura":"2 minutos"},"schema":{"@context":"https:\/\/schema.org","@graph":[{"@type":"WebPage","@id":"https:\/\/www.sites.fr\/qui-sommes-nous\/nos-filiales\/vibratec\/","url":"https:\/\/www.sites.fr\/qui-sommes-nous\/nos-filiales\/vibratec\/","name":"VibraTec - SITES","isPartOf":{"@id":"https:\/\/www.sites.fr\/en\/#website"},"primaryImageOfPage":{"@id":"https:\/\/www.sites.fr\/qui-sommes-nous\/nos-filiales\/vibratec\/#primaryimage"},"image":{"@id":"https:\/\/www.sites.fr\/qui-sommes-nous\/nos-filiales\/vibratec\/#primaryimage"},"thumbnailUrl":"https:\/\/www.sites.fr\/wp-content\/uploads\/2025\/02\/unnamed.jpg","datePublished":"2025-01-10T15:45:51+00:00","dateModified":"2025-01-13T13:45:58+00:00","breadcrumb":{"@id":"https:\/\/www.sites.fr\/qui-sommes-nous\/nos-filiales\/vibratec\/#breadcrumb"},"inLanguage":"es","potentialAction":[{"@type":"ReadAction","target":["https:\/\/www.sites.fr\/qui-sommes-nous\/nos-filiales\/vibratec\/"]}]},{"@type":"ImageObject","inLanguage":"es","@id":"https:\/\/www.sites.fr\/qui-sommes-nous\/nos-filiales\/vibratec\/#primaryimage","url":"https:\/\/www.sites.fr\/wp-content\/uploads\/2025\/02\/unnamed.jpg","contentUrl":"https:\/\/www.sites.fr\/wp-content\/uploads\/2025\/02\/unnamed.jpg","width":900,"height":900,"caption":"Vibratec logo"},{"@type":"BreadcrumbList","@id":"https:\/\/www.sites.fr\/qui-sommes-nous\/nos-filiales\/vibratec\/#breadcrumb","itemListElement":[{"@type":"ListItem","position":1,"name":"Accueil","item":"https:\/\/www.sites.fr\/es\/ingenieria-vigilancia-preventiva-monitoreo-inspeccion-instrumentacion\/"},{"@type":"ListItem","position":2,"name":"\u00bfQui\u00e9n somos?","item":"https:\/\/www.sites.fr\/qui-sommes-nous\/"},{"@type":"ListItem","position":3,"name":"Nuestras filiales","item":"https:\/\/www.sites.fr\/qui-sommes-nous\/nos-filiales\/"},{"@type":"ListItem","position":4,"name":"VibraTec"}]},{"@type":"WebSite","@id":"https:\/\/www.sites.fr\/en\/#website","url":"https:\/\/www.sites.fr\/en\/","name":"SITES","description":"Ing\u00e9nierie, surveillance pr\u00e9ventive des structures","publisher":{"@id":"https:\/\/www.sites.fr\/en\/#organization"},"potentialAction":[{"@type":"SearchAction","target":{"@type":"EntryPoint","urlTemplate":"https:\/\/www.sites.fr\/en\/?s={search_term_string}"},"query-input":{"@type":"PropertyValueSpecification","valueRequired":true,"valueName":"search_term_string"}}],"inLanguage":"es"},{"@type":"Organization","@id":"https:\/\/www.sites.fr\/en\/#organization","name":"SITES","url":"https:\/\/www.sites.fr\/en\/","logo":{"@type":"ImageObject","inLanguage":"es","@id":"https:\/\/www.sites.fr\/en\/#\/schema\/logo\/image\/","url":"https:\/\/www.sites.fr\/wp-content\/uploads\/2024\/02\/Logo-SITES-OK.png","contentUrl":"https:\/\/www.sites.fr\/wp-content\/uploads\/2024\/02\/Logo-SITES-OK.png","width":2480,"height":1748,"caption":"SITES"},"image":{"@id":"https:\/\/www.sites.fr\/en\/#\/schema\/logo\/image\/"},"sameAs":["https:\/\/www.linkedin.com\/company\/sites-sas-france\/"]}]}},"_links":{"self":[{"href":"https:\/\/www.sites.fr\/es\/wp-json\/wp\/v2\/pages\/7541","targetHints":{"allow":["GET"]}}],"collection":[{"href":"https:\/\/www.sites.fr\/es\/wp-json\/wp\/v2\/pages"}],"about":[{"href":"https:\/\/www.sites.fr\/es\/wp-json\/wp\/v2\/types\/page"}],"author":[{"embeddable":true,"href":"https:\/\/www.sites.fr\/es\/wp-json\/wp\/v2\/users\/19"}],"replies":[{"embeddable":true,"href":"https:\/\/www.sites.fr\/es\/wp-json\/wp\/v2\/comments?post=7541"}],"version-history":[{"count":8,"href":"https:\/\/www.sites.fr\/es\/wp-json\/wp\/v2\/pages\/7541\/revisions"}],"predecessor-version":[{"id":7609,"href":"https:\/\/www.sites.fr\/es\/wp-json\/wp\/v2\/pages\/7541\/revisions\/7609"}],"up":[{"embeddable":true,"href":"https:\/\/www.sites.fr\/es\/wp-json\/wp\/v2\/pages\/7606"}],"wp:featuredmedia":[{"embeddable":true,"href":"https:\/\/www.sites.fr\/es\/wp-json\/wp\/v2\/media\/7864"}],"wp:attachment":[{"href":"https:\/\/www.sites.fr\/es\/wp-json\/wp\/v2\/media?parent=7541"}],"wp:term":[{"taxonomy":"category","embeddable":true,"href":"https:\/\/www.sites.fr\/es\/wp-json\/wp\/v2\/categories?post=7541"}],"curies":[{"name":"wp","href":"https:\/\/api.w.org\/{rel}","templated":true}]}}