{"id":7518,"date":"2025-01-10T16:40:01","date_gmt":"2025-01-10T15:40:01","guid":{"rendered":"https:\/\/www.sites.fr\/cornis\/"},"modified":"2025-01-13T14:45:58","modified_gmt":"2025-01-13T13:45:58","slug":"cornis","status":"publish","type":"page","link":"https:\/\/www.sites.fr\/es\/quien-somos\/nuestras-filiales\/cornis\/","title":{"rendered":"Cornis"},"content":{"rendered":"<div class=\"wpb-content-wrapper\">[vc_row][vc_column width=\u00bb1\/2&#8243;][vc_single_image image=\u00bb7508&#8243; img_size=\u00bblarge\u00bb onclick=\u00bbcustom_link\u00bb img_link_target=\u00bb_blank\u00bb link=\u00bbhttp:\/\/home.cornis.fr\/\u00bb][\/vc_column][vc_column width=\u00bb1\/2&#8243;][vc_column_text]\n<h2 style=\"text-align: left\">Empresa tecnol\u00f3gica francesa, l\u00edder mundial en inspecci\u00f3n de aerogeneradores mediante im\u00e1genes e inteligencia artificial<\/h2>\n[\/vc_column_text][\/vc_column][\/vc_row][vc_row full_width=\u00bbstretch_row\u00bb content_placement=\u00bbmiddle\u00bb][vc_column width=\u00bb1\/2&#8243;][vc_column_text]Cornis es un proveedor l\u00edder de tecnolog\u00edas para la inspecci\u00f3n, el funcionamiento y el mantenimiento de palas, m\u00e1stiles y cimientos de aerogeneradores.<\/p>\n<p>&nbsp;<\/p>\n<p>&nbsp;<\/p>\n<p>&nbsp;<\/p>\n<p>Mediante herramientas de Inteligencia Artificial (IA) y soluciones de inspecci\u00f3n automatizadas, como c\u00e1maras de muy alta resoluci\u00f3n y drones, la empresa presta apoyo a fabricantes de aerogeneradores, operadores y proveedores de servicios (VESTAS, EDF, GE, RWE, Engie, \u00d8rsted, etc.) siempre que necesitan una soluci\u00f3n estandarizada para supervisar sus activos.<\/p>\n<p>&nbsp;<\/p>\n<p>&nbsp;<\/p>\n<p>&nbsp;<\/p>\n<p>La fusi\u00f3n entre SITES y Cornis se basa en un enfoque com\u00fan que combina un conocimiento detallado de las estructuras y su din\u00e1mica de envejecimiento, una s\u00f3lida experiencia en inspecci\u00f3n y el uso de las mejores tecnolog\u00edas disponibles vinculadas a la imagen, el procesamiento de se\u00f1ales, la ciencia de datos y la Inteligencia Artificial.[\/vc_column_text][\/vc_column][vc_column width=\u00bb1\/2&#8243;][vc_single_image image=\u00bb7507&#8243; img_size=\u00bblarge\u00bb alignment=\u00bbright\u00bb][\/vc_column][vc_column][vc_empty_space height=\u00bb50px\u00bb][\/vc_column][\/vc_row][vc_row][vc_column][vc_column_text]\n<h1>Direcci\u00f3n:<\/h1>\n[\/vc_column_text][\/vc_column][vc_column][vc_empty_space height=\u00bb50px\u00bb][\/vc_column][\/vc_row][vc_row][vc_column width=\u00bb1\/4&#8243;][\/vc_column][vc_column width=\u00bb1\/4&#8243;][vc_single_image image=\u00bb6993&#8243; alignment=\u00bbcenter\u00bb style=\u00bbvc_box_rounded\u00bb][vc_column_text]\n<h6 style=\"text-align: center\">Thibault GOUACHE<\/h6>\n[\/vc_column_text][vc_separator border_width=\u00bb2&#8243; el_width=\u00bb20&#8243;][vc_empty_space height=\u00bb10px\u00bb][vc_column_text]\n<p style=\"text-align: center\">Cofundador<\/p>\n[\/vc_column_text][vc_icon type=\u00bbentypo\u00bb icon_entypo=\u00bbentypo-icon entypo-icon-linkedin-circled\u00bb color=\u00bbcustom\u00bb background_style=\u00bbrounded\u00bb background_color=\u00bbwhite\u00bb align=\u00bbcenter\u00bb link=\u00bburl:https%3A%2F%2Fwww.linkedin.com%2Fin%2Fthibault-gouache-7b402043%2F|title:Thibault%20GOUACHE|target:%20_blank|\u00bb custom_color=\u00bb#00457e\u00bb][\/vc_column][vc_column width=\u00bb1\/4&#8243;][vc_single_image image=\u00bb7509&#8243; alignment=\u00bbcenter\u00bb style=\u00bbvc_box_rounded\u00bb][vc_column_text]\n<h6 style=\"text-align: center\">Baptiste COULANGE<\/h6>\n[\/vc_column_text][vc_separator border_width=\u00bb2&#8243; el_width=\u00bb20&#8243;][vc_empty_space height=\u00bb10px\u00bb][vc_column_text]\n<p style=\"text-align: center\">Cofundador<\/p>\n[\/vc_column_text][vc_icon type=\u00bbentypo\u00bb icon_entypo=\u00bbentypo-icon entypo-icon-linkedin-circled\u00bb color=\u00bbcustom\u00bb background_style=\u00bbrounded\u00bb background_color=\u00bbwhite\u00bb align=\u00bbcenter\u00bb custom_color=\u00bb#00457e\u00bb link=\u00bburl:https%3A%2F%2Fwww.linkedin.com%2Fin%2Fbaptiste-coulange%2F|title:Baptiste%20COULANGE|target:%20_blank|\u00bb][\/vc_column][vc_column width=\u00bb1\/4&#8243;][\/vc_column][\/vc_row][vc_row][vc_column width=\u00bb1\/3&#8243;][vc_empty_space][\/vc_column][vc_column width=\u00bb1\/3&#8243;][vc_single_image image=\u00bb7510&#8243; alignment=\u00bbcenter\u00bb style=\u00bbvc_box_rounded\u00bb][vc_column_text]\n<h6 style=\"text-align: center\">Alexandre DOSDA<\/h6>\n[\/vc_column_text][vc_separator border_width=\u00bb2&#8243; el_width=\u00bb20&#8243;][vc_empty_space height=\u00bb10px\u00bb][vc_column_text]\n<p style=\"text-align: center\">Director<\/p>\n[\/vc_column_text][vc_icon type=\u00bbentypo\u00bb icon_entypo=\u00bbentypo-icon entypo-icon-linkedin-circled\u00bb color=\u00bbcustom\u00bb background_style=\u00bbrounded\u00bb background_color=\u00bbwhite\u00bb align=\u00bbcenter\u00bb custom_color=\u00bb#00457e\u00bb link=\u00bburl:https%3A%2F%2Fwww.linkedin.com%2Fin%2Falexandre-dosda%2F|title:Alexandre%20DOSDA|target:%20_blank|\u00bb][\/vc_column][vc_column width=\u00bb1\/3&#8243;][vc_empty_space][\/vc_column][\/vc_row]\n<\/div>","protected":false},"excerpt":{"rendered":"<p>[vc_row][vc_column width=\u00bb1\/2&#8243;][vc_single_image image=\u00bb7508&#8243; img_size=\u00bblarge\u00bb onclick=\u00bbcustom_link\u00bb img_link_target=\u00bb_blank\u00bb link=\u00bbhttp:\/\/home.cornis.fr\/\u00bb][\/vc_column][vc_column width=\u00bb1\/2&#8243;][vc_column_text] Empresa tecnol\u00f3gica francesa, l\u00edder mundial en inspecci\u00f3n de aerogeneradores mediante im\u00e1genes e inteligencia artificial [\/vc_column_text][\/vc_column][\/vc_row][vc_row full_width=\u00bbstretch_row\u00bb content_placement=\u00bbmiddle\u00bb][vc_column width=\u00bb1\/2&#8243;][vc_column_text]Cornis es un proveedor l\u00edder de tecnolog\u00edas para la inspecci\u00f3n, el funcionamiento y el mantenimiento de palas, m\u00e1stiles y cimientos de aerogeneradores. &nbsp; &nbsp; &nbsp; Mediante herramientas de Inteligencia Artificial&#8230;<\/p>\n","protected":false},"author":19,"featured_media":7508,"parent":7606,"menu_order":0,"comment_status":"closed","ping_status":"closed","template":"","meta":{"_acf_changed":false,"_monsterinsights_skip_tracking":false,"_monsterinsights_sitenote_active":false,"_monsterinsights_sitenote_note":"","_monsterinsights_sitenote_category":0,"footnotes":""},"categories":[],"class_list":["post-7518","page","type-page","status-publish","has-post-thumbnail","hentry"],"acf":[],"yoast_head":"<!-- This site is optimized with the Yoast SEO plugin v26.8 - https:\/\/yoast.com\/product\/yoast-seo-wordpress\/ -->\n<title>Cornis - SITES<\/title>\n<meta name=\"robots\" content=\"index, follow, max-snippet:-1, max-image-preview:large, max-video-preview:-1\" \/>\n<link rel=\"canonical\" href=\"https:\/\/www.sites.fr\/qui-sommes-nous\/nos-filiales\/cornis\/\" \/>\n<meta property=\"og:locale\" content=\"es_ES\" \/>\n<meta property=\"og:type\" content=\"article\" \/>\n<meta property=\"og:title\" content=\"Cornis - SITES\" \/>\n<meta property=\"og:description\" content=\"[vc_row][vc_column width=\u00bb1\/2&#8243;][vc_single_image image=\u00bb7508&#8243; img_size=\u00bblarge\u00bb onclick=\u00bbcustom_link\u00bb img_link_target=\u00bb_blank\u00bb link=\u00bbhttp:\/\/home.cornis.fr\/\u00bb][\/vc_column][vc_column width=\u00bb1\/2&#8243;][vc_column_text] Empresa tecnol\u00f3gica francesa, l\u00edder mundial en inspecci\u00f3n de aerogeneradores mediante im\u00e1genes e inteligencia artificial [\/vc_column_text][\/vc_column][\/vc_row][vc_row full_width=\u00bbstretch_row\u00bb content_placement=\u00bbmiddle\u00bb][vc_column width=\u00bb1\/2&#8243;][vc_column_text]Cornis es un proveedor l\u00edder de tecnolog\u00edas para la inspecci\u00f3n, el funcionamiento y el mantenimiento de palas, m\u00e1stiles y cimientos de aerogeneradores. &nbsp; &nbsp; &nbsp; Mediante herramientas de Inteligencia Artificial...\" \/>\n<meta property=\"og:url\" content=\"https:\/\/www.sites.fr\/qui-sommes-nous\/nos-filiales\/cornis\/\" \/>\n<meta property=\"og:site_name\" content=\"SITES\" \/>\n<meta property=\"article:modified_time\" content=\"2025-01-13T13:45:58+00:00\" \/>\n<meta name=\"twitter:card\" content=\"summary_large_image\" \/>\n<meta name=\"twitter:label1\" content=\"Tiempo de lectura\" \/>\n\t<meta name=\"twitter:data1\" content=\"3 minutos\" \/>\n<script type=\"application\/ld+json\" class=\"yoast-schema-graph\">{\"@context\":\"https:\/\/schema.org\",\"@graph\":[{\"@type\":\"WebPage\",\"@id\":\"https:\/\/www.sites.fr\/qui-sommes-nous\/nos-filiales\/cornis\/\",\"url\":\"https:\/\/www.sites.fr\/qui-sommes-nous\/nos-filiales\/cornis\/\",\"name\":\"Cornis - SITES\",\"isPartOf\":{\"@id\":\"https:\/\/www.sites.fr\/en\/#website\"},\"primaryImageOfPage\":{\"@id\":\"https:\/\/www.sites.fr\/qui-sommes-nous\/nos-filiales\/cornis\/#primaryimage\"},\"image\":{\"@id\":\"https:\/\/www.sites.fr\/qui-sommes-nous\/nos-filiales\/cornis\/#primaryimage\"},\"thumbnailUrl\":\"https:\/\/www.sites.fr\/wp-content\/uploads\/2023\/05\/Logo_Cornis_FR-1536x522-1.png\",\"datePublished\":\"2025-01-10T15:40:01+00:00\",\"dateModified\":\"2025-01-13T13:45:58+00:00\",\"breadcrumb\":{\"@id\":\"https:\/\/www.sites.fr\/qui-sommes-nous\/nos-filiales\/cornis\/#breadcrumb\"},\"inLanguage\":\"es\",\"potentialAction\":[{\"@type\":\"ReadAction\",\"target\":[\"https:\/\/www.sites.fr\/qui-sommes-nous\/nos-filiales\/cornis\/\"]}]},{\"@type\":\"ImageObject\",\"inLanguage\":\"es\",\"@id\":\"https:\/\/www.sites.fr\/qui-sommes-nous\/nos-filiales\/cornis\/#primaryimage\",\"url\":\"https:\/\/www.sites.fr\/wp-content\/uploads\/2023\/05\/Logo_Cornis_FR-1536x522-1.png\",\"contentUrl\":\"https:\/\/www.sites.fr\/wp-content\/uploads\/2023\/05\/Logo_Cornis_FR-1536x522-1.png\",\"width\":355,\"height\":211,\"caption\":\"Logo Cornis\"},{\"@type\":\"BreadcrumbList\",\"@id\":\"https:\/\/www.sites.fr\/qui-sommes-nous\/nos-filiales\/cornis\/#breadcrumb\",\"itemListElement\":[{\"@type\":\"ListItem\",\"position\":1,\"name\":\"Accueil\",\"item\":\"https:\/\/www.sites.fr\/es\/ingenieria-vigilancia-preventiva-monitoreo-inspeccion-instrumentacion\/\"},{\"@type\":\"ListItem\",\"position\":2,\"name\":\"\u00bfQui\u00e9n somos?\",\"item\":\"https:\/\/www.sites.fr\/qui-sommes-nous\/\"},{\"@type\":\"ListItem\",\"position\":3,\"name\":\"Nuestras filiales\",\"item\":\"https:\/\/www.sites.fr\/qui-sommes-nous\/nos-filiales\/\"},{\"@type\":\"ListItem\",\"position\":4,\"name\":\"Cornis\"}]},{\"@type\":\"WebSite\",\"@id\":\"https:\/\/www.sites.fr\/en\/#website\",\"url\":\"https:\/\/www.sites.fr\/en\/\",\"name\":\"SITES\",\"description\":\"Ing\u00e9nierie, surveillance pr\u00e9ventive des structures\",\"publisher\":{\"@id\":\"https:\/\/www.sites.fr\/en\/#organization\"},\"potentialAction\":[{\"@type\":\"SearchAction\",\"target\":{\"@type\":\"EntryPoint\",\"urlTemplate\":\"https:\/\/www.sites.fr\/en\/?s={search_term_string}\"},\"query-input\":{\"@type\":\"PropertyValueSpecification\",\"valueRequired\":true,\"valueName\":\"search_term_string\"}}],\"inLanguage\":\"es\"},{\"@type\":\"Organization\",\"@id\":\"https:\/\/www.sites.fr\/en\/#organization\",\"name\":\"SITES\",\"url\":\"https:\/\/www.sites.fr\/en\/\",\"logo\":{\"@type\":\"ImageObject\",\"inLanguage\":\"es\",\"@id\":\"https:\/\/www.sites.fr\/en\/#\/schema\/logo\/image\/\",\"url\":\"https:\/\/www.sites.fr\/wp-content\/uploads\/2024\/02\/Logo-SITES-OK.png\",\"contentUrl\":\"https:\/\/www.sites.fr\/wp-content\/uploads\/2024\/02\/Logo-SITES-OK.png\",\"width\":2480,\"height\":1748,\"caption\":\"SITES\"},\"image\":{\"@id\":\"https:\/\/www.sites.fr\/en\/#\/schema\/logo\/image\/\"},\"sameAs\":[\"https:\/\/www.linkedin.com\/company\/sites-sas-france\/\"]}]}<\/script>\n<!-- \/ Yoast SEO plugin. -->","yoast_head_json":{"title":"Cornis - SITES","robots":{"index":"index","follow":"follow","max-snippet":"max-snippet:-1","max-image-preview":"max-image-preview:large","max-video-preview":"max-video-preview:-1"},"canonical":"https:\/\/www.sites.fr\/qui-sommes-nous\/nos-filiales\/cornis\/","og_locale":"es_ES","og_type":"article","og_title":"Cornis - SITES","og_description":"[vc_row][vc_column width=\u00bb1\/2&#8243;][vc_single_image image=\u00bb7508&#8243; img_size=\u00bblarge\u00bb onclick=\u00bbcustom_link\u00bb img_link_target=\u00bb_blank\u00bb link=\u00bbhttp:\/\/home.cornis.fr\/\u00bb][\/vc_column][vc_column width=\u00bb1\/2&#8243;][vc_column_text] Empresa tecnol\u00f3gica francesa, l\u00edder mundial en inspecci\u00f3n de aerogeneradores mediante im\u00e1genes e inteligencia artificial [\/vc_column_text][\/vc_column][\/vc_row][vc_row full_width=\u00bbstretch_row\u00bb content_placement=\u00bbmiddle\u00bb][vc_column width=\u00bb1\/2&#8243;][vc_column_text]Cornis es un proveedor l\u00edder de tecnolog\u00edas para la inspecci\u00f3n, el funcionamiento y el mantenimiento de palas, m\u00e1stiles y cimientos de aerogeneradores. &nbsp; &nbsp; &nbsp; Mediante herramientas de Inteligencia Artificial...","og_url":"https:\/\/www.sites.fr\/qui-sommes-nous\/nos-filiales\/cornis\/","og_site_name":"SITES","article_modified_time":"2025-01-13T13:45:58+00:00","twitter_card":"summary_large_image","twitter_misc":{"Tiempo de lectura":"3 minutos"},"schema":{"@context":"https:\/\/schema.org","@graph":[{"@type":"WebPage","@id":"https:\/\/www.sites.fr\/qui-sommes-nous\/nos-filiales\/cornis\/","url":"https:\/\/www.sites.fr\/qui-sommes-nous\/nos-filiales\/cornis\/","name":"Cornis - SITES","isPartOf":{"@id":"https:\/\/www.sites.fr\/en\/#website"},"primaryImageOfPage":{"@id":"https:\/\/www.sites.fr\/qui-sommes-nous\/nos-filiales\/cornis\/#primaryimage"},"image":{"@id":"https:\/\/www.sites.fr\/qui-sommes-nous\/nos-filiales\/cornis\/#primaryimage"},"thumbnailUrl":"https:\/\/www.sites.fr\/wp-content\/uploads\/2023\/05\/Logo_Cornis_FR-1536x522-1.png","datePublished":"2025-01-10T15:40:01+00:00","dateModified":"2025-01-13T13:45:58+00:00","breadcrumb":{"@id":"https:\/\/www.sites.fr\/qui-sommes-nous\/nos-filiales\/cornis\/#breadcrumb"},"inLanguage":"es","potentialAction":[{"@type":"ReadAction","target":["https:\/\/www.sites.fr\/qui-sommes-nous\/nos-filiales\/cornis\/"]}]},{"@type":"ImageObject","inLanguage":"es","@id":"https:\/\/www.sites.fr\/qui-sommes-nous\/nos-filiales\/cornis\/#primaryimage","url":"https:\/\/www.sites.fr\/wp-content\/uploads\/2023\/05\/Logo_Cornis_FR-1536x522-1.png","contentUrl":"https:\/\/www.sites.fr\/wp-content\/uploads\/2023\/05\/Logo_Cornis_FR-1536x522-1.png","width":355,"height":211,"caption":"Logo Cornis"},{"@type":"BreadcrumbList","@id":"https:\/\/www.sites.fr\/qui-sommes-nous\/nos-filiales\/cornis\/#breadcrumb","itemListElement":[{"@type":"ListItem","position":1,"name":"Accueil","item":"https:\/\/www.sites.fr\/es\/ingenieria-vigilancia-preventiva-monitoreo-inspeccion-instrumentacion\/"},{"@type":"ListItem","position":2,"name":"\u00bfQui\u00e9n somos?","item":"https:\/\/www.sites.fr\/qui-sommes-nous\/"},{"@type":"ListItem","position":3,"name":"Nuestras filiales","item":"https:\/\/www.sites.fr\/qui-sommes-nous\/nos-filiales\/"},{"@type":"ListItem","position":4,"name":"Cornis"}]},{"@type":"WebSite","@id":"https:\/\/www.sites.fr\/en\/#website","url":"https:\/\/www.sites.fr\/en\/","name":"SITES","description":"Ing\u00e9nierie, surveillance pr\u00e9ventive des structures","publisher":{"@id":"https:\/\/www.sites.fr\/en\/#organization"},"potentialAction":[{"@type":"SearchAction","target":{"@type":"EntryPoint","urlTemplate":"https:\/\/www.sites.fr\/en\/?s={search_term_string}"},"query-input":{"@type":"PropertyValueSpecification","valueRequired":true,"valueName":"search_term_string"}}],"inLanguage":"es"},{"@type":"Organization","@id":"https:\/\/www.sites.fr\/en\/#organization","name":"SITES","url":"https:\/\/www.sites.fr\/en\/","logo":{"@type":"ImageObject","inLanguage":"es","@id":"https:\/\/www.sites.fr\/en\/#\/schema\/logo\/image\/","url":"https:\/\/www.sites.fr\/wp-content\/uploads\/2024\/02\/Logo-SITES-OK.png","contentUrl":"https:\/\/www.sites.fr\/wp-content\/uploads\/2024\/02\/Logo-SITES-OK.png","width":2480,"height":1748,"caption":"SITES"},"image":{"@id":"https:\/\/www.sites.fr\/en\/#\/schema\/logo\/image\/"},"sameAs":["https:\/\/www.linkedin.com\/company\/sites-sas-france\/"]}]}},"_links":{"self":[{"href":"https:\/\/www.sites.fr\/es\/wp-json\/wp\/v2\/pages\/7518","targetHints":{"allow":["GET"]}}],"collection":[{"href":"https:\/\/www.sites.fr\/es\/wp-json\/wp\/v2\/pages"}],"about":[{"href":"https:\/\/www.sites.fr\/es\/wp-json\/wp\/v2\/types\/page"}],"author":[{"embeddable":true,"href":"https:\/\/www.sites.fr\/es\/wp-json\/wp\/v2\/users\/19"}],"replies":[{"embeddable":true,"href":"https:\/\/www.sites.fr\/es\/wp-json\/wp\/v2\/comments?post=7518"}],"version-history":[{"count":7,"href":"https:\/\/www.sites.fr\/es\/wp-json\/wp\/v2\/pages\/7518\/revisions"}],"predecessor-version":[{"id":7525,"href":"https:\/\/www.sites.fr\/es\/wp-json\/wp\/v2\/pages\/7518\/revisions\/7525"}],"up":[{"embeddable":true,"href":"https:\/\/www.sites.fr\/es\/wp-json\/wp\/v2\/pages\/7606"}],"wp:featuredmedia":[{"embeddable":true,"href":"https:\/\/www.sites.fr\/es\/wp-json\/wp\/v2\/media\/7508"}],"wp:attachment":[{"href":"https:\/\/www.sites.fr\/es\/wp-json\/wp\/v2\/media?parent=7518"}],"wp:term":[{"taxonomy":"category","embeddable":true,"href":"https:\/\/www.sites.fr\/es\/wp-json\/wp\/v2\/categories?post=7518"}],"curies":[{"name":"wp","href":"https:\/\/api.w.org\/{rel}","templated":true}]}}