{"id":7489,"date":"2025-01-10T16:12:10","date_gmt":"2025-01-10T15:12:10","guid":{"rendered":"https:\/\/www.sites.fr\/quien-somos\/nuestros-valores\/"},"modified":"2025-01-10T16:12:47","modified_gmt":"2025-01-10T15:12:47","slug":"nuestros-valores","status":"publish","type":"page","link":"https:\/\/www.sites.fr\/es\/quien-somos\/nuestros-valores\/","title":{"rendered":"Nuestros valores"},"content":{"rendered":"<div class=\"wpb-content-wrapper\">[vc_row][vc_column width=\u00bb1\/3&#8243;][\/vc_column][vc_column width=\u00bb1\/3&#8243;][vc_empty_space][vc_single_image image=\u00bb6268&#8243; alignment=\u00bbcenter\u00bb][vc_empty_space][vc_column_text]\n<h4 style=\"text-align: center\">Conf\u00ede en<\/h4>\n[\/vc_column_text][vc_empty_space][vc_column_text]Estamos comprometidos con la capacitaci\u00f3n de los hombres y mujeres que trabajan a nuestro lado. Nos basamos en la confianza para construir relaciones duraderas con nuestros clientes, socios y empleados, reforzar nuestro compromiso y mejorar nuestra capacidad para afrontar los retos m\u00e1s ambiciosos.[\/vc_column_text][vc_empty_space][\/vc_column][vc_column width=\u00bb1\/3&#8243;][\/vc_column][\/vc_row][vc_section][vc_row][vc_column width=\u00bb1\/3&#8243;][vc_empty_space][vc_single_image image=\u00bb6286&#8243; alignment=\u00bbcenter\u00bb][vc_empty_space][vc_column_text]\n<h4 style=\"text-align: center\">Respetar<\/h4>\n[\/vc_column_text][vc_empty_space][vc_column_text]El respeto es la piedra angular de nuestros valores. Tratamos a nuestros empleados, clientes y socios de forma justa, con dignidad y amabilidad. Fomentamos un entorno integrador en el que se valora la diversidad y todo el mundo tiene la oportunidad de prosperar.[\/vc_column_text][vc_empty_space][\/vc_column][vc_column width=\u00bb1\/3&#8243;][vc_empty_space][vc_empty_space][vc_empty_space][vc_empty_space][vc_empty_space][vc_empty_space][vc_empty_space][vc_empty_space][vc_single_image image=\u00bb6316&#8243; img_size=\u00bbmedium\u00bb alignment=\u00bbcenter\u00bb][\/vc_column][vc_column width=\u00bb1\/3&#8243;][vc_empty_space][vc_single_image image=\u00bb6274&#8243; alignment=\u00bbcenter\u00bb][vc_empty_space][vc_column_text]\n<h4 style=\"text-align: center\">Di\u00e1logo<\/h4>\n[\/vc_column_text][vc_empty_space][vc_column_text]Fomentamos el di\u00e1logo, creando un entorno propicio al intercambio de ideas, la puesta en com\u00fan de conocimientos y la aparici\u00f3n de soluciones.[\/vc_column_text][vc_empty_space][\/vc_column][\/vc_row][\/vc_section][vc_section][vc_row][vc_column width=\u00bb1\/3&#8243;][vc_empty_space][vc_single_image image=\u00bb6298&#8243; alignment=\u00bbcenter\u00bb][vc_empty_space][vc_column_text]\n<h4 style=\"text-align: center\">Trabajo en equipo<\/h4>\n[\/vc_column_text][vc_empty_space][vc_column_text]El trabajo en equipo es la clave del \u00e9xito del Grupo SITES. Cada d\u00eda, combinamos nuestras habilidades, creatividad y pasi\u00f3n para trabajar en estrecha colaboraci\u00f3n, resolver problemas complejos y dar forma a un futuro construido sobre bases s\u00f3lidas.[\/vc_column_text][vc_empty_space][\/vc_column][vc_column width=\u00bb1\/3&#8243;][vc_empty_space][vc_empty_space][\/vc_column][vc_column width=\u00bb1\/3&#8243;][vc_empty_space][vc_single_image image=\u00bb6280&#8243; alignment=\u00bbcenter\u00bb][vc_empty_space][vc_column_text]\n<h4 style=\"text-align: center\">Conf\u00ede en<\/h4>\n[\/vc_column_text][vc_empty_space][vc_column_text]Nos aseguramos constantemente de que nuestras decisiones y acciones se gu\u00eden por principios morales s\u00f3lidos, garantizando la seguridad, sostenibilidad y calidad de nuestros proyectos. La integridad, la transparencia y el respeto est\u00e1n en el centro de nuestras actividades. Adoptamos pr\u00e1cticas sostenibles, promovemos la responsabilidad social y garantizamos que nuestros servicios sean seguros, fiables y cumplan las normas de calidad.[\/vc_column_text][vc_empty_space][\/vc_column][\/vc_row][\/vc_section][vc_row][vc_column width=\u00bb1\/3&#8243;][\/vc_column][vc_column width=\u00bb1\/3&#8243;][vc_single_image image=\u00bb6292&#8243; alignment=\u00bbcenter\u00bb][vc_empty_space][vc_column_text]\n<h4 style=\"text-align: center\">Conf\u00ede en<\/h4>\n[\/vc_column_text][vc_empty_space][vc_column_text]En SITES, la transparencia es garant\u00eda de confianza. Actuamos con honestidad, asegur\u00e1ndonos de que toda la informaci\u00f3n se comunica de forma clara y veraz.[\/vc_column_text][vc_empty_space][\/vc_column][vc_column width=\u00bb1\/3&#8243;][\/vc_column][\/vc_row]\n<\/div>","protected":false},"excerpt":{"rendered":"<p>[vc_row][vc_column width=\u00bb1\/3&#8243;][\/vc_column][vc_column width=\u00bb1\/3&#8243;][vc_empty_space][vc_single_image image=\u00bb6268&#8243; alignment=\u00bbcenter\u00bb][vc_empty_space][vc_column_text] Conf\u00ede en [\/vc_column_text][vc_empty_space][vc_column_text]Estamos comprometidos con la capacitaci\u00f3n de los hombres y mujeres que trabajan a nuestro lado. Nos basamos en la confianza para construir relaciones duraderas con nuestros clientes, socios y empleados, reforzar nuestro compromiso y mejorar nuestra capacidad para afrontar los retos m\u00e1s ambiciosos.[\/vc_column_text][vc_empty_space][\/vc_column][vc_column width=\u00bb1\/3&#8243;][\/vc_column][\/vc_row][vc_section][vc_row][vc_column width=\u00bb1\/3&#8243;][vc_empty_space][vc_single_image image=\u00bb6286&#8243; alignment=\u00bbcenter\u00bb][vc_empty_space][vc_column_text] Respetar&#8230;<\/p>\n","protected":false},"author":19,"featured_media":0,"parent":7322,"menu_order":0,"comment_status":"closed","ping_status":"closed","template":"","meta":{"_acf_changed":false,"_monsterinsights_skip_tracking":false,"_monsterinsights_sitenote_active":false,"_monsterinsights_sitenote_note":"","_monsterinsights_sitenote_category":0,"footnotes":""},"categories":[],"class_list":["post-7489","page","type-page","status-publish","hentry"],"acf":[],"yoast_head":"<!-- This site is optimized with the Yoast SEO plugin v26.8 - https:\/\/yoast.com\/product\/yoast-seo-wordpress\/ -->\n<title>Nuestros valores - Qui\u00e9nes somos - SITES<\/title>\n<meta name=\"robots\" content=\"index, follow, max-snippet:-1, max-image-preview:large, max-video-preview:-1\" \/>\n<link rel=\"canonical\" href=\"https:\/\/www.sites.fr\/qui-sommes-nous\/nos-valeurs-2\/\" \/>\n<meta property=\"og:locale\" content=\"es_ES\" \/>\n<meta property=\"og:type\" content=\"article\" \/>\n<meta property=\"og:title\" content=\"Nuestros valores - Qui\u00e9nes somos - SITES\" \/>\n<meta property=\"og:description\" content=\"[vc_row][vc_column width=\u00bb1\/3&#8243;][\/vc_column][vc_column width=\u00bb1\/3&#8243;][vc_empty_space][vc_single_image image=\u00bb6268&#8243; alignment=\u00bbcenter\u00bb][vc_empty_space][vc_column_text] Conf\u00ede en [\/vc_column_text][vc_empty_space][vc_column_text]Estamos comprometidos con la capacitaci\u00f3n de los hombres y mujeres que trabajan a nuestro lado. Nos basamos en la confianza para construir relaciones duraderas con nuestros clientes, socios y empleados, reforzar nuestro compromiso y mejorar nuestra capacidad para afrontar los retos m\u00e1s ambiciosos.[\/vc_column_text][vc_empty_space][\/vc_column][vc_column width=\u00bb1\/3&#8243;][\/vc_column][\/vc_row][vc_section][vc_row][vc_column width=\u00bb1\/3&#8243;][vc_empty_space][vc_single_image image=\u00bb6286&#8243; alignment=\u00bbcenter\u00bb][vc_empty_space][vc_column_text] Respetar...\" \/>\n<meta property=\"og:url\" content=\"https:\/\/www.sites.fr\/qui-sommes-nous\/nos-valeurs-2\/\" \/>\n<meta property=\"og:site_name\" content=\"SITES\" \/>\n<meta property=\"article:modified_time\" content=\"2025-01-10T15:12:47+00:00\" \/>\n<meta name=\"twitter:card\" content=\"summary_large_image\" \/>\n<meta name=\"twitter:label1\" content=\"Tiempo de lectura\" \/>\n\t<meta name=\"twitter:data1\" content=\"3 minutos\" \/>\n<script type=\"application\/ld+json\" class=\"yoast-schema-graph\">{\"@context\":\"https:\/\/schema.org\",\"@graph\":[{\"@type\":\"WebPage\",\"@id\":\"https:\/\/www.sites.fr\/qui-sommes-nous\/nos-valeurs-2\/\",\"url\":\"https:\/\/www.sites.fr\/qui-sommes-nous\/nos-valeurs-2\/\",\"name\":\"Nuestros valores - Qui\u00e9nes somos - SITES\",\"isPartOf\":{\"@id\":\"https:\/\/www.sites.fr\/en\/#website\"},\"datePublished\":\"2025-01-10T15:12:10+00:00\",\"dateModified\":\"2025-01-10T15:12:47+00:00\",\"breadcrumb\":{\"@id\":\"https:\/\/www.sites.fr\/qui-sommes-nous\/nos-valeurs-2\/#breadcrumb\"},\"inLanguage\":\"es\",\"potentialAction\":[{\"@type\":\"ReadAction\",\"target\":[\"https:\/\/www.sites.fr\/qui-sommes-nous\/nos-valeurs-2\/\"]}]},{\"@type\":\"BreadcrumbList\",\"@id\":\"https:\/\/www.sites.fr\/qui-sommes-nous\/nos-valeurs-2\/#breadcrumb\",\"itemListElement\":[{\"@type\":\"ListItem\",\"position\":1,\"name\":\"Accueil\",\"item\":\"https:\/\/www.sites.fr\/es\/ingenieria-vigilancia-preventiva-monitoreo-inspeccion-instrumentacion\/\"},{\"@type\":\"ListItem\",\"position\":2,\"name\":\"\u00bfQui\u00e9n somos?\",\"item\":\"https:\/\/www.sites.fr\/qui-sommes-nous\/\"},{\"@type\":\"ListItem\",\"position\":3,\"name\":\"Nuestros valores\"}]},{\"@type\":\"WebSite\",\"@id\":\"https:\/\/www.sites.fr\/en\/#website\",\"url\":\"https:\/\/www.sites.fr\/en\/\",\"name\":\"SITES\",\"description\":\"Ing\u00e9nierie, surveillance pr\u00e9ventive des structures\",\"publisher\":{\"@id\":\"https:\/\/www.sites.fr\/en\/#organization\"},\"potentialAction\":[{\"@type\":\"SearchAction\",\"target\":{\"@type\":\"EntryPoint\",\"urlTemplate\":\"https:\/\/www.sites.fr\/en\/?s={search_term_string}\"},\"query-input\":{\"@type\":\"PropertyValueSpecification\",\"valueRequired\":true,\"valueName\":\"search_term_string\"}}],\"inLanguage\":\"es\"},{\"@type\":\"Organization\",\"@id\":\"https:\/\/www.sites.fr\/en\/#organization\",\"name\":\"SITES\",\"url\":\"https:\/\/www.sites.fr\/en\/\",\"logo\":{\"@type\":\"ImageObject\",\"inLanguage\":\"es\",\"@id\":\"https:\/\/www.sites.fr\/en\/#\/schema\/logo\/image\/\",\"url\":\"https:\/\/www.sites.fr\/wp-content\/uploads\/2024\/02\/Logo-SITES-OK.png\",\"contentUrl\":\"https:\/\/www.sites.fr\/wp-content\/uploads\/2024\/02\/Logo-SITES-OK.png\",\"width\":2480,\"height\":1748,\"caption\":\"SITES\"},\"image\":{\"@id\":\"https:\/\/www.sites.fr\/en\/#\/schema\/logo\/image\/\"},\"sameAs\":[\"https:\/\/www.linkedin.com\/company\/sites-sas-france\/\"]}]}<\/script>\n<!-- \/ Yoast SEO plugin. -->","yoast_head_json":{"title":"Nuestros valores - Qui\u00e9nes somos - SITES","robots":{"index":"index","follow":"follow","max-snippet":"max-snippet:-1","max-image-preview":"max-image-preview:large","max-video-preview":"max-video-preview:-1"},"canonical":"https:\/\/www.sites.fr\/qui-sommes-nous\/nos-valeurs-2\/","og_locale":"es_ES","og_type":"article","og_title":"Nuestros valores - Qui\u00e9nes somos - SITES","og_description":"[vc_row][vc_column width=\u00bb1\/3&#8243;][\/vc_column][vc_column width=\u00bb1\/3&#8243;][vc_empty_space][vc_single_image image=\u00bb6268&#8243; alignment=\u00bbcenter\u00bb][vc_empty_space][vc_column_text] Conf\u00ede en [\/vc_column_text][vc_empty_space][vc_column_text]Estamos comprometidos con la capacitaci\u00f3n de los hombres y mujeres que trabajan a nuestro lado. Nos basamos en la confianza para construir relaciones duraderas con nuestros clientes, socios y empleados, reforzar nuestro compromiso y mejorar nuestra capacidad para afrontar los retos m\u00e1s ambiciosos.[\/vc_column_text][vc_empty_space][\/vc_column][vc_column width=\u00bb1\/3&#8243;][\/vc_column][\/vc_row][vc_section][vc_row][vc_column width=\u00bb1\/3&#8243;][vc_empty_space][vc_single_image image=\u00bb6286&#8243; alignment=\u00bbcenter\u00bb][vc_empty_space][vc_column_text] Respetar...","og_url":"https:\/\/www.sites.fr\/qui-sommes-nous\/nos-valeurs-2\/","og_site_name":"SITES","article_modified_time":"2025-01-10T15:12:47+00:00","twitter_card":"summary_large_image","twitter_misc":{"Tiempo de lectura":"3 minutos"},"schema":{"@context":"https:\/\/schema.org","@graph":[{"@type":"WebPage","@id":"https:\/\/www.sites.fr\/qui-sommes-nous\/nos-valeurs-2\/","url":"https:\/\/www.sites.fr\/qui-sommes-nous\/nos-valeurs-2\/","name":"Nuestros valores - Qui\u00e9nes somos - SITES","isPartOf":{"@id":"https:\/\/www.sites.fr\/en\/#website"},"datePublished":"2025-01-10T15:12:10+00:00","dateModified":"2025-01-10T15:12:47+00:00","breadcrumb":{"@id":"https:\/\/www.sites.fr\/qui-sommes-nous\/nos-valeurs-2\/#breadcrumb"},"inLanguage":"es","potentialAction":[{"@type":"ReadAction","target":["https:\/\/www.sites.fr\/qui-sommes-nous\/nos-valeurs-2\/"]}]},{"@type":"BreadcrumbList","@id":"https:\/\/www.sites.fr\/qui-sommes-nous\/nos-valeurs-2\/#breadcrumb","itemListElement":[{"@type":"ListItem","position":1,"name":"Accueil","item":"https:\/\/www.sites.fr\/es\/ingenieria-vigilancia-preventiva-monitoreo-inspeccion-instrumentacion\/"},{"@type":"ListItem","position":2,"name":"\u00bfQui\u00e9n somos?","item":"https:\/\/www.sites.fr\/qui-sommes-nous\/"},{"@type":"ListItem","position":3,"name":"Nuestros valores"}]},{"@type":"WebSite","@id":"https:\/\/www.sites.fr\/en\/#website","url":"https:\/\/www.sites.fr\/en\/","name":"SITES","description":"Ing\u00e9nierie, surveillance pr\u00e9ventive des structures","publisher":{"@id":"https:\/\/www.sites.fr\/en\/#organization"},"potentialAction":[{"@type":"SearchAction","target":{"@type":"EntryPoint","urlTemplate":"https:\/\/www.sites.fr\/en\/?s={search_term_string}"},"query-input":{"@type":"PropertyValueSpecification","valueRequired":true,"valueName":"search_term_string"}}],"inLanguage":"es"},{"@type":"Organization","@id":"https:\/\/www.sites.fr\/en\/#organization","name":"SITES","url":"https:\/\/www.sites.fr\/en\/","logo":{"@type":"ImageObject","inLanguage":"es","@id":"https:\/\/www.sites.fr\/en\/#\/schema\/logo\/image\/","url":"https:\/\/www.sites.fr\/wp-content\/uploads\/2024\/02\/Logo-SITES-OK.png","contentUrl":"https:\/\/www.sites.fr\/wp-content\/uploads\/2024\/02\/Logo-SITES-OK.png","width":2480,"height":1748,"caption":"SITES"},"image":{"@id":"https:\/\/www.sites.fr\/en\/#\/schema\/logo\/image\/"},"sameAs":["https:\/\/www.linkedin.com\/company\/sites-sas-france\/"]}]}},"_links":{"self":[{"href":"https:\/\/www.sites.fr\/es\/wp-json\/wp\/v2\/pages\/7489","targetHints":{"allow":["GET"]}}],"collection":[{"href":"https:\/\/www.sites.fr\/es\/wp-json\/wp\/v2\/pages"}],"about":[{"href":"https:\/\/www.sites.fr\/es\/wp-json\/wp\/v2\/types\/page"}],"author":[{"embeddable":true,"href":"https:\/\/www.sites.fr\/es\/wp-json\/wp\/v2\/users\/19"}],"replies":[{"embeddable":true,"href":"https:\/\/www.sites.fr\/es\/wp-json\/wp\/v2\/comments?post=7489"}],"version-history":[{"count":7,"href":"https:\/\/www.sites.fr\/es\/wp-json\/wp\/v2\/pages\/7489\/revisions"}],"predecessor-version":[{"id":7496,"href":"https:\/\/www.sites.fr\/es\/wp-json\/wp\/v2\/pages\/7489\/revisions\/7496"}],"up":[{"embeddable":true,"href":"https:\/\/www.sites.fr\/es\/wp-json\/wp\/v2\/pages\/7322"}],"wp:attachment":[{"href":"https:\/\/www.sites.fr\/es\/wp-json\/wp\/v2\/media?parent=7489"}],"wp:term":[{"taxonomy":"category","embeddable":true,"href":"https:\/\/www.sites.fr\/es\/wp-json\/wp\/v2\/categories?post=7489"}],"curies":[{"name":"wp","href":"https:\/\/api.w.org\/{rel}","templated":true}]}}