{"id":7410,"date":"2025-01-10T14:48:03","date_gmt":"2025-01-10T13:48:03","guid":{"rendered":"https:\/\/www.sites.fr\/nuestros-oficios\/"},"modified":"2025-01-10T14:54:05","modified_gmt":"2025-01-10T13:54:05","slug":"nuestros-oficios","status":"publish","type":"page","link":"https:\/\/www.sites.fr\/es\/nuestros-oficios\/","title":{"rendered":"Nuestros oficios"},"content":{"rendered":"<div class=\"wpb-content-wrapper\">[vc_row][vc_column width=\u00bb2\/3&#8243;][vc_column_text css=\u00bb.vc_custom_1565179484737{margin-bottom: 10px !important;}\u00bb]\n<h3>Ingenier\u00eda de sostenibilidad<\/h3>\n<p>Para responder a los complejos y m\u00faltiples problemas de nuestros clientes a lo largo de la vida de las obras, SITES dispone de un amplio abanico de competencias:<br \/>\n[\/vc_column_text][vc_single_image image=\u00bb7438&#8243; img_size=\u00bb940&#215;450&#8243; alignment=\u00bbcenter\u00bb css_animation=\u00bbfadeInLeft\u00bb css=\u00bb.vc_custom_1618409980522{margin-top: 20px !important;margin-bottom: 20px !important;}\u00bb][\/vc_column][vc_column width=\u00bb1\/3&#8243;][vc_tta_accordion style=\u00bbflat\u00bb shape=\u00bbsquare\u00bb spacing=\u00bb3&#8243; gap=\u00bb3&#8243; c_icon=\u00bbchevron\u00bb active_section=\u00bb1&#8243; css_animation=\u00bbfadeInRight\u00bb][vc_tta_section title=\u00bbIngenier\u00eda y estudios de sostenibilidad\u00bb tab_id=\u00bb1565179931974-6d6775a1-4e1b\u00bb][vc_column_text]C\u00e1lculos estructurales, BIM, Recomendaciones, An\u00e1lisis de riesgos estructurales, Estudios de vulnerabilidad, Planes de mantenimiento, Doctrinas, Rec\u00e1lculos, Diagn\u00f3sticos, Recomendaciones&#8230;[\/vc_column_text][\/vc_tta_section][vc_tta_section title=\u00bbVigilancia e instrumentaci\u00f3n\u00bb tab_id=\u00bb1565179932009-90a9b86a-c633&#8243;][vc_column_text]Monitorizaci\u00f3n de la salud estructural, IoT, Inspecci\u00f3n peri\u00f3dica de estructuras, Monitorizaci\u00f3n de la salud estructural, Monitorizaci\u00f3n s\u00edsmica y de vibraciones&#8230;[\/vc_column_text][\/vc_tta_section][vc_tta_section title=\u00bbVisitas, inspecciones y peritajes\u00bb tab_id=\u00bb1565180051434-ba5e7d1a-9c21&#8243;][vc_column_text]Control preventivo de estructuras en funcionamiento, diagn\u00f3sticos y peritajes, inspecci\u00f3n de zonas inaccesibles, inspecciones estructurales y auditor\u00edas&#8230;[\/vc_column_text][\/vc_tta_section][vc_tta_section title=\u00bb Pruebas, comprobaciones, lecturas y mediciones\u00bb tab_id=\u00bb1565180092975-2f8b925a-444b\u00bb][vc_column_text]Metrolog\u00eda, Topometr\u00eda, END\/END, Teledetecci\u00f3n, Drone, Cartograf\u00eda, Escaneado, Clonaci\u00f3n digital de estructuras e instalaciones, Pruebas de cerramientos, Inspecciones de revestimientos, Peritaje de corrosi\u00f3n, Investigaciones por radar, An\u00e1lisis din\u00e1mico&#8230;[\/vc_column_text][\/vc_tta_section][vc_tta_section title=\u00bbAsistencia t\u00e9cnica a los propietarios de proyectos\u00bb tab_id=\u00bb1565180143107-aa9cffb7-050b\u00bb][vc_column_text]Seguimiento y coordinaci\u00f3n de la obra civil, obras exteriores, pintura, protecci\u00f3n contra incendios, etc.[\/vc_column_text][\/vc_tta_section][\/vc_tta_accordion][\/vc_column][\/vc_row][vc_row][vc_column][vc_images_carousel images=\u00bb7425,7426,7427,7428,7429,7430,7431,7432,7433,7434,7435,7436&#8243; img_size=\u00bbfull\u00bb speed=\u00bb4000&#8243; slides_per_view=\u00bb4&#8243; autoplay=\u00bbyes\u00bb hide_pagination_control=\u00bbyes\u00bb hide_prev_next_buttons=\u00bbyes\u00bb wrap=\u00bbyes\u00bb css_animation=\u00bbfadeIn\u00bb css=\u00bb.vc_custom_1565346294493{margin-bottom: 20px !important;}\u00bb][vc_btn title=\u00bbSolicitar un presupuesto\u00bb style=\u00bbcustom\u00bb custom_background=\u00bb#2254a5&#8243; custom_text=\u00bb#ffffff\u00bb shape=\u00bbsquare\u00bb align=\u00bbcenter\u00bb link=\u00bburl:https%3A%2F%2Fwww.sites.fr%2Fes%2Fcontacto%2F|target:%20_blank|\u00bb][\/vc_column][\/vc_row]\n<\/div>","protected":false},"excerpt":{"rendered":"<p>[vc_row][vc_column width=\u00bb2\/3&#8243;][vc_column_text css=\u00bb.vc_custom_1565179484737{margin-bottom: 10px !important;}\u00bb] Ingenier\u00eda de sostenibilidad Para responder a los complejos y m\u00faltiples problemas de nuestros clientes a lo largo de la vida de las obras, SITES dispone de un amplio abanico de competencias: [\/vc_column_text][vc_single_image image=\u00bb7438&#8243; img_size=\u00bb940&#215;450&#8243; alignment=\u00bbcenter\u00bb css_animation=\u00bbfadeInLeft\u00bb css=\u00bb.vc_custom_1618409980522{margin-top: 20px !important;margin-bottom: 20px !important;}\u00bb][\/vc_column][vc_column width=\u00bb1\/3&#8243;][vc_tta_accordion style=\u00bbflat\u00bb shape=\u00bbsquare\u00bb spacing=\u00bb3&#8243; gap=\u00bb3&#8243; c_icon=\u00bbchevron\u00bb active_section=\u00bb1&#8243; css_animation=\u00bbfadeInRight\u00bb][vc_tta_section title=\u00bbIngenier\u00eda&#8230;<\/p>\n","protected":false},"author":1,"featured_media":0,"parent":0,"menu_order":0,"comment_status":"closed","ping_status":"closed","template":"","meta":{"_acf_changed":false,"_monsterinsights_skip_tracking":false,"_monsterinsights_sitenote_active":false,"_monsterinsights_sitenote_note":"","_monsterinsights_sitenote_category":0,"footnotes":""},"categories":[],"class_list":["post-7410","page","type-page","status-publish","hentry"],"acf":[],"yoast_head":"<!-- This site is optimized with the Yoast SEO plugin v26.8 - https:\/\/yoast.com\/product\/yoast-seo-wordpress\/ -->\n<title>Nuestros oficios - SITES<\/title>\n<meta name=\"robots\" content=\"index, follow, max-snippet:-1, max-image-preview:large, max-video-preview:-1\" \/>\n<link rel=\"canonical\" href=\"https:\/\/www.sites.fr\/nos-competences-nos-metiers\/\" \/>\n<meta property=\"og:locale\" content=\"es_ES\" \/>\n<meta property=\"og:type\" content=\"article\" \/>\n<meta property=\"og:title\" content=\"Nuestros oficios - SITES\" \/>\n<meta property=\"og:description\" content=\"[vc_row][vc_column width=\u00bb2\/3&#8243;][vc_column_text css=\u00bb.vc_custom_1565179484737{margin-bottom: 10px !important;}\u00bb] Ingenier\u00eda de sostenibilidad Para responder a los complejos y m\u00faltiples problemas de nuestros clientes a lo largo de la vida de las obras, SITES dispone de un amplio abanico de competencias: [\/vc_column_text][vc_single_image image=\u00bb7438&#8243; img_size=\u00bb940&#215;450&#8243; alignment=\u00bbcenter\u00bb css_animation=\u00bbfadeInLeft\u00bb css=\u00bb.vc_custom_1618409980522{margin-top: 20px !important;margin-bottom: 20px !important;}\u00bb][\/vc_column][vc_column width=\u00bb1\/3&#8243;][vc_tta_accordion style=\u00bbflat\u00bb shape=\u00bbsquare\u00bb spacing=\u00bb3&#8243; gap=\u00bb3&#8243; c_icon=\u00bbchevron\u00bb active_section=\u00bb1&#8243; css_animation=\u00bbfadeInRight\u00bb][vc_tta_section title=\u00bbIngenier\u00eda...\" \/>\n<meta property=\"og:url\" content=\"https:\/\/www.sites.fr\/nos-competences-nos-metiers\/\" \/>\n<meta property=\"og:site_name\" content=\"SITES\" \/>\n<meta property=\"article:modified_time\" content=\"2025-01-10T13:54:05+00:00\" \/>\n<meta name=\"twitter:card\" content=\"summary_large_image\" \/>\n<meta name=\"twitter:label1\" content=\"Tiempo de lectura\" \/>\n\t<meta name=\"twitter:data1\" content=\"2 minutos\" \/>\n<script type=\"application\/ld+json\" class=\"yoast-schema-graph\">{\"@context\":\"https:\/\/schema.org\",\"@graph\":[{\"@type\":\"WebPage\",\"@id\":\"https:\/\/www.sites.fr\/nos-competences-nos-metiers\/\",\"url\":\"https:\/\/www.sites.fr\/nos-competences-nos-metiers\/\",\"name\":\"Nuestros oficios - SITES\",\"isPartOf\":{\"@id\":\"https:\/\/www.sites.fr\/en\/#website\"},\"datePublished\":\"2025-01-10T13:48:03+00:00\",\"dateModified\":\"2025-01-10T13:54:05+00:00\",\"breadcrumb\":{\"@id\":\"https:\/\/www.sites.fr\/nos-competences-nos-metiers\/#breadcrumb\"},\"inLanguage\":\"es\",\"potentialAction\":[{\"@type\":\"ReadAction\",\"target\":[\"https:\/\/www.sites.fr\/nos-competences-nos-metiers\/\"]}]},{\"@type\":\"BreadcrumbList\",\"@id\":\"https:\/\/www.sites.fr\/nos-competences-nos-metiers\/#breadcrumb\",\"itemListElement\":[{\"@type\":\"ListItem\",\"position\":1,\"name\":\"Accueil\",\"item\":\"https:\/\/www.sites.fr\/es\/ingenieria-vigilancia-preventiva-monitoreo-inspeccion-instrumentacion\/\"},{\"@type\":\"ListItem\",\"position\":2,\"name\":\"Nuestros oficios\"}]},{\"@type\":\"WebSite\",\"@id\":\"https:\/\/www.sites.fr\/en\/#website\",\"url\":\"https:\/\/www.sites.fr\/en\/\",\"name\":\"SITES\",\"description\":\"Ing\u00e9nierie, surveillance pr\u00e9ventive des structures\",\"publisher\":{\"@id\":\"https:\/\/www.sites.fr\/en\/#organization\"},\"potentialAction\":[{\"@type\":\"SearchAction\",\"target\":{\"@type\":\"EntryPoint\",\"urlTemplate\":\"https:\/\/www.sites.fr\/en\/?s={search_term_string}\"},\"query-input\":{\"@type\":\"PropertyValueSpecification\",\"valueRequired\":true,\"valueName\":\"search_term_string\"}}],\"inLanguage\":\"es\"},{\"@type\":\"Organization\",\"@id\":\"https:\/\/www.sites.fr\/en\/#organization\",\"name\":\"SITES\",\"url\":\"https:\/\/www.sites.fr\/en\/\",\"logo\":{\"@type\":\"ImageObject\",\"inLanguage\":\"es\",\"@id\":\"https:\/\/www.sites.fr\/en\/#\/schema\/logo\/image\/\",\"url\":\"https:\/\/www.sites.fr\/wp-content\/uploads\/2024\/02\/Logo-SITES-OK.png\",\"contentUrl\":\"https:\/\/www.sites.fr\/wp-content\/uploads\/2024\/02\/Logo-SITES-OK.png\",\"width\":2480,\"height\":1748,\"caption\":\"SITES\"},\"image\":{\"@id\":\"https:\/\/www.sites.fr\/en\/#\/schema\/logo\/image\/\"},\"sameAs\":[\"https:\/\/www.linkedin.com\/company\/sites-sas-france\/\"]}]}<\/script>\n<!-- \/ Yoast SEO plugin. -->","yoast_head_json":{"title":"Nuestros oficios - SITES","robots":{"index":"index","follow":"follow","max-snippet":"max-snippet:-1","max-image-preview":"max-image-preview:large","max-video-preview":"max-video-preview:-1"},"canonical":"https:\/\/www.sites.fr\/nos-competences-nos-metiers\/","og_locale":"es_ES","og_type":"article","og_title":"Nuestros oficios - SITES","og_description":"[vc_row][vc_column width=\u00bb2\/3&#8243;][vc_column_text css=\u00bb.vc_custom_1565179484737{margin-bottom: 10px !important;}\u00bb] Ingenier\u00eda de sostenibilidad Para responder a los complejos y m\u00faltiples problemas de nuestros clientes a lo largo de la vida de las obras, SITES dispone de un amplio abanico de competencias: [\/vc_column_text][vc_single_image image=\u00bb7438&#8243; img_size=\u00bb940&#215;450&#8243; alignment=\u00bbcenter\u00bb css_animation=\u00bbfadeInLeft\u00bb css=\u00bb.vc_custom_1618409980522{margin-top: 20px !important;margin-bottom: 20px !important;}\u00bb][\/vc_column][vc_column width=\u00bb1\/3&#8243;][vc_tta_accordion style=\u00bbflat\u00bb shape=\u00bbsquare\u00bb spacing=\u00bb3&#8243; gap=\u00bb3&#8243; c_icon=\u00bbchevron\u00bb active_section=\u00bb1&#8243; css_animation=\u00bbfadeInRight\u00bb][vc_tta_section title=\u00bbIngenier\u00eda...","og_url":"https:\/\/www.sites.fr\/nos-competences-nos-metiers\/","og_site_name":"SITES","article_modified_time":"2025-01-10T13:54:05+00:00","twitter_card":"summary_large_image","twitter_misc":{"Tiempo de lectura":"2 minutos"},"schema":{"@context":"https:\/\/schema.org","@graph":[{"@type":"WebPage","@id":"https:\/\/www.sites.fr\/nos-competences-nos-metiers\/","url":"https:\/\/www.sites.fr\/nos-competences-nos-metiers\/","name":"Nuestros oficios - SITES","isPartOf":{"@id":"https:\/\/www.sites.fr\/en\/#website"},"datePublished":"2025-01-10T13:48:03+00:00","dateModified":"2025-01-10T13:54:05+00:00","breadcrumb":{"@id":"https:\/\/www.sites.fr\/nos-competences-nos-metiers\/#breadcrumb"},"inLanguage":"es","potentialAction":[{"@type":"ReadAction","target":["https:\/\/www.sites.fr\/nos-competences-nos-metiers\/"]}]},{"@type":"BreadcrumbList","@id":"https:\/\/www.sites.fr\/nos-competences-nos-metiers\/#breadcrumb","itemListElement":[{"@type":"ListItem","position":1,"name":"Accueil","item":"https:\/\/www.sites.fr\/es\/ingenieria-vigilancia-preventiva-monitoreo-inspeccion-instrumentacion\/"},{"@type":"ListItem","position":2,"name":"Nuestros oficios"}]},{"@type":"WebSite","@id":"https:\/\/www.sites.fr\/en\/#website","url":"https:\/\/www.sites.fr\/en\/","name":"SITES","description":"Ing\u00e9nierie, surveillance pr\u00e9ventive des structures","publisher":{"@id":"https:\/\/www.sites.fr\/en\/#organization"},"potentialAction":[{"@type":"SearchAction","target":{"@type":"EntryPoint","urlTemplate":"https:\/\/www.sites.fr\/en\/?s={search_term_string}"},"query-input":{"@type":"PropertyValueSpecification","valueRequired":true,"valueName":"search_term_string"}}],"inLanguage":"es"},{"@type":"Organization","@id":"https:\/\/www.sites.fr\/en\/#organization","name":"SITES","url":"https:\/\/www.sites.fr\/en\/","logo":{"@type":"ImageObject","inLanguage":"es","@id":"https:\/\/www.sites.fr\/en\/#\/schema\/logo\/image\/","url":"https:\/\/www.sites.fr\/wp-content\/uploads\/2024\/02\/Logo-SITES-OK.png","contentUrl":"https:\/\/www.sites.fr\/wp-content\/uploads\/2024\/02\/Logo-SITES-OK.png","width":2480,"height":1748,"caption":"SITES"},"image":{"@id":"https:\/\/www.sites.fr\/en\/#\/schema\/logo\/image\/"},"sameAs":["https:\/\/www.linkedin.com\/company\/sites-sas-france\/"]}]}},"_links":{"self":[{"href":"https:\/\/www.sites.fr\/es\/wp-json\/wp\/v2\/pages\/7410","targetHints":{"allow":["GET"]}}],"collection":[{"href":"https:\/\/www.sites.fr\/es\/wp-json\/wp\/v2\/pages"}],"about":[{"href":"https:\/\/www.sites.fr\/es\/wp-json\/wp\/v2\/types\/page"}],"author":[{"embeddable":true,"href":"https:\/\/www.sites.fr\/es\/wp-json\/wp\/v2\/users\/1"}],"replies":[{"embeddable":true,"href":"https:\/\/www.sites.fr\/es\/wp-json\/wp\/v2\/comments?post=7410"}],"version-history":[{"count":15,"href":"https:\/\/www.sites.fr\/es\/wp-json\/wp\/v2\/pages\/7410\/revisions"}],"predecessor-version":[{"id":7453,"href":"https:\/\/www.sites.fr\/es\/wp-json\/wp\/v2\/pages\/7410\/revisions\/7453"}],"wp:attachment":[{"href":"https:\/\/www.sites.fr\/es\/wp-json\/wp\/v2\/media?parent=7410"}],"wp:term":[{"taxonomy":"category","embeddable":true,"href":"https:\/\/www.sites.fr\/es\/wp-json\/wp\/v2\/categories?post=7410"}],"curies":[{"name":"wp","href":"https:\/\/api.w.org\/{rel}","templated":true}]}}