{"id":7322,"date":"2025-01-07T16:43:04","date_gmt":"2025-01-07T15:43:04","guid":{"rendered":"https:\/\/www.sites.fr\/quien-somos\/"},"modified":"2025-01-07T16:43:55","modified_gmt":"2025-01-07T15:43:55","slug":"quien-somos","status":"publish","type":"page","link":"https:\/\/www.sites.fr\/es\/quien-somos\/","title":{"rendered":"\u00bfQui\u00e9n somos?"},"content":{"rendered":"<div class=\"wpb-content-wrapper\">[vc_row][vc_column][vc_column_text]\n<h3>\u00a1La Ingenier\u00eda de la Sostenibilidad!<\/h3>\n<p>Cada constructor, propietario, operador e incluso asegurador de estructuras o equipos sabe bien que:<\/p>\n<p>\u2022 Todas <strong>las obras construidas<\/strong> por el hombre <strong>envejecen<\/strong> y <strong>se degradan<\/strong>.<br \/>\n\u2022 Todos <strong>los entornos naturales evolucionan con el tiempo<\/strong>.<\/p>\n<p>Estos cambios tienen efectos en <strong>la explotaci\u00f3n, la seguridad<\/strong> y<strong> los costos de mantenimiento<\/strong>, que son a\u00fan m\u00e1s significativos cuanto m\u00e1s tarde se toman en consideraci\u00f3n.<\/p>\n<p>Es por eso que, <strong>desde hace m\u00e1s de 39 a\u00f1os, acompa\u00f1amos a nuestros clientes<\/strong> en la gesti\u00f3n de estos cambios inevitables, para :<\/p>\n<p><strong>\u2022 Asegurar sus operaciones<\/strong><br \/><strong>\u2022 Mejorar la seguridad<\/strong><br \/>\n<strong>\u2022 Optimizar sus gastos de mantenimiento<\/strong><\/p>\n<p>Originarios del concepto de <strong>Sostenibilidad de las Estructuras<\/strong>, nos imponemos r\u00e1pidamente en el mundo de los gestores de plantas nucleares, puentes, presas, para convertirnos en el l\u00edder mundial en servicios de control y seguimiento preventivo de grandes estructuras.<\/p>\n<p>Fortes de nuestra experiencia reconocida en intervenciones en entornos complejos y hostiles, las 400 mujeres y hombres que constituyen la riqueza de SITES comparten valores comunes de independencia, cultura de campo y retroalimentaci\u00f3n de experiencia para permitir a nuestros clientes responder a las preguntas leg\u00edtimas que se plantean, tales como :<\/p>\n<blockquote>\n<p><strong>\u00bfC\u00f3mo conocer el estado de mis estructuras?<\/strong><\/p>\n<p><strong>\u00bfC\u00f3mo supervisar su evoluci\u00f3n?<\/strong><\/p>\n<p><strong>\u00bfQu\u00e9 acciones implementar y cu\u00e1ndo?<\/strong><\/p>\n<p><strong>\u00bfC\u00f3mo seguir las acciones recomendadas?<\/strong><\/p>\n<\/blockquote>\n<p>Nuestros \u00e9xitos en Francia nos han permitido exportar nuestro saber hacer e intervenir en todos los continentes. Esta apertura internacional se caracteriza por la creaci\u00f3n de oficinas permanentes en Asia (China) y en Sud\u00e1frica.[\/vc_column_text][vc_column_text]\n<h3>Organizaci\u00f3n<\/h3>\n<p><strong>Para velar por sus estructuras, hemos implementado una oferta global y organizado nuestra empresa en consecuencia :<\/strong><\/p>\n<p>\u2022 6 agencias en Francia y 2 filiales en China y Sud\u00e1frica<br \/>\n\u2022 400 empleados distribuidos por todo el territorio franc\u00e9s<br \/>\n\u2022 50% de ingenieros<br \/>\n\u2022 10 grupos de competencias<br \/>\n\u2022 Funciones transversales destinadas a intervenir en apoyo estrat\u00e9gico de los centros de actividad<br \/>\n\u2022 Un servicio inform\u00e1tico integrado totalmente dedicado al desarrollo de aplicaciones para nuestros clientes<br \/>\n\u2022 Una organizaci\u00f3n QSRE[\/vc_column_text][\/vc_column][\/vc_row]\n<\/div>","protected":false},"excerpt":{"rendered":"<p>[vc_row][vc_column][vc_column_text] \u00a1La Ingenier\u00eda de la Sostenibilidad! Cada constructor, propietario, operador e incluso asegurador de estructuras o equipos sabe bien que: \u2022 Todas las obras construidas por el hombre envejecen y se degradan. \u2022 Todos los entornos naturales evolucionan con el tiempo. Estos cambios tienen efectos en la explotaci\u00f3n, la seguridad y los costos de mantenimiento,&#8230;<\/p>\n","protected":false},"author":1,"featured_media":0,"parent":0,"menu_order":0,"comment_status":"closed","ping_status":"closed","template":"","meta":{"_acf_changed":false,"_monsterinsights_skip_tracking":false,"_monsterinsights_sitenote_active":false,"_monsterinsights_sitenote_note":"","_monsterinsights_sitenote_category":0,"footnotes":""},"categories":[],"class_list":["post-7322","page","type-page","status-publish","hentry"],"acf":[],"yoast_head":"<!-- This site is optimized with the Yoast SEO plugin v26.8 - https:\/\/yoast.com\/product\/yoast-seo-wordpress\/ -->\n<title>\u00bfQui\u00e9n somos? - SITES<\/title>\n<meta name=\"robots\" content=\"index, follow, max-snippet:-1, max-image-preview:large, max-video-preview:-1\" \/>\n<link rel=\"canonical\" href=\"https:\/\/www.sites.fr\/qui-sommes-nous\/\" \/>\n<meta property=\"og:locale\" content=\"es_ES\" \/>\n<meta property=\"og:type\" content=\"article\" \/>\n<meta property=\"og:title\" content=\"\u00bfQui\u00e9n somos? - SITES\" \/>\n<meta property=\"og:description\" content=\"[vc_row][vc_column][vc_column_text] \u00a1La Ingenier\u00eda de la Sostenibilidad! Cada constructor, propietario, operador e incluso asegurador de estructuras o equipos sabe bien que: \u2022 Todas las obras construidas por el hombre envejecen y se degradan. \u2022 Todos los entornos naturales evolucionan con el tiempo. Estos cambios tienen efectos en la explotaci\u00f3n, la seguridad y los costos de mantenimiento,...\" \/>\n<meta property=\"og:url\" content=\"https:\/\/www.sites.fr\/qui-sommes-nous\/\" \/>\n<meta property=\"og:site_name\" content=\"SITES\" \/>\n<meta property=\"article:modified_time\" content=\"2025-01-07T15:43:55+00:00\" \/>\n<meta name=\"twitter:card\" content=\"summary_large_image\" \/>\n<meta name=\"twitter:label1\" content=\"Tiempo de lectura\" \/>\n\t<meta name=\"twitter:data1\" content=\"2 minutos\" \/>\n<script type=\"application\/ld+json\" class=\"yoast-schema-graph\">{\"@context\":\"https:\/\/schema.org\",\"@graph\":[{\"@type\":\"WebPage\",\"@id\":\"https:\/\/www.sites.fr\/qui-sommes-nous\/\",\"url\":\"https:\/\/www.sites.fr\/qui-sommes-nous\/\",\"name\":\"\u00bfQui\u00e9n somos? - SITES\",\"isPartOf\":{\"@id\":\"https:\/\/www.sites.fr\/en\/#website\"},\"datePublished\":\"2025-01-07T15:43:04+00:00\",\"dateModified\":\"2025-01-07T15:43:55+00:00\",\"breadcrumb\":{\"@id\":\"https:\/\/www.sites.fr\/qui-sommes-nous\/#breadcrumb\"},\"inLanguage\":\"es\",\"potentialAction\":[{\"@type\":\"ReadAction\",\"target\":[\"https:\/\/www.sites.fr\/qui-sommes-nous\/\"]}]},{\"@type\":\"BreadcrumbList\",\"@id\":\"https:\/\/www.sites.fr\/qui-sommes-nous\/#breadcrumb\",\"itemListElement\":[{\"@type\":\"ListItem\",\"position\":1,\"name\":\"Accueil\",\"item\":\"https:\/\/www.sites.fr\/es\/ingenieria-vigilancia-preventiva-monitoreo-inspeccion-instrumentacion\/\"},{\"@type\":\"ListItem\",\"position\":2,\"name\":\"\u00bfQui\u00e9n somos?\"}]},{\"@type\":\"WebSite\",\"@id\":\"https:\/\/www.sites.fr\/en\/#website\",\"url\":\"https:\/\/www.sites.fr\/en\/\",\"name\":\"SITES\",\"description\":\"Ing\u00e9nierie, surveillance pr\u00e9ventive des structures\",\"publisher\":{\"@id\":\"https:\/\/www.sites.fr\/en\/#organization\"},\"potentialAction\":[{\"@type\":\"SearchAction\",\"target\":{\"@type\":\"EntryPoint\",\"urlTemplate\":\"https:\/\/www.sites.fr\/en\/?s={search_term_string}\"},\"query-input\":{\"@type\":\"PropertyValueSpecification\",\"valueRequired\":true,\"valueName\":\"search_term_string\"}}],\"inLanguage\":\"es\"},{\"@type\":\"Organization\",\"@id\":\"https:\/\/www.sites.fr\/en\/#organization\",\"name\":\"SITES\",\"url\":\"https:\/\/www.sites.fr\/en\/\",\"logo\":{\"@type\":\"ImageObject\",\"inLanguage\":\"es\",\"@id\":\"https:\/\/www.sites.fr\/en\/#\/schema\/logo\/image\/\",\"url\":\"https:\/\/www.sites.fr\/wp-content\/uploads\/2024\/02\/Logo-SITES-OK.png\",\"contentUrl\":\"https:\/\/www.sites.fr\/wp-content\/uploads\/2024\/02\/Logo-SITES-OK.png\",\"width\":2480,\"height\":1748,\"caption\":\"SITES\"},\"image\":{\"@id\":\"https:\/\/www.sites.fr\/en\/#\/schema\/logo\/image\/\"},\"sameAs\":[\"https:\/\/www.linkedin.com\/company\/sites-sas-france\/\"]}]}<\/script>\n<!-- \/ Yoast SEO plugin. -->","yoast_head_json":{"title":"\u00bfQui\u00e9n somos? - SITES","robots":{"index":"index","follow":"follow","max-snippet":"max-snippet:-1","max-image-preview":"max-image-preview:large","max-video-preview":"max-video-preview:-1"},"canonical":"https:\/\/www.sites.fr\/qui-sommes-nous\/","og_locale":"es_ES","og_type":"article","og_title":"\u00bfQui\u00e9n somos? - SITES","og_description":"[vc_row][vc_column][vc_column_text] \u00a1La Ingenier\u00eda de la Sostenibilidad! Cada constructor, propietario, operador e incluso asegurador de estructuras o equipos sabe bien que: \u2022 Todas las obras construidas por el hombre envejecen y se degradan. \u2022 Todos los entornos naturales evolucionan con el tiempo. Estos cambios tienen efectos en la explotaci\u00f3n, la seguridad y los costos de mantenimiento,...","og_url":"https:\/\/www.sites.fr\/qui-sommes-nous\/","og_site_name":"SITES","article_modified_time":"2025-01-07T15:43:55+00:00","twitter_card":"summary_large_image","twitter_misc":{"Tiempo de lectura":"2 minutos"},"schema":{"@context":"https:\/\/schema.org","@graph":[{"@type":"WebPage","@id":"https:\/\/www.sites.fr\/qui-sommes-nous\/","url":"https:\/\/www.sites.fr\/qui-sommes-nous\/","name":"\u00bfQui\u00e9n somos? - SITES","isPartOf":{"@id":"https:\/\/www.sites.fr\/en\/#website"},"datePublished":"2025-01-07T15:43:04+00:00","dateModified":"2025-01-07T15:43:55+00:00","breadcrumb":{"@id":"https:\/\/www.sites.fr\/qui-sommes-nous\/#breadcrumb"},"inLanguage":"es","potentialAction":[{"@type":"ReadAction","target":["https:\/\/www.sites.fr\/qui-sommes-nous\/"]}]},{"@type":"BreadcrumbList","@id":"https:\/\/www.sites.fr\/qui-sommes-nous\/#breadcrumb","itemListElement":[{"@type":"ListItem","position":1,"name":"Accueil","item":"https:\/\/www.sites.fr\/es\/ingenieria-vigilancia-preventiva-monitoreo-inspeccion-instrumentacion\/"},{"@type":"ListItem","position":2,"name":"\u00bfQui\u00e9n somos?"}]},{"@type":"WebSite","@id":"https:\/\/www.sites.fr\/en\/#website","url":"https:\/\/www.sites.fr\/en\/","name":"SITES","description":"Ing\u00e9nierie, surveillance pr\u00e9ventive des structures","publisher":{"@id":"https:\/\/www.sites.fr\/en\/#organization"},"potentialAction":[{"@type":"SearchAction","target":{"@type":"EntryPoint","urlTemplate":"https:\/\/www.sites.fr\/en\/?s={search_term_string}"},"query-input":{"@type":"PropertyValueSpecification","valueRequired":true,"valueName":"search_term_string"}}],"inLanguage":"es"},{"@type":"Organization","@id":"https:\/\/www.sites.fr\/en\/#organization","name":"SITES","url":"https:\/\/www.sites.fr\/en\/","logo":{"@type":"ImageObject","inLanguage":"es","@id":"https:\/\/www.sites.fr\/en\/#\/schema\/logo\/image\/","url":"https:\/\/www.sites.fr\/wp-content\/uploads\/2024\/02\/Logo-SITES-OK.png","contentUrl":"https:\/\/www.sites.fr\/wp-content\/uploads\/2024\/02\/Logo-SITES-OK.png","width":2480,"height":1748,"caption":"SITES"},"image":{"@id":"https:\/\/www.sites.fr\/en\/#\/schema\/logo\/image\/"},"sameAs":["https:\/\/www.linkedin.com\/company\/sites-sas-france\/"]}]}},"_links":{"self":[{"href":"https:\/\/www.sites.fr\/es\/wp-json\/wp\/v2\/pages\/7322","targetHints":{"allow":["GET"]}}],"collection":[{"href":"https:\/\/www.sites.fr\/es\/wp-json\/wp\/v2\/pages"}],"about":[{"href":"https:\/\/www.sites.fr\/es\/wp-json\/wp\/v2\/types\/page"}],"author":[{"embeddable":true,"href":"https:\/\/www.sites.fr\/es\/wp-json\/wp\/v2\/users\/1"}],"replies":[{"embeddable":true,"href":"https:\/\/www.sites.fr\/es\/wp-json\/wp\/v2\/comments?post=7322"}],"version-history":[{"count":5,"href":"https:\/\/www.sites.fr\/es\/wp-json\/wp\/v2\/pages\/7322\/revisions"}],"predecessor-version":[{"id":7329,"href":"https:\/\/www.sites.fr\/es\/wp-json\/wp\/v2\/pages\/7322\/revisions\/7329"}],"wp:attachment":[{"href":"https:\/\/www.sites.fr\/es\/wp-json\/wp\/v2\/media?parent=7322"}],"wp:term":[{"taxonomy":"category","embeddable":true,"href":"https:\/\/www.sites.fr\/es\/wp-json\/wp\/v2\/categories?post=7322"}],"curies":[{"name":"wp","href":"https:\/\/api.w.org\/{rel}","templated":true}]}}