{"id":7295,"date":"2025-01-07T16:31:47","date_gmt":"2025-01-07T15:31:47","guid":{"rendered":"https:\/\/www.sites.fr\/areas-de-intervencion\/"},"modified":"2025-01-07T16:32:23","modified_gmt":"2025-01-07T15:32:23","slug":"areas-de-intervencion","status":"publish","type":"page","link":"https:\/\/www.sites.fr\/es\/areas-de-intervencion\/","title":{"rendered":"\u00c1reas de intervenci\u00f3n"},"content":{"rendered":"<div class=\"wpb-content-wrapper\">[vc_row][vc_column][vc_separator color=\u00bbwhite\u00bb border_width=\u00bb3&#8243;][\/vc_column][\/vc_row][vc_row gap=\u00bb15&#8243;][vc_column width=\u00bb1\/3&#8243; css=\u00bb.vc_custom_1536047317586{border-top-width: 3px !important;border-right-width: 3px !important;border-bottom-width: 3px !important;border-left-width: 3px !important;padding-top: 30px !important;padding-right: 30px !important;padding-bottom: 30px !important;padding-left: 30px !important;background-color: #ededed !important;border-left-color: #ffffff !important;border-left-style: solid !important;border-right-color: #ffffff !important;border-right-style: solid !important;border-top-color: #ffffff !important;border-top-style: solid !important;border-bottom-color: #ffffff !important;border-bottom-style: solid !important;border-radius: 20px !important;}\u00bb][vc_single_image image=\u00bb7312&#8243; img_size=\u00bbfull\u00bb style=\u00bbvc_box_rounded\u00bb][vc_single_image image=\u00bb7166&#8243; img_size=\u00bbmedium\u00bb][vc_column_text]\n<h3>Nuclear<\/h3>\n<p>Edificios de reactores, enfriadores de aire, GC I.N.B., DUS&#8230;<\/p>\n<p>&nbsp;<\/p>\n<p>&nbsp;<\/p>\n<p>&nbsp;<\/p>\n[\/vc_column_text][\/vc_column][vc_column width=\u00bb1\/3&#8243; css=\u00bb.vc_custom_1536047389191{border-top-width: 3px !important;border-right-width: 3px !important;border-bottom-width: 3px !important;border-left-width: 3px !important;padding-top: 30px !important;padding-right: 30px !important;padding-bottom: 30px !important;padding-left: 30px !important;background-color: #ededed !important;border-left-color: #ffffff !important;border-left-style: solid !important;border-right-color: #ffffff !important;border-right-style: solid !important;border-top-color: #ffffff !important;border-top-style: solid !important;border-bottom-color: #ffffff !important;border-bottom-style: solid !important;border-radius: 20px !important;}\u00bb][vc_single_image image=\u00bb7308&#8243; img_size=\u00bbfull\u00bb style=\u00bbvc_box_rounded\u00bb][vc_single_image image=\u00bb7167&#8243;][vc_column_text]\n<h3>Infraestructuras de transporte<\/h3>\n<p><strong>Carretera<\/strong>: t\u00faneles, peajes, calzadas, se\u00f1alizaci\u00f3n, viaductos, puentes, pasarelas, etc.<br \/>\n<strong>Ferrocarril\/metro<\/strong>: v\u00edas, catenarias, equipamiento, t\u00faneles, etc.<br \/>\n<strong>Mar\u00edtimo y fluvial<\/strong>: muelles, diques, esclusas, canales, p\u00f3rticos, etc.<br \/>\n<strong>A\u00e9reo<\/strong>: estructuras y edificios aeroportuarios, etc.[\/vc_column_text][vc_empty_space height=\u00bb9px\u00bb][vc_btn title=\u00bbM\u00e1s informaci\u00f3n\u00bb shape=\u00bbsquare\u00bb color=\u00bbwhite\u00bb size=\u00bbsm\u00bb align=\u00bbcenter\u00bb link=\u00bburl:https%3A%2F%2Fwww.sites.fr%2Fla-surveillance-des-infrastructures-de-transport%2F|title:Control%20de%20las%20infraestructuras%20de%20transporte|target:%20_blank|\u00bb][\/vc_column][vc_column width=\u00bb1\/3&#8243; css=\u00bb.vc_custom_1536047430614{border-top-width: 3px !important;border-right-width: 3px !important;border-bottom-width: 3px !important;border-left-width: 3px !important;padding-top: 30px !important;padding-right: 30px !important;padding-bottom: 30px !important;padding-left: 30px !important;background-color: #ededed !important;border-left-color: #ffffff !important;border-left-style: solid !important;border-right-color: #ffffff !important;border-right-style: solid !important;border-top-color: #ffffff !important;border-top-style: solid !important;border-bottom-color: #ffffff !important;border-bottom-style: solid !important;border-radius: 20px !important;}\u00bb][vc_single_image image=\u00bb7313&#8243; img_size=\u00bbfull\u00bb style=\u00bbvc_box_rounded\u00bb][vc_single_image image=\u00bb7121&#8243;][vc_column_text]\n<h3>Energ\u00eda<\/h3>\n<p><strong>Petr\u00f3leo<\/strong>: refiner\u00eda (antorcha, chimenea, tanque de almacenamiento), plataforma petrol\u00edfera, oleoductos<br \/>\n<strong>Gas<\/strong>: terminales de GNL, instalaciones de almacenamiento, muelles de descarga<br \/>\n<strong>Hidr\u00e1ulica<\/strong>: presa, embalse<br \/>\n<strong>T\u00e9rmica<\/strong>: chimenea, tanques de almacenamiento<\/p>\n<p>&nbsp;<\/p>\n<p>&nbsp;<\/p>\n[\/vc_column_text][\/vc_column][\/vc_row][vc_row gap=\u00bb15&#8243;][vc_column width=\u00bb1\/3&#8243; css=\u00bb.vc_custom_1536047545744{border-top-width: 3px !important;border-right-width: 3px !important;border-bottom-width: 3px !important;border-left-width: 3px !important;padding-top: 30px !important;padding-right: 30px !important;padding-bottom: 30px !important;padding-left: 30px !important;background-color: #ededed !important;border-left-color: #ffffff !important;border-left-style: solid !important;border-right-color: #ffffff !important;border-right-style: solid !important;border-top-color: #ffffff !important;border-top-style: solid !important;border-bottom-color: #ffffff !important;border-bottom-style: solid !important;border-radius: 20px !important;}\u00bb][vc_single_image image=\u00bb7306&#8243; img_size=\u00bbfull\u00bb style=\u00bbvc_box_rounded\u00bb][vc_single_image image=\u00bb7120&#8243;][vc_column_text]\n<h3>Industrias sensibles<\/h3>\n<p>Fabricaci\u00f3n, Qu\u00edmica, Petr\u00f3leo y Gas, Alimentaci\u00f3n y Bebidas, Estaciones de Bombeo<br \/>\nM\u00e1stiles de telecomunicaciones, Pilones, Emplazamientos SEVESO, Embalses, Silos, Equipos y materiales&#8230;[\/vc_column_text][vc_column_text]\n<p>&nbsp;<\/p>\n[\/vc_column_text][\/vc_column][vc_column width=\u00bb1\/3&#8243; css=\u00bb.vc_custom_1536047645528{border-top-width: 3px !important;border-right-width: 3px !important;border-bottom-width: 3px !important;border-left-width: 3px !important;padding-top: 30px !important;padding-right: 30px !important;padding-bottom: 30px !important;padding-left: 30px !important;background-color: #ededed !important;border-left-color: #ffffff !important;border-left-style: solid !important;border-right-color: #ffffff !important;border-right-style: solid !important;border-top-color: #ffffff !important;border-top-style: solid !important;border-bottom-color: #ffffff !important;border-bottom-style: solid !important;border-radius: 20px !important;}\u00bb][vc_single_image image=\u00bb7303&#8243; img_size=\u00bbfull\u00bb style=\u00bbvc_box_rounded\u00bb][vc_single_image image=\u00bb439&#8243;][vc_column_text]\n<h3>Vecinos naturales<\/h3>\n<p>Entornos monta\u00f1osos, vigilancia costera, cuencas hidrogr\u00e1ficas&#8230;<\/p>\n<p>&nbsp;<\/p>\n[\/vc_column_text][\/vc_column][vc_column width=\u00bb1\/3&#8243; css=\u00bb.vc_custom_1536047720797{border-top-width: 3px !important;border-right-width: 3px !important;border-bottom-width: 3px !important;border-left-width: 3px !important;padding-top: 30px !important;padding-right: 30px !important;padding-bottom: 30px !important;padding-left: 30px !important;background-color: #ededed !important;border-left-color: #ffffff !important;border-left-style: solid !important;border-right-color: #ffffff !important;border-right-style: solid !important;border-top-color: #ffffff !important;border-top-style: solid !important;border-bottom-color: #ffffff !important;border-bottom-style: solid !important;border-radius: 20px !important;}\u00bb][vc_single_image image=\u00bb7304&#8243; img_size=\u00bbfull\u00bb style=\u00bbvc_box_rounded\u00bb][vc_single_image image=\u00bb652&#8243;][vc_column_text]\n<h3>Patrimonio y monumentos hist\u00f3ricos<\/h3>\n<p>Monumentos, edificios religiosos, obras patrimoniales, fundaciones, museos, cultura, arquitectura, estadios, parques de atracciones&#8230;[\/vc_column_text][\/vc_column][\/vc_row][vc_row gap=\u00bb15&#8243;][vc_column width=\u00bb1\/3&#8243; css=\u00bb.vc_custom_1536047825139{border-top-width: 3px !important;border-right-width: 3px !important;border-bottom-width: 3px !important;border-left-width: 3px !important;padding-top: 30px !important;padding-right: 30px !important;padding-bottom: 30px !important;padding-left: 30px !important;background-color: #ededed !important;border-left-color: #ffffff !important;border-left-style: solid !important;border-right-color: #ffffff !important;border-right-style: solid !important;border-top-color: #ffffff !important;border-top-style: solid !important;border-bottom-color: #ffffff !important;border-bottom-style: solid !important;border-radius: 20px !important;}\u00bb][vc_single_image image=\u00bb643&#8243; img_size=\u00bbfull\u00bb style=\u00bbvc_box_rounded\u00bb][vc_single_image image=\u00bb658&#8243;][vc_column_text]\n<h3>Edificios y entorno vital<\/h3>\n<p><strong>Patrimonio construido, viviendas, oficinas, ERP, edificios altos, edificios terciarios, almacenes, etc.<\/strong>[\/vc_column_text][vc_column_text]\n<p>&nbsp;<\/p>\n[\/vc_column_text][\/vc_column][vc_column width=\u00bb1\/3&#8243; css=\u00bb.vc_custom_1536047880299{border-top-width: 3px !important;border-right-width: 3px !important;border-bottom-width: 3px !important;border-left-width: 3px !important;padding-top: 30px !important;padding-right: 30px !important;padding-bottom: 30px !important;padding-left: 30px !important;background-color: #ededed !important;border-left-color: #ffffff !important;border-left-style: solid !important;border-right-color: #ffffff !important;border-right-style: solid !important;border-top-color: #ffffff !important;border-top-style: solid !important;border-bottom-color: #ffffff !important;border-bottom-style: solid !important;border-radius: 20px !important;}\u00bb][vc_single_image image=\u00bb7305&#8243; img_size=\u00bbfull\u00bb style=\u00bbvc_box_rounded\u00bb][vc_single_image image=\u00bb650&#8243;][vc_column_text]\n<h3>Defensa y investigaci\u00f3n<\/h3>\n<p>Laboratorio interno, laboratorio externo, etc.[\/vc_column_text][vc_column_text]\n<p>&nbsp;<\/p>\n[\/vc_column_text][\/vc_column][\/vc_row]\n<\/div>","protected":false},"excerpt":{"rendered":"<p>[vc_row][vc_column][vc_separator color=\u00bbwhite\u00bb border_width=\u00bb3&#8243;][\/vc_column][\/vc_row][vc_row gap=\u00bb15&#8243;][vc_column width=\u00bb1\/3&#8243; css=\u00bb.vc_custom_1536047317586{border-top-width: 3px !important;border-right-width: 3px !important;border-bottom-width: 3px !important;border-left-width: 3px !important;padding-top: 30px !important;padding-right: 30px !important;padding-bottom: 30px !important;padding-left: 30px !important;background-color: #ededed !important;border-left-color: #ffffff !important;border-left-style: solid !important;border-right-color: #ffffff !important;border-right-style: solid !important;border-top-color: #ffffff !important;border-top-style: solid !important;border-bottom-color: #ffffff !important;border-bottom-style: solid !important;border-radius: 20px !important;}\u00bb][vc_single_image image=\u00bb7312&#8243; img_size=\u00bbfull\u00bb style=\u00bbvc_box_rounded\u00bb][vc_single_image image=\u00bb7166&#8243; img_size=\u00bbmedium\u00bb][vc_column_text] Nuclear Edificios de reactores, enfriadores de aire, GC&#8230;<\/p>\n","protected":false},"author":1,"featured_media":0,"parent":0,"menu_order":0,"comment_status":"closed","ping_status":"closed","template":"","meta":{"_acf_changed":false,"_monsterinsights_skip_tracking":false,"_monsterinsights_sitenote_active":false,"_monsterinsights_sitenote_note":"","_monsterinsights_sitenote_category":0,"footnotes":""},"categories":[],"class_list":["post-7295","page","type-page","status-publish","hentry"],"acf":[],"yoast_head":"<!-- This site is optimized with the Yoast SEO plugin v26.8 - https:\/\/yoast.com\/product\/yoast-seo-wordpress\/ -->\n<title>\u00c1reas de intervenci\u00f3n - SITES<\/title>\n<meta name=\"robots\" content=\"index, follow, max-snippet:-1, max-image-preview:large, max-video-preview:-1\" \/>\n<link rel=\"canonical\" href=\"https:\/\/www.sites.fr\/domaines-dintervention\/\" \/>\n<meta property=\"og:locale\" content=\"es_ES\" \/>\n<meta property=\"og:type\" content=\"article\" \/>\n<meta property=\"og:title\" content=\"\u00c1reas de intervenci\u00f3n - SITES\" \/>\n<meta property=\"og:description\" content=\"[vc_row][vc_column][vc_separator color=\u00bbwhite\u00bb border_width=\u00bb3&#8243;][\/vc_column][\/vc_row][vc_row gap=\u00bb15&#8243;][vc_column width=\u00bb1\/3&#8243; css=\u00bb.vc_custom_1536047317586{border-top-width: 3px !important;border-right-width: 3px !important;border-bottom-width: 3px !important;border-left-width: 3px !important;padding-top: 30px !important;padding-right: 30px !important;padding-bottom: 30px !important;padding-left: 30px !important;background-color: #ededed !important;border-left-color: #ffffff !important;border-left-style: solid !important;border-right-color: #ffffff !important;border-right-style: solid !important;border-top-color: #ffffff !important;border-top-style: solid !important;border-bottom-color: #ffffff !important;border-bottom-style: solid !important;border-radius: 20px !important;}\u00bb][vc_single_image image=\u00bb7312&#8243; img_size=\u00bbfull\u00bb style=\u00bbvc_box_rounded\u00bb][vc_single_image image=\u00bb7166&#8243; img_size=\u00bbmedium\u00bb][vc_column_text] Nuclear Edificios de reactores, enfriadores de aire, GC...\" \/>\n<meta property=\"og:url\" content=\"https:\/\/www.sites.fr\/domaines-dintervention\/\" \/>\n<meta property=\"og:site_name\" content=\"SITES\" \/>\n<meta property=\"article:modified_time\" content=\"2025-01-07T15:32:23+00:00\" \/>\n<meta name=\"twitter:card\" content=\"summary_large_image\" \/>\n<meta name=\"twitter:label1\" content=\"Tiempo de lectura\" \/>\n\t<meta name=\"twitter:data1\" content=\"5 minutos\" \/>\n<script type=\"application\/ld+json\" class=\"yoast-schema-graph\">{\"@context\":\"https:\/\/schema.org\",\"@graph\":[{\"@type\":\"WebPage\",\"@id\":\"https:\/\/www.sites.fr\/domaines-dintervention\/\",\"url\":\"https:\/\/www.sites.fr\/domaines-dintervention\/\",\"name\":\"\u00c1reas de intervenci\u00f3n - SITES\",\"isPartOf\":{\"@id\":\"https:\/\/www.sites.fr\/en\/#website\"},\"datePublished\":\"2025-01-07T15:31:47+00:00\",\"dateModified\":\"2025-01-07T15:32:23+00:00\",\"breadcrumb\":{\"@id\":\"https:\/\/www.sites.fr\/domaines-dintervention\/#breadcrumb\"},\"inLanguage\":\"es\",\"potentialAction\":[{\"@type\":\"ReadAction\",\"target\":[\"https:\/\/www.sites.fr\/domaines-dintervention\/\"]}]},{\"@type\":\"BreadcrumbList\",\"@id\":\"https:\/\/www.sites.fr\/domaines-dintervention\/#breadcrumb\",\"itemListElement\":[{\"@type\":\"ListItem\",\"position\":1,\"name\":\"Accueil\",\"item\":\"https:\/\/www.sites.fr\/es\/ingenieria-vigilancia-preventiva-monitoreo-inspeccion-instrumentacion\/\"},{\"@type\":\"ListItem\",\"position\":2,\"name\":\"\u00c1reas de intervenci\u00f3n\"}]},{\"@type\":\"WebSite\",\"@id\":\"https:\/\/www.sites.fr\/en\/#website\",\"url\":\"https:\/\/www.sites.fr\/en\/\",\"name\":\"SITES\",\"description\":\"Ing\u00e9nierie, surveillance pr\u00e9ventive des structures\",\"publisher\":{\"@id\":\"https:\/\/www.sites.fr\/en\/#organization\"},\"potentialAction\":[{\"@type\":\"SearchAction\",\"target\":{\"@type\":\"EntryPoint\",\"urlTemplate\":\"https:\/\/www.sites.fr\/en\/?s={search_term_string}\"},\"query-input\":{\"@type\":\"PropertyValueSpecification\",\"valueRequired\":true,\"valueName\":\"search_term_string\"}}],\"inLanguage\":\"es\"},{\"@type\":\"Organization\",\"@id\":\"https:\/\/www.sites.fr\/en\/#organization\",\"name\":\"SITES\",\"url\":\"https:\/\/www.sites.fr\/en\/\",\"logo\":{\"@type\":\"ImageObject\",\"inLanguage\":\"es\",\"@id\":\"https:\/\/www.sites.fr\/en\/#\/schema\/logo\/image\/\",\"url\":\"https:\/\/www.sites.fr\/wp-content\/uploads\/2024\/02\/Logo-SITES-OK.png\",\"contentUrl\":\"https:\/\/www.sites.fr\/wp-content\/uploads\/2024\/02\/Logo-SITES-OK.png\",\"width\":2480,\"height\":1748,\"caption\":\"SITES\"},\"image\":{\"@id\":\"https:\/\/www.sites.fr\/en\/#\/schema\/logo\/image\/\"},\"sameAs\":[\"https:\/\/www.linkedin.com\/company\/sites-sas-france\/\"]}]}<\/script>\n<!-- \/ Yoast SEO plugin. -->","yoast_head_json":{"title":"\u00c1reas de intervenci\u00f3n - SITES","robots":{"index":"index","follow":"follow","max-snippet":"max-snippet:-1","max-image-preview":"max-image-preview:large","max-video-preview":"max-video-preview:-1"},"canonical":"https:\/\/www.sites.fr\/domaines-dintervention\/","og_locale":"es_ES","og_type":"article","og_title":"\u00c1reas de intervenci\u00f3n - SITES","og_description":"[vc_row][vc_column][vc_separator color=\u00bbwhite\u00bb border_width=\u00bb3&#8243;][\/vc_column][\/vc_row][vc_row gap=\u00bb15&#8243;][vc_column width=\u00bb1\/3&#8243; css=\u00bb.vc_custom_1536047317586{border-top-width: 3px !important;border-right-width: 3px !important;border-bottom-width: 3px !important;border-left-width: 3px !important;padding-top: 30px !important;padding-right: 30px !important;padding-bottom: 30px !important;padding-left: 30px !important;background-color: #ededed !important;border-left-color: #ffffff !important;border-left-style: solid !important;border-right-color: #ffffff !important;border-right-style: solid !important;border-top-color: #ffffff !important;border-top-style: solid !important;border-bottom-color: #ffffff !important;border-bottom-style: solid !important;border-radius: 20px !important;}\u00bb][vc_single_image image=\u00bb7312&#8243; img_size=\u00bbfull\u00bb style=\u00bbvc_box_rounded\u00bb][vc_single_image image=\u00bb7166&#8243; img_size=\u00bbmedium\u00bb][vc_column_text] Nuclear Edificios de reactores, enfriadores de aire, GC...","og_url":"https:\/\/www.sites.fr\/domaines-dintervention\/","og_site_name":"SITES","article_modified_time":"2025-01-07T15:32:23+00:00","twitter_card":"summary_large_image","twitter_misc":{"Tiempo de lectura":"5 minutos"},"schema":{"@context":"https:\/\/schema.org","@graph":[{"@type":"WebPage","@id":"https:\/\/www.sites.fr\/domaines-dintervention\/","url":"https:\/\/www.sites.fr\/domaines-dintervention\/","name":"\u00c1reas de intervenci\u00f3n - SITES","isPartOf":{"@id":"https:\/\/www.sites.fr\/en\/#website"},"datePublished":"2025-01-07T15:31:47+00:00","dateModified":"2025-01-07T15:32:23+00:00","breadcrumb":{"@id":"https:\/\/www.sites.fr\/domaines-dintervention\/#breadcrumb"},"inLanguage":"es","potentialAction":[{"@type":"ReadAction","target":["https:\/\/www.sites.fr\/domaines-dintervention\/"]}]},{"@type":"BreadcrumbList","@id":"https:\/\/www.sites.fr\/domaines-dintervention\/#breadcrumb","itemListElement":[{"@type":"ListItem","position":1,"name":"Accueil","item":"https:\/\/www.sites.fr\/es\/ingenieria-vigilancia-preventiva-monitoreo-inspeccion-instrumentacion\/"},{"@type":"ListItem","position":2,"name":"\u00c1reas de intervenci\u00f3n"}]},{"@type":"WebSite","@id":"https:\/\/www.sites.fr\/en\/#website","url":"https:\/\/www.sites.fr\/en\/","name":"SITES","description":"Ing\u00e9nierie, surveillance pr\u00e9ventive des structures","publisher":{"@id":"https:\/\/www.sites.fr\/en\/#organization"},"potentialAction":[{"@type":"SearchAction","target":{"@type":"EntryPoint","urlTemplate":"https:\/\/www.sites.fr\/en\/?s={search_term_string}"},"query-input":{"@type":"PropertyValueSpecification","valueRequired":true,"valueName":"search_term_string"}}],"inLanguage":"es"},{"@type":"Organization","@id":"https:\/\/www.sites.fr\/en\/#organization","name":"SITES","url":"https:\/\/www.sites.fr\/en\/","logo":{"@type":"ImageObject","inLanguage":"es","@id":"https:\/\/www.sites.fr\/en\/#\/schema\/logo\/image\/","url":"https:\/\/www.sites.fr\/wp-content\/uploads\/2024\/02\/Logo-SITES-OK.png","contentUrl":"https:\/\/www.sites.fr\/wp-content\/uploads\/2024\/02\/Logo-SITES-OK.png","width":2480,"height":1748,"caption":"SITES"},"image":{"@id":"https:\/\/www.sites.fr\/en\/#\/schema\/logo\/image\/"},"sameAs":["https:\/\/www.linkedin.com\/company\/sites-sas-france\/"]}]}},"_links":{"self":[{"href":"https:\/\/www.sites.fr\/es\/wp-json\/wp\/v2\/pages\/7295","targetHints":{"allow":["GET"]}}],"collection":[{"href":"https:\/\/www.sites.fr\/es\/wp-json\/wp\/v2\/pages"}],"about":[{"href":"https:\/\/www.sites.fr\/es\/wp-json\/wp\/v2\/types\/page"}],"author":[{"embeddable":true,"href":"https:\/\/www.sites.fr\/es\/wp-json\/wp\/v2\/users\/1"}],"replies":[{"embeddable":true,"href":"https:\/\/www.sites.fr\/es\/wp-json\/wp\/v2\/comments?post=7295"}],"version-history":[{"count":7,"href":"https:\/\/www.sites.fr\/es\/wp-json\/wp\/v2\/pages\/7295\/revisions"}],"predecessor-version":[{"id":7321,"href":"https:\/\/www.sites.fr\/es\/wp-json\/wp\/v2\/pages\/7295\/revisions\/7321"}],"wp:attachment":[{"href":"https:\/\/www.sites.fr\/es\/wp-json\/wp\/v2\/media?parent=7295"}],"wp:term":[{"taxonomy":"category","embeddable":true,"href":"https:\/\/www.sites.fr\/es\/wp-json\/wp\/v2\/categories?post=7295"}],"curies":[{"name":"wp","href":"https:\/\/api.w.org\/{rel}","templated":true}]}}