{"id":7209,"date":"2025-01-07T12:07:46","date_gmt":"2025-01-07T11:07:46","guid":{"rendered":"https:\/\/www.sites.fr\/cornis-se-integra-en-el-grupo-sitios\/"},"modified":"2025-01-07T12:08:26","modified_gmt":"2025-01-07T11:08:26","slug":"cornis-se-integra-en-el-grupo-sitios","status":"publish","type":"page","link":"https:\/\/www.sites.fr\/es\/cornis-se-integra-en-el-grupo-sitios\/","title":{"rendered":"Cornis se integra en el Grupo SITIOS"},"content":{"rendered":"<div class=\"wpb-content-wrapper\">[vc_row][vc_column css=\u00bb.vc_custom_1610621130971{border-bottom-width: 10px !important;}\u00bb][vc_column_text css=\u00bb.vc_custom_1610621166139{margin-bottom: 20px !important;}\u00bb]\n<h3>SITES, un grupo de ingenier\u00eda especializado en sostenibilidad de activos estructurales, adquiere la empresa de tecnolog\u00eda Cornis, l\u00edder en la inspecci\u00f3n de turbinas e\u00f3licas y soluciones de inteligencia artificial.<\/h3>\n[\/vc_column_text][\/vc_column][\/vc_row][vc_row][vc_column][vc_column_text]Especializada en el seguimiento del envejecimiento de las turbinas e\u00f3licas a trav\u00e9s de m\u00e9todos y herramientas de experiencia que utilizan la inteligencia artificial, <a href=\"https:\/\/home.cornis.fr\/\" target=\"_blank\" rel=\"noopener noreferrer\">Cornis<\/a> ha ayudado durante los \u00faltimos 10 a\u00f1os a los principales fabricantes y operadores mundiales de turbinas e\u00f3licas a inspeccionar y evaluar las palas. La empresa opera en m\u00e1s de 40 pa\u00edses (+ de 20.000 turbinas e\u00f3licas inspeccionadas) y tiene un volumen de negocios de <strong>2 millones de euros, de los cuales el 75% se exporta.<\/strong><\/p>\n<p>Con esta adquisici\u00f3n, SITE, un actor pionero en la vigilancia estructural de la salud desde 1984, <strong>refuerza su posici\u00f3n en el sector de las energ\u00edas descarbonizadas<\/strong>. Como l\u00edder independiente en la supervisi\u00f3n de las estructuras de las instalaciones nucleares e hidr\u00e1ulicas, junto con las infraestructuras de transporte y las estructuras complejas en general, esta operaci\u00f3n ampl\u00eda sus actividades en el \u00e1mbito de la <strong>energ\u00eda e\u00f3lica<\/strong> y m\u00e1s en general en el de las EnR (Energ\u00edas Renovables). Por otra parte, <strong>esta uni\u00f3n entre pepitas francesas<\/strong> tiene por objeto acelerar la conquista de los mercados internacionales (Reino Unido, Alemania, B\u00e9lgica, Dinamarca, los mercados e\u00f3licos que se encuentran en Europa del Norte, pero tambi\u00e9n China y Sud\u00e1frica, pa\u00edses en los que Site est\u00e1 presente a trav\u00e9s de sus filiales) y los desarrollos tecnol\u00f3gicos para la vigilancia de estructuras.[\/vc_column_text][vc_single_image image=\u00bb7210&#8243; img_size=\u00bblarge\u00bb alignment=\u00bbcenter\u00bb onclick=\u00bbcustom_link\u00bb css_animation=\u00bbfadeIn\u00bb link=\u00bbhttps:\/\/home.cornis.fr\/\u00bb][vc_column_text]\n<h4>Un saber hacer tecnol\u00f3gico complementario y \u00abMade in France\u00bb<\/h4>\n<p>M\u00e1s all\u00e1 de una perfecta alineaci\u00f3n con los retos de la vigilancia preventiva de las estructuras y del asset integrity management, el acercamiento entre SITE y Cornis se basa en <strong>un enfoque com\u00fan<\/strong> que combina un conocimiento fino de las obras y de su din\u00e1mica de envejecimiento, unos conocimientos fuertes de inspecci\u00f3n y la aplicaci\u00f3n de las mejores tecnolog\u00edas disponibles <strong>en relaci\u00f3n con las im\u00e1genes, el tratamiento de la se\u00f1al, la ciencia de datos y la inteligencia artificial<\/strong>.<\/p>\n<p>Las herramientas Cornis de inspecci\u00f3n de palas y la plataforma de informes en l\u00ednea se utilizan en m\u00e1s de 20.000 turbinas e\u00f3licas, de las cuales el 40% son offshore. Estas herramientas crean <strong>sinergias<\/strong> con las soluciones implementadas por SITE en el campo de la <strong>Mapping HD y el Structural Health Monitoring.<\/strong><\/p>\n<p>Desde su creaci\u00f3n, las dos entidades han compartido <strong>valores comunes<\/strong>, una \u00e9tica basada en <strong>la independencia<\/strong>, el orgullo por la exportaci\u00f3n de el<strong>\u00a0saber hacer francesa<\/strong> y el deseo de participar en el desarrollo sostenible cuidando las infraestructuras de energ\u00eda y transporte de la vida cotidiana.[\/vc_column_text][\/vc_column][\/vc_row][vc_row][vc_column css=\u00bb.vc_custom_1610621849650{margin-top: 20px !important;}\u00bb][vc_column_text css=\u00bb.vc_custom_1610622073082{background-color: #fcfcfc !important;}\u00bb]<em>\u00ab Con Cornis, estamos encantados de situar SITE como l\u00edder independiente en la vigilancia preventiva de las infraestructuras de producci\u00f3n de energ\u00eda descarbonizada, acelerar la digitalizaci\u00f3n de los oficios y la experiencia en el monitoreo estructural e integrar un equipo que comparte nuestros valores.\u00bb <\/em>comenta Herv\u00e9 LAN\u00c7ON, codirector general de SITE.<\/p>\n<p>Thibaut GOUACHE, cofundador de Cornis, agrega: <em>\u00ab Afianzamos a Cornis en una larga y duradera historia de sitios y 35 a\u00f1os de experiencia. Para nuestros clientes, SITE ampl\u00eda las habilidades de nuestros equipos para asegurarse no solo de que las turbinas est\u00e9n despejadas, sino tambi\u00e9n de los postes y cimientos de concreto. Para los fundadores y todos los empleados de Cornis, esta fusi\u00f3n es una excelente oportunidad para seguir creciendo y enfrentando nuevos retos dentro y fuera de la energ\u00eda e\u00f3lica. Es un gran logro colectivo<\/em><em>. \u00bb<\/em>[\/vc_column_text][vc_single_image image=\u00bb7212&#8243; img_size=\u00bblarge\u00bb add_caption=\u00bbyes\u00bb alignment=\u00bbcenter\u00bb css_animation=\u00bbfadeIn\u00bb css=\u00bb.vc_custom_1610622747048{margin-top: 20px !important;margin-bottom: 20px !important;}\u00bb][vc_column_text css=\u00bb.vc_custom_1610622209043{background-color: #fcfcfc !important;}\u00bb]Esta operaci\u00f3n consolida en suelo franc\u00e9s <strong>un actor independiente<\/strong> capaz de proponer a lo largo de todo el ciclo de vigilancia estructural en Francia y a escala internacional, <strong>unos conocimientos especializados de vanguardia y unos conocimientos t\u00e9cnicos completos<\/strong> en materia de innovaci\u00f3n profesional y tecnol\u00f3gica.<\/p>\n<p>La integraci\u00f3n de las actividades de Cornis en las de SITE se llevar\u00e1 a cabo a trav\u00e9s de una <strong>unidad de negocio dedicada a las EnR<\/strong> que garantizar\u00e1 <strong>una continuidad completa del servicio<\/strong> para los clientes de Cornis. Hasta la fecha, el Grupo Sites cuenta con m\u00e1s de <strong>450 empleados.<\/strong>[\/vc_column_text][vc_column_text css=\u00bb.vc_custom_1610622822845{margin-top: 20px !important;}\u00bb]\n<h4>Acerca de<\/h4>\n<p>Fundado en 1984, <a href=\"https:\/\/www.sites.fr\/es\/\" target=\"_blank\" rel=\"noopener noreferrer\">SITES<\/a> es un agente de referencia e independiente que aporta su experiencia y sus conocimientos t\u00e9cnicos al servicio de infraestructuras sostenibles. SITIOS, cuenta con cerca de 450 doctores, ingenieros y t\u00e9cnicos, 5 agencias en Francia, 3 filiales en China, Sud\u00e1frica y Arabia Saud\u00ed, generando una facturaci\u00f3n de casi 35M\u20ac en 2019.<br \/>\nCon m\u00e1s de 5.000 estructuras seguidas en Francia e internacionalmente, los equipos de SITE intervienen en todos los sectores (nuclear, infraestructura de transporte, energ\u00eda, industria sensible, patrimonio y monumento hist\u00f3rico, construcci\u00f3n, entorno natural y defensa) con un amplio espectro de competencias: ingenier\u00eda, monitoreo, instrumentaci\u00f3n, peritaje, relevamientos o asistencia t\u00e9cnica a los promotores.<\/p>\n<p><a href=\"https:\/\/home.cornis.fr\/\" target=\"_blank\" rel=\"noopener noreferrer\">Cornis<\/a> es el principal proveedor de tecnolog\u00edas de gesti\u00f3n de datos de O&amp;M palo de turbinas e\u00f3licas. Utilizando las herramientas de Inteligencia Artificial (IA), la empresa acompa\u00f1a a los fabricantes de turbinas e\u00f3licas, a los operadores y a los proveedores de servicios (VESTAS, EDF, GE, RWE, Engie, \u00d8rsted, etc.) siempre que necesiten una soluci\u00f3n estandarizada de seguimiento de sus palas. Creada a finales de 2011 por Thibault GOUACHE y Baptiste COULANGE, la empresa de 15 personas con sede en Par\u00eds est\u00e1 presente en m\u00e1s de 40 pa\u00edses.[\/vc_column_text][\/vc_column][\/vc_row][vc_row][vc_column css=\u00bb.vc_custom_1610622521348{margin-top: 20px !important;}\u00bb][vc_btn title=\u00bbDescargue el comunicado de prensa\u00bb style=\u00bbflat\u00bb size=\u00bbsm\u00bb i_icon_fontawesome=\u00bbfa fa-caret-down\u00bb add_icon=\u00bbtrue\u00bb link=\u00bburl:https%3A%2F%2Fwww.sites.fr%2Fwp-content%2Fuploads%2F2021%2F01%2FCP_Cornis-int%C3%A8gre-le-Groupe-SITES.pdf|target:%20_blank|\u00bb][vc_btn title=\u00bbhome.cornis.fr\u00bb style=\u00bbflat\u00bb size=\u00bbsm\u00bb i_icon_fontawesome=\u00bbfa fa-hand-pointer-o\u00bb add_icon=\u00bbtrue\u00bb link=\u00bburl:https%3A%2F%2Fhome.cornis.fr%2F|target:%20_blank|\u00bb][\/vc_column][\/vc_row]\n<\/div>","protected":false},"excerpt":{"rendered":"<p>[vc_row][vc_column css=\u00bb.vc_custom_1610621130971{border-bottom-width: 10px !important;}\u00bb][vc_column_text css=\u00bb.vc_custom_1610621166139{margin-bottom: 20px !important;}\u00bb] SITES, un grupo de ingenier\u00eda especializado en sostenibilidad de activos estructurales, adquiere la empresa de tecnolog\u00eda Cornis, l\u00edder en la inspecci\u00f3n de turbinas e\u00f3licas y soluciones de inteligencia artificial. [\/vc_column_text][\/vc_column][\/vc_row][vc_row][vc_column][vc_column_text]Especializada en el seguimiento del envejecimiento de las turbinas e\u00f3licas a trav\u00e9s de m\u00e9todos y herramientas de experiencia que&#8230;<\/p>\n","protected":false},"author":1,"featured_media":7211,"parent":0,"menu_order":0,"comment_status":"closed","ping_status":"closed","template":"","meta":{"_acf_changed":false,"_monsterinsights_skip_tracking":false,"_monsterinsights_sitenote_active":false,"_monsterinsights_sitenote_note":"","_monsterinsights_sitenote_category":0,"footnotes":""},"categories":[798,585],"class_list":["post-7209","page","type-page","status-publish","has-post-thumbnail","hentry","category-corporativo","category-sin-categorizar"],"acf":[],"yoast_head":"<!-- This site is optimized with the Yoast SEO plugin v26.8 - https:\/\/yoast.com\/product\/yoast-seo-wordpress\/ -->\n<title>Cornis se integra en el Grupo SITIOS - SITES<\/title>\n<meta name=\"robots\" content=\"index, follow, max-snippet:-1, max-image-preview:large, max-video-preview:-1\" \/>\n<link rel=\"canonical\" href=\"https:\/\/www.sites.fr\/cornis-integre-le-groupe-sites\/\" \/>\n<meta property=\"og:locale\" content=\"es_ES\" \/>\n<meta property=\"og:type\" content=\"article\" \/>\n<meta property=\"og:title\" content=\"Cornis se integra en el Grupo SITIOS - SITES\" \/>\n<meta property=\"og:description\" content=\"[vc_row][vc_column css=\u00bb.vc_custom_1610621130971{border-bottom-width: 10px !important;}\u00bb][vc_column_text css=\u00bb.vc_custom_1610621166139{margin-bottom: 20px !important;}\u00bb] SITES, un grupo de ingenier\u00eda especializado en sostenibilidad de activos estructurales, adquiere la empresa de tecnolog\u00eda Cornis, l\u00edder en la inspecci\u00f3n de turbinas e\u00f3licas y soluciones de inteligencia artificial. [\/vc_column_text][\/vc_column][\/vc_row][vc_row][vc_column][vc_column_text]Especializada en el seguimiento del envejecimiento de las turbinas e\u00f3licas a trav\u00e9s de m\u00e9todos y herramientas de experiencia que...\" \/>\n<meta property=\"og:url\" content=\"https:\/\/www.sites.fr\/cornis-integre-le-groupe-sites\/\" \/>\n<meta property=\"og:site_name\" content=\"SITES\" \/>\n<meta property=\"article:modified_time\" content=\"2025-01-07T11:08:26+00:00\" \/>\n<meta property=\"og:image\" content=\"https:\/\/www.sites.fr\/wp-content\/uploads\/2021\/01\/Cornis.jpg\" \/>\n\t<meta property=\"og:image:width\" content=\"1920\" \/>\n\t<meta property=\"og:image:height\" content=\"1080\" \/>\n\t<meta property=\"og:image:type\" content=\"image\/jpeg\" \/>\n<meta name=\"twitter:card\" content=\"summary_large_image\" \/>\n<meta name=\"twitter:label1\" content=\"Tiempo de lectura\" \/>\n\t<meta name=\"twitter:data1\" content=\"6 minutos\" \/>\n<script type=\"application\/ld+json\" class=\"yoast-schema-graph\">{\"@context\":\"https:\/\/schema.org\",\"@graph\":[{\"@type\":\"WebPage\",\"@id\":\"https:\/\/www.sites.fr\/cornis-integre-le-groupe-sites\/\",\"url\":\"https:\/\/www.sites.fr\/cornis-integre-le-groupe-sites\/\",\"name\":\"Cornis se integra en el Grupo SITIOS - SITES\",\"isPartOf\":{\"@id\":\"https:\/\/www.sites.fr\/en\/#website\"},\"primaryImageOfPage\":{\"@id\":\"https:\/\/www.sites.fr\/cornis-integre-le-groupe-sites\/#primaryimage\"},\"image\":{\"@id\":\"https:\/\/www.sites.fr\/cornis-integre-le-groupe-sites\/#primaryimage\"},\"thumbnailUrl\":\"https:\/\/www.sites.fr\/wp-content\/uploads\/2021\/01\/Cornis.jpg\",\"datePublished\":\"2025-01-07T11:07:46+00:00\",\"dateModified\":\"2025-01-07T11:08:26+00:00\",\"breadcrumb\":{\"@id\":\"https:\/\/www.sites.fr\/cornis-integre-le-groupe-sites\/#breadcrumb\"},\"inLanguage\":\"es\",\"potentialAction\":[{\"@type\":\"ReadAction\",\"target\":[\"https:\/\/www.sites.fr\/cornis-integre-le-groupe-sites\/\"]}]},{\"@type\":\"ImageObject\",\"inLanguage\":\"es\",\"@id\":\"https:\/\/www.sites.fr\/cornis-integre-le-groupe-sites\/#primaryimage\",\"url\":\"https:\/\/www.sites.fr\/wp-content\/uploads\/2021\/01\/Cornis.jpg\",\"contentUrl\":\"https:\/\/www.sites.fr\/wp-content\/uploads\/2021\/01\/Cornis.jpg\",\"width\":1920,\"height\":1080},{\"@type\":\"BreadcrumbList\",\"@id\":\"https:\/\/www.sites.fr\/cornis-integre-le-groupe-sites\/#breadcrumb\",\"itemListElement\":[{\"@type\":\"ListItem\",\"position\":1,\"name\":\"Accueil\",\"item\":\"https:\/\/www.sites.fr\/es\/ingenieria-vigilancia-preventiva-monitoreo-inspeccion-instrumentacion\/\"},{\"@type\":\"ListItem\",\"position\":2,\"name\":\"Cornis se integra en el Grupo SITIOS\"}]},{\"@type\":\"WebSite\",\"@id\":\"https:\/\/www.sites.fr\/en\/#website\",\"url\":\"https:\/\/www.sites.fr\/en\/\",\"name\":\"SITES\",\"description\":\"Ing\u00e9nierie, surveillance pr\u00e9ventive des structures\",\"publisher\":{\"@id\":\"https:\/\/www.sites.fr\/en\/#organization\"},\"potentialAction\":[{\"@type\":\"SearchAction\",\"target\":{\"@type\":\"EntryPoint\",\"urlTemplate\":\"https:\/\/www.sites.fr\/en\/?s={search_term_string}\"},\"query-input\":{\"@type\":\"PropertyValueSpecification\",\"valueRequired\":true,\"valueName\":\"search_term_string\"}}],\"inLanguage\":\"es\"},{\"@type\":\"Organization\",\"@id\":\"https:\/\/www.sites.fr\/en\/#organization\",\"name\":\"SITES\",\"url\":\"https:\/\/www.sites.fr\/en\/\",\"logo\":{\"@type\":\"ImageObject\",\"inLanguage\":\"es\",\"@id\":\"https:\/\/www.sites.fr\/en\/#\/schema\/logo\/image\/\",\"url\":\"https:\/\/www.sites.fr\/wp-content\/uploads\/2024\/02\/Logo-SITES-OK.png\",\"contentUrl\":\"https:\/\/www.sites.fr\/wp-content\/uploads\/2024\/02\/Logo-SITES-OK.png\",\"width\":2480,\"height\":1748,\"caption\":\"SITES\"},\"image\":{\"@id\":\"https:\/\/www.sites.fr\/en\/#\/schema\/logo\/image\/\"},\"sameAs\":[\"https:\/\/www.linkedin.com\/company\/sites-sas-france\/\"]}]}<\/script>\n<!-- \/ Yoast SEO plugin. -->","yoast_head_json":{"title":"Cornis se integra en el Grupo SITIOS - SITES","robots":{"index":"index","follow":"follow","max-snippet":"max-snippet:-1","max-image-preview":"max-image-preview:large","max-video-preview":"max-video-preview:-1"},"canonical":"https:\/\/www.sites.fr\/cornis-integre-le-groupe-sites\/","og_locale":"es_ES","og_type":"article","og_title":"Cornis se integra en el Grupo SITIOS - SITES","og_description":"[vc_row][vc_column css=\u00bb.vc_custom_1610621130971{border-bottom-width: 10px !important;}\u00bb][vc_column_text css=\u00bb.vc_custom_1610621166139{margin-bottom: 20px !important;}\u00bb] SITES, un grupo de ingenier\u00eda especializado en sostenibilidad de activos estructurales, adquiere la empresa de tecnolog\u00eda Cornis, l\u00edder en la inspecci\u00f3n de turbinas e\u00f3licas y soluciones de inteligencia artificial. [\/vc_column_text][\/vc_column][\/vc_row][vc_row][vc_column][vc_column_text]Especializada en el seguimiento del envejecimiento de las turbinas e\u00f3licas a trav\u00e9s de m\u00e9todos y herramientas de experiencia que...","og_url":"https:\/\/www.sites.fr\/cornis-integre-le-groupe-sites\/","og_site_name":"SITES","article_modified_time":"2025-01-07T11:08:26+00:00","og_image":[{"width":1920,"height":1080,"url":"https:\/\/www.sites.fr\/wp-content\/uploads\/2021\/01\/Cornis.jpg","type":"image\/jpeg"}],"twitter_card":"summary_large_image","twitter_misc":{"Tiempo de lectura":"6 minutos"},"schema":{"@context":"https:\/\/schema.org","@graph":[{"@type":"WebPage","@id":"https:\/\/www.sites.fr\/cornis-integre-le-groupe-sites\/","url":"https:\/\/www.sites.fr\/cornis-integre-le-groupe-sites\/","name":"Cornis se integra en el Grupo SITIOS - SITES","isPartOf":{"@id":"https:\/\/www.sites.fr\/en\/#website"},"primaryImageOfPage":{"@id":"https:\/\/www.sites.fr\/cornis-integre-le-groupe-sites\/#primaryimage"},"image":{"@id":"https:\/\/www.sites.fr\/cornis-integre-le-groupe-sites\/#primaryimage"},"thumbnailUrl":"https:\/\/www.sites.fr\/wp-content\/uploads\/2021\/01\/Cornis.jpg","datePublished":"2025-01-07T11:07:46+00:00","dateModified":"2025-01-07T11:08:26+00:00","breadcrumb":{"@id":"https:\/\/www.sites.fr\/cornis-integre-le-groupe-sites\/#breadcrumb"},"inLanguage":"es","potentialAction":[{"@type":"ReadAction","target":["https:\/\/www.sites.fr\/cornis-integre-le-groupe-sites\/"]}]},{"@type":"ImageObject","inLanguage":"es","@id":"https:\/\/www.sites.fr\/cornis-integre-le-groupe-sites\/#primaryimage","url":"https:\/\/www.sites.fr\/wp-content\/uploads\/2021\/01\/Cornis.jpg","contentUrl":"https:\/\/www.sites.fr\/wp-content\/uploads\/2021\/01\/Cornis.jpg","width":1920,"height":1080},{"@type":"BreadcrumbList","@id":"https:\/\/www.sites.fr\/cornis-integre-le-groupe-sites\/#breadcrumb","itemListElement":[{"@type":"ListItem","position":1,"name":"Accueil","item":"https:\/\/www.sites.fr\/es\/ingenieria-vigilancia-preventiva-monitoreo-inspeccion-instrumentacion\/"},{"@type":"ListItem","position":2,"name":"Cornis se integra en el Grupo SITIOS"}]},{"@type":"WebSite","@id":"https:\/\/www.sites.fr\/en\/#website","url":"https:\/\/www.sites.fr\/en\/","name":"SITES","description":"Ing\u00e9nierie, surveillance pr\u00e9ventive des structures","publisher":{"@id":"https:\/\/www.sites.fr\/en\/#organization"},"potentialAction":[{"@type":"SearchAction","target":{"@type":"EntryPoint","urlTemplate":"https:\/\/www.sites.fr\/en\/?s={search_term_string}"},"query-input":{"@type":"PropertyValueSpecification","valueRequired":true,"valueName":"search_term_string"}}],"inLanguage":"es"},{"@type":"Organization","@id":"https:\/\/www.sites.fr\/en\/#organization","name":"SITES","url":"https:\/\/www.sites.fr\/en\/","logo":{"@type":"ImageObject","inLanguage":"es","@id":"https:\/\/www.sites.fr\/en\/#\/schema\/logo\/image\/","url":"https:\/\/www.sites.fr\/wp-content\/uploads\/2024\/02\/Logo-SITES-OK.png","contentUrl":"https:\/\/www.sites.fr\/wp-content\/uploads\/2024\/02\/Logo-SITES-OK.png","width":2480,"height":1748,"caption":"SITES"},"image":{"@id":"https:\/\/www.sites.fr\/en\/#\/schema\/logo\/image\/"},"sameAs":["https:\/\/www.linkedin.com\/company\/sites-sas-france\/"]}]}},"_links":{"self":[{"href":"https:\/\/www.sites.fr\/es\/wp-json\/wp\/v2\/pages\/7209","targetHints":{"allow":["GET"]}}],"collection":[{"href":"https:\/\/www.sites.fr\/es\/wp-json\/wp\/v2\/pages"}],"about":[{"href":"https:\/\/www.sites.fr\/es\/wp-json\/wp\/v2\/types\/page"}],"author":[{"embeddable":true,"href":"https:\/\/www.sites.fr\/es\/wp-json\/wp\/v2\/users\/1"}],"replies":[{"embeddable":true,"href":"https:\/\/www.sites.fr\/es\/wp-json\/wp\/v2\/comments?post=7209"}],"version-history":[{"count":7,"href":"https:\/\/www.sites.fr\/es\/wp-json\/wp\/v2\/pages\/7209\/revisions"}],"predecessor-version":[{"id":7220,"href":"https:\/\/www.sites.fr\/es\/wp-json\/wp\/v2\/pages\/7209\/revisions\/7220"}],"wp:featuredmedia":[{"embeddable":true,"href":"https:\/\/www.sites.fr\/es\/wp-json\/wp\/v2\/media\/7211"}],"wp:attachment":[{"href":"https:\/\/www.sites.fr\/es\/wp-json\/wp\/v2\/media?parent=7209"}],"wp:term":[{"taxonomy":"category","embeddable":true,"href":"https:\/\/www.sites.fr\/es\/wp-json\/wp\/v2\/categories?post=7209"}],"curies":[{"name":"wp","href":"https:\/\/api.w.org\/{rel}","templated":true}]}}