{"id":7178,"date":"2025-01-07T11:30:41","date_gmt":"2025-01-07T10:30:41","guid":{"rendered":"https:\/\/www.sites.fr\/carrera\/indice-de-igualdad-entre-mujeres-y-hombres\/"},"modified":"2025-01-07T11:31:09","modified_gmt":"2025-01-07T10:31:09","slug":"indice-de-igualdad-entre-mujeres-y-hombres","status":"publish","type":"page","link":"https:\/\/www.sites.fr\/es\/carrera\/indice-de-igualdad-entre-mujeres-y-hombres\/","title":{"rendered":"\u00cdndice de igualdad entre mujeres y hombres"},"content":{"rendered":"<div class=\"wpb-content-wrapper\">[vc_row][vc_column][vc_column_text]\n<p>De acuerdo con la legislaci\u00f3n vigente, SITE acaba de calcular su \u00cdndice de Igualdad de G\u00e9nero 2024. De un total de 100 puntos, el \u00edndice de igualdad de g\u00e9nero de 2024 es de 88 puntos. A continuaci\u00f3n se detalla el detalle:<\/p>\n[\/vc_column_text][vc_single_image image=\u00bb6937&#8243; img_size=\u00bbfull\u00bb][\/vc_column][\/vc_row]\n<\/div>","protected":false},"excerpt":{"rendered":"<p>[vc_row][vc_column][vc_column_text] De acuerdo con la legislaci\u00f3n vigente, SITE acaba de calcular su \u00cdndice de Igualdad de G\u00e9nero 2024. De un total de 100 puntos, el \u00edndice de igualdad de g\u00e9nero de 2024 es de 88 puntos. A continuaci\u00f3n se detalla el detalle: [\/vc_column_text][vc_single_image image=\u00bb6937&#8243; img_size=\u00bbfull\u00bb][\/vc_column][\/vc_row]<\/p>\n","protected":false},"author":19,"featured_media":0,"parent":6849,"menu_order":3,"comment_status":"closed","ping_status":"closed","template":"","meta":{"_acf_changed":false,"_monsterinsights_skip_tracking":false,"_monsterinsights_sitenote_active":false,"_monsterinsights_sitenote_note":"","_monsterinsights_sitenote_category":0,"footnotes":""},"categories":[],"class_list":["post-7178","page","type-page","status-publish","hentry"],"acf":[],"yoast_head":"<!-- This site is optimized with the Yoast SEO plugin v26.8 - https:\/\/yoast.com\/product\/yoast-seo-wordpress\/ -->\n<title>\u00cdndice de igualdad entre mujeres y hombres - Contrataci\u00f3n - SITES<\/title>\n<meta name=\"description\" content=\"De un total de 100 puntos, el \u00edndice de igualdad de g\u00e9nero de 2024 es de 88 puntos.\" \/>\n<meta name=\"robots\" content=\"index, follow, max-snippet:-1, max-image-preview:large, max-video-preview:-1\" \/>\n<link rel=\"canonical\" href=\"https:\/\/www.sites.fr\/carriere\/index-degalite-femmes-hommes\/\" \/>\n<meta property=\"og:locale\" content=\"es_ES\" \/>\n<meta property=\"og:type\" content=\"article\" \/>\n<meta property=\"og:title\" content=\"\u00cdndice de igualdad entre mujeres y hombres - Contrataci\u00f3n - SITES\" \/>\n<meta property=\"og:description\" content=\"De un total de 100 puntos, el \u00edndice de igualdad de g\u00e9nero de 2024 es de 88 puntos.\" \/>\n<meta property=\"og:url\" content=\"https:\/\/www.sites.fr\/carriere\/index-degalite-femmes-hommes\/\" \/>\n<meta property=\"og:site_name\" content=\"SITES\" \/>\n<meta property=\"article:modified_time\" content=\"2025-01-07T10:31:09+00:00\" \/>\n<meta name=\"twitter:card\" content=\"summary_large_image\" \/>\n<script type=\"application\/ld+json\" class=\"yoast-schema-graph\">{\"@context\":\"https:\/\/schema.org\",\"@graph\":[{\"@type\":\"WebPage\",\"@id\":\"https:\/\/www.sites.fr\/carriere\/index-degalite-femmes-hommes\/\",\"url\":\"https:\/\/www.sites.fr\/carriere\/index-degalite-femmes-hommes\/\",\"name\":\"\u00cdndice de igualdad entre mujeres y hombres - Contrataci\u00f3n - SITES\",\"isPartOf\":{\"@id\":\"https:\/\/www.sites.fr\/en\/#website\"},\"datePublished\":\"2025-01-07T10:30:41+00:00\",\"dateModified\":\"2025-01-07T10:31:09+00:00\",\"description\":\"De un total de 100 puntos, el \u00edndice de igualdad de g\u00e9nero de 2024 es de 88 puntos.\",\"breadcrumb\":{\"@id\":\"https:\/\/www.sites.fr\/carriere\/index-degalite-femmes-hommes\/#breadcrumb\"},\"inLanguage\":\"es\",\"potentialAction\":[{\"@type\":\"ReadAction\",\"target\":[\"https:\/\/www.sites.fr\/carriere\/index-degalite-femmes-hommes\/\"]}]},{\"@type\":\"BreadcrumbList\",\"@id\":\"https:\/\/www.sites.fr\/carriere\/index-degalite-femmes-hommes\/#breadcrumb\",\"itemListElement\":[{\"@type\":\"ListItem\",\"position\":1,\"name\":\"Accueil\",\"item\":\"https:\/\/www.sites.fr\/es\/ingenieria-vigilancia-preventiva-monitoreo-inspeccion-instrumentacion\/\"},{\"@type\":\"ListItem\",\"position\":2,\"name\":\"Carrera\",\"item\":\"https:\/\/www.sites.fr\/carriere\/\"},{\"@type\":\"ListItem\",\"position\":3,\"name\":\"\u00cdndice de igualdad entre mujeres y hombres\"}]},{\"@type\":\"WebSite\",\"@id\":\"https:\/\/www.sites.fr\/en\/#website\",\"url\":\"https:\/\/www.sites.fr\/en\/\",\"name\":\"SITES\",\"description\":\"Ing\u00e9nierie, surveillance pr\u00e9ventive des structures\",\"publisher\":{\"@id\":\"https:\/\/www.sites.fr\/en\/#organization\"},\"potentialAction\":[{\"@type\":\"SearchAction\",\"target\":{\"@type\":\"EntryPoint\",\"urlTemplate\":\"https:\/\/www.sites.fr\/en\/?s={search_term_string}\"},\"query-input\":{\"@type\":\"PropertyValueSpecification\",\"valueRequired\":true,\"valueName\":\"search_term_string\"}}],\"inLanguage\":\"es\"},{\"@type\":\"Organization\",\"@id\":\"https:\/\/www.sites.fr\/en\/#organization\",\"name\":\"SITES\",\"url\":\"https:\/\/www.sites.fr\/en\/\",\"logo\":{\"@type\":\"ImageObject\",\"inLanguage\":\"es\",\"@id\":\"https:\/\/www.sites.fr\/en\/#\/schema\/logo\/image\/\",\"url\":\"https:\/\/www.sites.fr\/wp-content\/uploads\/2024\/02\/Logo-SITES-OK.png\",\"contentUrl\":\"https:\/\/www.sites.fr\/wp-content\/uploads\/2024\/02\/Logo-SITES-OK.png\",\"width\":2480,\"height\":1748,\"caption\":\"SITES\"},\"image\":{\"@id\":\"https:\/\/www.sites.fr\/en\/#\/schema\/logo\/image\/\"},\"sameAs\":[\"https:\/\/www.linkedin.com\/company\/sites-sas-france\/\"]}]}<\/script>\n<!-- \/ Yoast SEO plugin. -->","yoast_head_json":{"title":"\u00cdndice de igualdad entre mujeres y hombres - Contrataci\u00f3n - SITES","description":"De un total de 100 puntos, el \u00edndice de igualdad de g\u00e9nero de 2024 es de 88 puntos.","robots":{"index":"index","follow":"follow","max-snippet":"max-snippet:-1","max-image-preview":"max-image-preview:large","max-video-preview":"max-video-preview:-1"},"canonical":"https:\/\/www.sites.fr\/carriere\/index-degalite-femmes-hommes\/","og_locale":"es_ES","og_type":"article","og_title":"\u00cdndice de igualdad entre mujeres y hombres - Contrataci\u00f3n - SITES","og_description":"De un total de 100 puntos, el \u00edndice de igualdad de g\u00e9nero de 2024 es de 88 puntos.","og_url":"https:\/\/www.sites.fr\/carriere\/index-degalite-femmes-hommes\/","og_site_name":"SITES","article_modified_time":"2025-01-07T10:31:09+00:00","twitter_card":"summary_large_image","schema":{"@context":"https:\/\/schema.org","@graph":[{"@type":"WebPage","@id":"https:\/\/www.sites.fr\/carriere\/index-degalite-femmes-hommes\/","url":"https:\/\/www.sites.fr\/carriere\/index-degalite-femmes-hommes\/","name":"\u00cdndice de igualdad entre mujeres y hombres - Contrataci\u00f3n - SITES","isPartOf":{"@id":"https:\/\/www.sites.fr\/en\/#website"},"datePublished":"2025-01-07T10:30:41+00:00","dateModified":"2025-01-07T10:31:09+00:00","description":"De un total de 100 puntos, el \u00edndice de igualdad de g\u00e9nero de 2024 es de 88 puntos.","breadcrumb":{"@id":"https:\/\/www.sites.fr\/carriere\/index-degalite-femmes-hommes\/#breadcrumb"},"inLanguage":"es","potentialAction":[{"@type":"ReadAction","target":["https:\/\/www.sites.fr\/carriere\/index-degalite-femmes-hommes\/"]}]},{"@type":"BreadcrumbList","@id":"https:\/\/www.sites.fr\/carriere\/index-degalite-femmes-hommes\/#breadcrumb","itemListElement":[{"@type":"ListItem","position":1,"name":"Accueil","item":"https:\/\/www.sites.fr\/es\/ingenieria-vigilancia-preventiva-monitoreo-inspeccion-instrumentacion\/"},{"@type":"ListItem","position":2,"name":"Carrera","item":"https:\/\/www.sites.fr\/carriere\/"},{"@type":"ListItem","position":3,"name":"\u00cdndice de igualdad entre mujeres y hombres"}]},{"@type":"WebSite","@id":"https:\/\/www.sites.fr\/en\/#website","url":"https:\/\/www.sites.fr\/en\/","name":"SITES","description":"Ing\u00e9nierie, surveillance pr\u00e9ventive des structures","publisher":{"@id":"https:\/\/www.sites.fr\/en\/#organization"},"potentialAction":[{"@type":"SearchAction","target":{"@type":"EntryPoint","urlTemplate":"https:\/\/www.sites.fr\/en\/?s={search_term_string}"},"query-input":{"@type":"PropertyValueSpecification","valueRequired":true,"valueName":"search_term_string"}}],"inLanguage":"es"},{"@type":"Organization","@id":"https:\/\/www.sites.fr\/en\/#organization","name":"SITES","url":"https:\/\/www.sites.fr\/en\/","logo":{"@type":"ImageObject","inLanguage":"es","@id":"https:\/\/www.sites.fr\/en\/#\/schema\/logo\/image\/","url":"https:\/\/www.sites.fr\/wp-content\/uploads\/2024\/02\/Logo-SITES-OK.png","contentUrl":"https:\/\/www.sites.fr\/wp-content\/uploads\/2024\/02\/Logo-SITES-OK.png","width":2480,"height":1748,"caption":"SITES"},"image":{"@id":"https:\/\/www.sites.fr\/en\/#\/schema\/logo\/image\/"},"sameAs":["https:\/\/www.linkedin.com\/company\/sites-sas-france\/"]}]}},"_links":{"self":[{"href":"https:\/\/www.sites.fr\/es\/wp-json\/wp\/v2\/pages\/7178","targetHints":{"allow":["GET"]}}],"collection":[{"href":"https:\/\/www.sites.fr\/es\/wp-json\/wp\/v2\/pages"}],"about":[{"href":"https:\/\/www.sites.fr\/es\/wp-json\/wp\/v2\/types\/page"}],"author":[{"embeddable":true,"href":"https:\/\/www.sites.fr\/es\/wp-json\/wp\/v2\/users\/19"}],"replies":[{"embeddable":true,"href":"https:\/\/www.sites.fr\/es\/wp-json\/wp\/v2\/comments?post=7178"}],"version-history":[{"count":7,"href":"https:\/\/www.sites.fr\/es\/wp-json\/wp\/v2\/pages\/7178\/revisions"}],"predecessor-version":[{"id":7185,"href":"https:\/\/www.sites.fr\/es\/wp-json\/wp\/v2\/pages\/7178\/revisions\/7185"}],"up":[{"embeddable":true,"href":"https:\/\/www.sites.fr\/es\/wp-json\/wp\/v2\/pages\/6849"}],"wp:attachment":[{"href":"https:\/\/www.sites.fr\/es\/wp-json\/wp\/v2\/media?parent=7178"}],"wp:term":[{"taxonomy":"category","embeddable":true,"href":"https:\/\/www.sites.fr\/es\/wp-json\/wp\/v2\/categories?post=7178"}],"curies":[{"name":"wp","href":"https:\/\/api.w.org\/{rel}","templated":true}]}}