{"id":6796,"date":"2024-06-04T15:08:43","date_gmt":"2024-06-04T13:08:43","guid":{"rendered":"https:\/\/www.sites.fr\/certificados-y-calificaciones\/"},"modified":"2025-01-13T15:26:05","modified_gmt":"2025-01-13T14:26:05","slug":"certificados-y-calificaciones","status":"publish","type":"page","link":"https:\/\/www.sites.fr\/es\/quien-somos\/certificados-y-calificaciones\/","title":{"rendered":"Certificados y calificaciones"},"content":{"rendered":"<div class=\"wpb-content-wrapper\">[vc_row][vc_column][vc_column_text]\n<h3>SITES prioriza la satisfacci\u00f3n del cliente. Nuestra organizaci\u00f3n es reconocida por sus compromisos en materia de calidad. Contamos con certificaciones y calificaciones otorgadas por importantes contratistas, como EDF-UTO en el \u00e1mbito nuclear.<\/h3>\n<p>&nbsp;<\/p>\n<h5>CERTIFICACI\u00d3N ISO<\/h5>\n<p>El sistema de gesti\u00f3n de SITES ha sido evaluado y considerado conforme a los requisitos establecidos por las normas ISO 14001:2015 (n.\u00ba 85299), ISO 9001:2015 (n.\u00ba 85298), ISO 45001:2018 (n.\u00ba 85301) e ISO 19443:2018.[\/vc_column_text][vc_single_image image=\u00bb3139&#8243; img_size=\u00bblarge\u00bb alignment=\u00bbcenter\u00bb onclick=\u00bbcustom_link\u00bb img_link_target=\u00bb_blank\u00bb css_animation=\u00bbfadeIn\u00bb link=\u00bbhttps:\/\/www.sites.fr\/wp-content\/uploads\/2020\/01\/certificat-853021qsesites-1pdf.pdf\u00bb][vc_column_text css=\u00bb\u00bb]A principios de 2024, se evalu\u00f3 el sistema de gesti\u00f3n de SITES y se determin\u00f3 que cumpl\u00eda los requisitos de la norma ISO 19443:2024 (n\u00ba 108289) para actividades importantes para la seguridad nuclear.[\/vc_column_text][vc_single_image image=\u00bb7066&#8243; img_size=\u00bblarge\u00bb alignment=\u00bbcenter\u00bb onclick=\u00bbcustom_link\u00bb img_link_target=\u00bb_blank\u00bb css_animation=\u00bbfadeIn\u00bb css=\u00bb\u00bb link=\u00bbhttps:\/\/www.sites.fr\/wp-content\/uploads\/2024\/12\/CERTIFICAT-Surete-SITES-ISO-19443-2024_108289.1.pdf\u00bb][vc_column_text]\n<h5>SECTOR NUCLEAR<\/h5>\n<ol>\n<li>Una certificaci\u00f3n CEFRI E (N.\u00ba 321E &#8211; Exposici\u00f3n a radiaciones ionizantes) desde 1999,<\/li>\n<li>Una calificaci\u00f3n otorgada por EDF-UTO (sector nuclear) en &#8216;Electricidad, control de comando&#8217;, en &#8216;Controles, an\u00e1lisis, mediciones y pruebas&#8217;, y en &#8216;Servicios intelectuales y asistencia t\u00e9cnica&#8217;.<\/li>\n<\/ol>\n<p>&nbsp;<\/p>\n<h5>SECTOR HIDR\u00c1ULICO<\/h5>\n<p>Desde su creaci\u00f3n, SITES inspecciona, sigue y supervisa las mayores presas, tanto en Francia como a nivel internacional.<br \/>\nPoseemos una calificaci\u00f3n otorgada por EDF-CIH (sector hidr\u00e1ulico), en &#8216;Estudios, investigaciones, inspecci\u00f3n de ingenier\u00eda civil&#8217;.<\/p>\n<p>&nbsp;<\/p>\n<h5>QUALIFICACI\u00d3N POR LA SNCF<\/h5>\n<p>En el marco de los trabajos de regeneraci\u00f3n de obras de arte y los estudios de obras de arte ferroviarias, SITES posee una calificaci\u00f3n otorgada por la SNCF para los siguientes servicios :<\/p>\n<ol>\n<li>Reconocimiento de cimentaciones: auscultaci\u00f3n de cimentaciones.<\/li>\n<li>Dise\u00f1o y realizaci\u00f3n de estudios de vibraciones &#8211; Explosivos.<\/li>\n<li>Dise\u00f1o y realizaci\u00f3n de estudios de vibraciones &#8211; Maquinaria de construcci\u00f3n <\/li>\n<\/ol>\n<p>&nbsp;<\/p>\n<h5>QUALIFICACI\u00d3N DE OPQIBI<\/h5>\n<p>SITES est\u00e1 calificado por OPQIBI en las siguientes categor\u00edas :<\/p>\n<ol>\n<li>Estudio en restauraci\u00f3n de estructuras (N.\u00ba 1209),<\/li>\n<li>Diagn\u00f3stico en obras de arte (N.\u00ba 1820).<\/li>\n<li>Inspecci\u00f3n detallada de obras comunes (N.\u00ba 1110)<\/li>\n<li>Inspecci\u00f3n detallada de obras excepcionales (N.\u00ba 1111)<\/li>\n<\/ol>\n<p>&nbsp;<\/p>\n<h5>HABILITACI\u00d3N INFORM\u00c1TICA DE MICROSOFT<\/h5>\n<p><em>MICROSOFT CERTIFIED PARTNER<\/em>, MICROSOFT CERTIFIED PARTNER, SITES cuenta con una habilitaci\u00f3n inform\u00e1tica de Microsoft en &#8216;Dise\u00f1o e implementaci\u00f3n de soluciones basadas en redes IP&#8217;.[\/vc_column_text][\/vc_column][\/vc_row]\n<\/div>","protected":false},"excerpt":{"rendered":"<p>[vc_row][vc_column][vc_column_text] SITES prioriza la satisfacci\u00f3n del cliente. Nuestra organizaci\u00f3n es reconocida por sus compromisos en materia de calidad. Contamos con certificaciones y calificaciones otorgadas por importantes contratistas, como EDF-UTO en el \u00e1mbito nuclear. &nbsp; CERTIFICACI\u00d3N ISO El sistema de gesti\u00f3n de SITES ha sido evaluado y considerado conforme a los requisitos establecidos por las normas&#8230;<\/p>\n","protected":false},"author":1,"featured_media":6512,"parent":7322,"menu_order":0,"comment_status":"closed","ping_status":"closed","template":"","meta":{"_acf_changed":false,"_monsterinsights_skip_tracking":false,"_monsterinsights_sitenote_active":false,"_monsterinsights_sitenote_note":"","_monsterinsights_sitenote_category":0,"footnotes":""},"categories":[],"class_list":["post-6796","page","type-page","status-publish","has-post-thumbnail","hentry"],"acf":[],"yoast_head":"<!-- This site is optimized with the Yoast SEO plugin v26.8 - https:\/\/yoast.com\/product\/yoast-seo-wordpress\/ -->\n<title>Certificados y calificaciones - SITES<\/title>\n<meta name=\"robots\" content=\"index, follow, max-snippet:-1, max-image-preview:large, max-video-preview:-1\" \/>\n<link rel=\"canonical\" href=\"https:\/\/www.sites.fr\/qui-sommes-nous\/certificats-et-qualifications\/\" \/>\n<meta property=\"og:locale\" content=\"es_ES\" \/>\n<meta property=\"og:type\" content=\"article\" \/>\n<meta property=\"og:title\" content=\"Certificados y calificaciones - SITES\" \/>\n<meta property=\"og:description\" content=\"[vc_row][vc_column][vc_column_text] SITES prioriza la satisfacci\u00f3n del cliente. Nuestra organizaci\u00f3n es reconocida por sus compromisos en materia de calidad. Contamos con certificaciones y calificaciones otorgadas por importantes contratistas, como EDF-UTO en el \u00e1mbito nuclear. &nbsp; CERTIFICACI\u00d3N ISO El sistema de gesti\u00f3n de SITES ha sido evaluado y considerado conforme a los requisitos establecidos por las normas...\" \/>\n<meta property=\"og:url\" content=\"https:\/\/www.sites.fr\/qui-sommes-nous\/certificats-et-qualifications\/\" \/>\n<meta property=\"og:site_name\" content=\"SITES\" \/>\n<meta property=\"article:modified_time\" content=\"2025-01-13T14:26:05+00:00\" \/>\n<meta property=\"og:image\" content=\"https:\/\/www.sites.fr\/wp-content\/uploads\/2016\/07\/qui-sommes-nous.jpg\" \/>\n\t<meta property=\"og:image:width\" content=\"1670\" \/>\n\t<meta property=\"og:image:height\" content=\"634\" \/>\n\t<meta property=\"og:image:type\" content=\"image\/jpeg\" \/>\n<meta name=\"twitter:card\" content=\"summary_large_image\" \/>\n<meta name=\"twitter:label1\" content=\"Tiempo de lectura\" \/>\n\t<meta name=\"twitter:data1\" content=\"2 minutos\" \/>\n<script type=\"application\/ld+json\" class=\"yoast-schema-graph\">{\"@context\":\"https:\/\/schema.org\",\"@graph\":[{\"@type\":\"WebPage\",\"@id\":\"https:\/\/www.sites.fr\/qui-sommes-nous\/certificats-et-qualifications\/\",\"url\":\"https:\/\/www.sites.fr\/qui-sommes-nous\/certificats-et-qualifications\/\",\"name\":\"Certificados y calificaciones - SITES\",\"isPartOf\":{\"@id\":\"https:\/\/www.sites.fr\/en\/#website\"},\"primaryImageOfPage\":{\"@id\":\"https:\/\/www.sites.fr\/qui-sommes-nous\/certificats-et-qualifications\/#primaryimage\"},\"image\":{\"@id\":\"https:\/\/www.sites.fr\/qui-sommes-nous\/certificats-et-qualifications\/#primaryimage\"},\"thumbnailUrl\":\"https:\/\/www.sites.fr\/wp-content\/uploads\/2016\/07\/qui-sommes-nous.jpg\",\"datePublished\":\"2024-06-04T13:08:43+00:00\",\"dateModified\":\"2025-01-13T14:26:05+00:00\",\"breadcrumb\":{\"@id\":\"https:\/\/www.sites.fr\/qui-sommes-nous\/certificats-et-qualifications\/#breadcrumb\"},\"inLanguage\":\"es\",\"potentialAction\":[{\"@type\":\"ReadAction\",\"target\":[\"https:\/\/www.sites.fr\/qui-sommes-nous\/certificats-et-qualifications\/\"]}]},{\"@type\":\"ImageObject\",\"inLanguage\":\"es\",\"@id\":\"https:\/\/www.sites.fr\/qui-sommes-nous\/certificats-et-qualifications\/#primaryimage\",\"url\":\"https:\/\/www.sites.fr\/wp-content\/uploads\/2016\/07\/qui-sommes-nous.jpg\",\"contentUrl\":\"https:\/\/www.sites.fr\/wp-content\/uploads\/2016\/07\/qui-sommes-nous.jpg\",\"width\":1670,\"height\":634},{\"@type\":\"BreadcrumbList\",\"@id\":\"https:\/\/www.sites.fr\/qui-sommes-nous\/certificats-et-qualifications\/#breadcrumb\",\"itemListElement\":[{\"@type\":\"ListItem\",\"position\":1,\"name\":\"Accueil\",\"item\":\"https:\/\/www.sites.fr\/es\/ingenieria-vigilancia-preventiva-monitoreo-inspeccion-instrumentacion\/\"},{\"@type\":\"ListItem\",\"position\":2,\"name\":\"\u00bfQui\u00e9n somos?\",\"item\":\"https:\/\/www.sites.fr\/qui-sommes-nous\/\"},{\"@type\":\"ListItem\",\"position\":3,\"name\":\"Certificados y calificaciones\"}]},{\"@type\":\"WebSite\",\"@id\":\"https:\/\/www.sites.fr\/en\/#website\",\"url\":\"https:\/\/www.sites.fr\/en\/\",\"name\":\"SITES\",\"description\":\"Ing\u00e9nierie, surveillance pr\u00e9ventive des structures\",\"publisher\":{\"@id\":\"https:\/\/www.sites.fr\/en\/#organization\"},\"potentialAction\":[{\"@type\":\"SearchAction\",\"target\":{\"@type\":\"EntryPoint\",\"urlTemplate\":\"https:\/\/www.sites.fr\/en\/?s={search_term_string}\"},\"query-input\":{\"@type\":\"PropertyValueSpecification\",\"valueRequired\":true,\"valueName\":\"search_term_string\"}}],\"inLanguage\":\"es\"},{\"@type\":\"Organization\",\"@id\":\"https:\/\/www.sites.fr\/en\/#organization\",\"name\":\"SITES\",\"url\":\"https:\/\/www.sites.fr\/en\/\",\"logo\":{\"@type\":\"ImageObject\",\"inLanguage\":\"es\",\"@id\":\"https:\/\/www.sites.fr\/en\/#\/schema\/logo\/image\/\",\"url\":\"https:\/\/www.sites.fr\/wp-content\/uploads\/2024\/02\/Logo-SITES-OK.png\",\"contentUrl\":\"https:\/\/www.sites.fr\/wp-content\/uploads\/2024\/02\/Logo-SITES-OK.png\",\"width\":2480,\"height\":1748,\"caption\":\"SITES\"},\"image\":{\"@id\":\"https:\/\/www.sites.fr\/en\/#\/schema\/logo\/image\/\"},\"sameAs\":[\"https:\/\/www.linkedin.com\/company\/sites-sas-france\/\"]}]}<\/script>\n<!-- \/ Yoast SEO plugin. -->","yoast_head_json":{"title":"Certificados y calificaciones - SITES","robots":{"index":"index","follow":"follow","max-snippet":"max-snippet:-1","max-image-preview":"max-image-preview:large","max-video-preview":"max-video-preview:-1"},"canonical":"https:\/\/www.sites.fr\/qui-sommes-nous\/certificats-et-qualifications\/","og_locale":"es_ES","og_type":"article","og_title":"Certificados y calificaciones - SITES","og_description":"[vc_row][vc_column][vc_column_text] SITES prioriza la satisfacci\u00f3n del cliente. Nuestra organizaci\u00f3n es reconocida por sus compromisos en materia de calidad. Contamos con certificaciones y calificaciones otorgadas por importantes contratistas, como EDF-UTO en el \u00e1mbito nuclear. &nbsp; CERTIFICACI\u00d3N ISO El sistema de gesti\u00f3n de SITES ha sido evaluado y considerado conforme a los requisitos establecidos por las normas...","og_url":"https:\/\/www.sites.fr\/qui-sommes-nous\/certificats-et-qualifications\/","og_site_name":"SITES","article_modified_time":"2025-01-13T14:26:05+00:00","og_image":[{"width":1670,"height":634,"url":"https:\/\/www.sites.fr\/wp-content\/uploads\/2016\/07\/qui-sommes-nous.jpg","type":"image\/jpeg"}],"twitter_card":"summary_large_image","twitter_misc":{"Tiempo de lectura":"2 minutos"},"schema":{"@context":"https:\/\/schema.org","@graph":[{"@type":"WebPage","@id":"https:\/\/www.sites.fr\/qui-sommes-nous\/certificats-et-qualifications\/","url":"https:\/\/www.sites.fr\/qui-sommes-nous\/certificats-et-qualifications\/","name":"Certificados y calificaciones - SITES","isPartOf":{"@id":"https:\/\/www.sites.fr\/en\/#website"},"primaryImageOfPage":{"@id":"https:\/\/www.sites.fr\/qui-sommes-nous\/certificats-et-qualifications\/#primaryimage"},"image":{"@id":"https:\/\/www.sites.fr\/qui-sommes-nous\/certificats-et-qualifications\/#primaryimage"},"thumbnailUrl":"https:\/\/www.sites.fr\/wp-content\/uploads\/2016\/07\/qui-sommes-nous.jpg","datePublished":"2024-06-04T13:08:43+00:00","dateModified":"2025-01-13T14:26:05+00:00","breadcrumb":{"@id":"https:\/\/www.sites.fr\/qui-sommes-nous\/certificats-et-qualifications\/#breadcrumb"},"inLanguage":"es","potentialAction":[{"@type":"ReadAction","target":["https:\/\/www.sites.fr\/qui-sommes-nous\/certificats-et-qualifications\/"]}]},{"@type":"ImageObject","inLanguage":"es","@id":"https:\/\/www.sites.fr\/qui-sommes-nous\/certificats-et-qualifications\/#primaryimage","url":"https:\/\/www.sites.fr\/wp-content\/uploads\/2016\/07\/qui-sommes-nous.jpg","contentUrl":"https:\/\/www.sites.fr\/wp-content\/uploads\/2016\/07\/qui-sommes-nous.jpg","width":1670,"height":634},{"@type":"BreadcrumbList","@id":"https:\/\/www.sites.fr\/qui-sommes-nous\/certificats-et-qualifications\/#breadcrumb","itemListElement":[{"@type":"ListItem","position":1,"name":"Accueil","item":"https:\/\/www.sites.fr\/es\/ingenieria-vigilancia-preventiva-monitoreo-inspeccion-instrumentacion\/"},{"@type":"ListItem","position":2,"name":"\u00bfQui\u00e9n somos?","item":"https:\/\/www.sites.fr\/qui-sommes-nous\/"},{"@type":"ListItem","position":3,"name":"Certificados y calificaciones"}]},{"@type":"WebSite","@id":"https:\/\/www.sites.fr\/en\/#website","url":"https:\/\/www.sites.fr\/en\/","name":"SITES","description":"Ing\u00e9nierie, surveillance pr\u00e9ventive des structures","publisher":{"@id":"https:\/\/www.sites.fr\/en\/#organization"},"potentialAction":[{"@type":"SearchAction","target":{"@type":"EntryPoint","urlTemplate":"https:\/\/www.sites.fr\/en\/?s={search_term_string}"},"query-input":{"@type":"PropertyValueSpecification","valueRequired":true,"valueName":"search_term_string"}}],"inLanguage":"es"},{"@type":"Organization","@id":"https:\/\/www.sites.fr\/en\/#organization","name":"SITES","url":"https:\/\/www.sites.fr\/en\/","logo":{"@type":"ImageObject","inLanguage":"es","@id":"https:\/\/www.sites.fr\/en\/#\/schema\/logo\/image\/","url":"https:\/\/www.sites.fr\/wp-content\/uploads\/2024\/02\/Logo-SITES-OK.png","contentUrl":"https:\/\/www.sites.fr\/wp-content\/uploads\/2024\/02\/Logo-SITES-OK.png","width":2480,"height":1748,"caption":"SITES"},"image":{"@id":"https:\/\/www.sites.fr\/en\/#\/schema\/logo\/image\/"},"sameAs":["https:\/\/www.linkedin.com\/company\/sites-sas-france\/"]}]}},"_links":{"self":[{"href":"https:\/\/www.sites.fr\/es\/wp-json\/wp\/v2\/pages\/6796","targetHints":{"allow":["GET"]}}],"collection":[{"href":"https:\/\/www.sites.fr\/es\/wp-json\/wp\/v2\/pages"}],"about":[{"href":"https:\/\/www.sites.fr\/es\/wp-json\/wp\/v2\/types\/page"}],"author":[{"embeddable":true,"href":"https:\/\/www.sites.fr\/es\/wp-json\/wp\/v2\/users\/1"}],"replies":[{"embeddable":true,"href":"https:\/\/www.sites.fr\/es\/wp-json\/wp\/v2\/comments?post=6796"}],"version-history":[{"count":9,"href":"https:\/\/www.sites.fr\/es\/wp-json\/wp\/v2\/pages\/6796\/revisions"}],"predecessor-version":[{"id":7651,"href":"https:\/\/www.sites.fr\/es\/wp-json\/wp\/v2\/pages\/6796\/revisions\/7651"}],"up":[{"embeddable":true,"href":"https:\/\/www.sites.fr\/es\/wp-json\/wp\/v2\/pages\/7322"}],"wp:featuredmedia":[{"embeddable":true,"href":"https:\/\/www.sites.fr\/es\/wp-json\/wp\/v2\/media\/6512"}],"wp:attachment":[{"href":"https:\/\/www.sites.fr\/es\/wp-json\/wp\/v2\/media?parent=6796"}],"wp:term":[{"taxonomy":"category","embeddable":true,"href":"https:\/\/www.sites.fr\/es\/wp-json\/wp\/v2\/categories?post=6796"}],"curies":[{"name":"wp","href":"https:\/\/api.w.org\/{rel}","templated":true}]}}