{"id":628,"date":"2016-06-08T11:28:57","date_gmt":"2016-06-08T09:28:57","guid":{"rendered":"https:\/\/www.sites.fr\/en\/contact\/"},"modified":"2025-01-07T15:42:09","modified_gmt":"2025-01-07T14:42:09","slug":"contact","status":"publish","type":"page","link":"https:\/\/www.sites.fr\/en\/contact\/","title":{"rendered":"Contact"},"content":{"rendered":"<div class=\"wpb-content-wrapper\">[vc_row][vc_column width=&#8221;2\/3&#8243;][vc_column_text]\n<h3>You would like to be contacted by one of our experts, receive a quote, or get more information ?<\/h3>\n<p>Please fill out the form below, ensuring that all required information is provided to allow us to process your request efficiently. We will respond to you as soon as possible. For spontaneous applications or internship\/apprenticeship requests, <a href=\"https:\/\/www.smartrecruiters.com\/Sites\/743999819178873-candidature-spontanee\" target=\"_blank\" rel=\"noopener noreferrer\">Please fill out this form<\/a>.[\/vc_column_text][vc_separator color=&#8221;white&#8221;][vc_column_text]\n<div class=\"wpcf7 no-js\" id=\"wpcf7-f4-o1\" lang=\"fr-FR\" dir=\"ltr\" data-wpcf7-id=\"4\">\n<div class=\"screen-reader-response\"><p role=\"status\" aria-live=\"polite\" aria-atomic=\"true\"><\/p> <ul><\/ul><\/div>\n<form action=\"\/en\/wp-json\/wp\/v2\/pages\/628#wpcf7-f4-o1\" method=\"post\" class=\"wpcf7-form init\" aria-label=\"Formulaire de contact\" enctype=\"multipart\/form-data\" novalidate=\"novalidate\" data-status=\"init\">\n<fieldset class=\"hidden-fields-container\"><input type=\"hidden\" name=\"_wpcf7\" value=\"4\" \/><input type=\"hidden\" name=\"_wpcf7_version\" value=\"6.1.5\" \/><input type=\"hidden\" name=\"_wpcf7_locale\" value=\"fr_FR\" \/><input type=\"hidden\" name=\"_wpcf7_unit_tag\" value=\"wpcf7-f4-o1\" \/><input type=\"hidden\" name=\"_wpcf7_container_post\" value=\"0\" \/><input type=\"hidden\" name=\"_wpcf7_posted_data_hash\" value=\"\" \/><input type=\"hidden\" name=\"_wpcf7dtx_version\" value=\"5.0.5\" \/><input type=\"hidden\" name=\"_wpcf7_recaptcha_response\" value=\"\" \/>\n<\/fieldset>\n<p>Votre nom (obligatoire)\n<\/p>\n<p><span class=\"wpcf7-form-control-wrap\" data-name=\"your-name\"><input size=\"40\" maxlength=\"400\" class=\"wpcf7-form-control wpcf7-text wpcf7-validates-as-required\" aria-required=\"true\" aria-invalid=\"false\" value=\"\" type=\"text\" name=\"your-name\" \/><\/span>\n<\/p>\n<p>Votre email (obligatoire)\n<\/p>\n<p><span class=\"wpcf7-form-control-wrap\" data-name=\"your-email\"><input size=\"40\" maxlength=\"400\" class=\"wpcf7-form-control wpcf7-email wpcf7-validates-as-required wpcf7-text wpcf7-validates-as-email\" aria-required=\"true\" aria-invalid=\"false\" value=\"\" type=\"email\" name=\"your-email\" \/><\/span>\n<\/p>\n<p>Nom de votre soci\u00e9t\u00e9 (obligatoire)\n<\/p>\n<p><span class=\"wpcf7-form-control-wrap\" data-name=\"your-company\"><input size=\"40\" maxlength=\"400\" class=\"wpcf7-form-control wpcf7-text wpcf7-validates-as-required\" aria-required=\"true\" aria-invalid=\"false\" value=\"\" type=\"text\" name=\"your-company\" \/><\/span>\n<\/p>\n<p>Votre num\u00e9ro de t\u00e9l\u00e9phone (obligatoire)\n<\/p>\n<p><span class=\"wpcf7-form-control-wrap\" data-name=\"your-phone\"><input size=\"40\" maxlength=\"400\" class=\"wpcf7-form-control wpcf7-text wpcf7-validates-as-required\" aria-required=\"true\" aria-invalid=\"false\" value=\"\" type=\"text\" name=\"your-phone\" \/><\/span>\n<\/p>\n<p>Quel est l'objet de votre demande ?\n<\/p>\n<p><span class=\"wpcf7-form-control-wrap\" data-name=\"your-subject\"><input size=\"40\" maxlength=\"400\" class=\"wpcf7-form-control wpcf7-text\" aria-invalid=\"false\" value=\"\" type=\"text\" name=\"your-subject\" \/><\/span>\n<\/p>\n<p>Votre message\n<\/p>\n<p><span class=\"wpcf7-form-control-wrap\" data-name=\"your-message\"><textarea cols=\"40\" rows=\"10\" maxlength=\"2000\" class=\"wpcf7-form-control wpcf7-textarea\" aria-invalid=\"false\" name=\"your-message\"><\/textarea><\/span>\n<\/p>\n<p>Int\u00e9grer une pi\u00e8ce jointe au message\n<\/p>\n<p><span class=\"wpcf7-form-control-wrap\" data-name=\"lettre\"><input size=\"40\" class=\"wpcf7-form-control wpcf7-file\" accept=\"audio\/*,video\/*,image\/*\" aria-invalid=\"false\" type=\"file\" name=\"lettre\" \/><\/span>\n<\/p>\n\n<p><span class=\"wpcf7-form-control-wrap\" data-name=\"acceptance-212\"><span class=\"wpcf7-form-control wpcf7-acceptance\"><span class=\"wpcf7-list-item\"><label><input type=\"checkbox\" name=\"acceptance-212\" value=\"1\" aria-invalid=\"false\" \/><span class=\"wpcf7-list-item-label\">J'accepte la <a target=\"_blank\" href=\"\/politique-de-confidentialite\/\">politique de confidentialit\u00e9<\/a><\/span><\/label><\/span><\/span><\/span>\n<\/p>\n<p><input class=\"wpcf7-form-control wpcf7-submit has-spinner\" type=\"submit\" value=\"Envoyer\" \/>\n<\/p><input type='hidden' class='wpcf7-pum' value='{\"closepopup\":false,\"closedelay\":0,\"openpopup\":false,\"openpopup_id\":0}' \/><div class=\"wpcf7-response-output\" aria-hidden=\"true\"><\/div>\n<\/form>\n<\/div>\n[\/vc_column_text][vc_separator color=&#8221;white&#8221;][\/vc_column][vc_column width=&#8221;1\/3&#8243;][vc_column_text]<span style=\"color: #1e56a3\"><strong><img decoding=\"async\" width=\"55\" height=\"68\" class=\"alignnone size-full wp-image-375\" src=\"https:\/\/www.sites.fr\/wp-content\/uploads\/2016\/06\/Pins-sites.png\" alt=\"Pins-sites\" \/><\/strong><\/span><\/p>\n<p><span style=\"color: #1e56a3\"><strong>SITES &#8211; Paris (Head office \/ Production agency)<\/strong><\/span><\/p>\n<div class=\"page\" title=\"Page 1\">\n<div class=\"layoutArea\">\n<div class=\"column\">\n<p>1 avenue Edouard Belin &#8211; 92500 RUEIL MALMAISON<\/p>\n<p>T\u00e9l : +33 1 41 39 02 00<\/p>\n<p>&nbsp;<\/p>\n<\/div>\n<div class=\"page\" title=\"Page 1\">\n<div class=\"layoutArea\">\n<p><span style=\"color: #1e56a3\"><strong><img decoding=\"async\" width=\"55\" height=\"68\" class=\"alignnone size-full wp-image-375\" src=\"https:\/\/www.sites.fr\/wp-content\/uploads\/2016\/06\/Pins-sites.png\" alt=\"Pins-sites\" \/><\/strong><\/span><\/p>\n<div class=\"column\">\n<p><span style=\"color: #1e56a3\"><strong>SITES &#8211; Rho\u0302ne-Alpes (Dardilly)<\/strong><\/span><\/p>\n<p>5, route du Pe\u0301rollier &#8211; 69570 DARDILLY<\/p>\n<p>T\u00e9l : 04 78 33 80 00<\/p>\n<\/div>\n<\/div>\n<div class=\"page\" title=\"Page 1\">\n<div class=\"layoutArea\">\n<div class=\"column\">\n<p>&nbsp;<\/p>\n<p><span style=\"color: #1e56a3\"><strong>SITES &#8211; Rho\u0302ne-Alpes (Les Muguets)<\/strong><\/span><\/p>\n<p>6 bis, chemin des Muguets &#8211; 69130 ECULLY<\/p>\n<p>T\u00e9l : +33 4 37 46 01 80<\/p>\n<\/div>\n<\/div>\n<div class=\"page\" title=\"Page 1\">\n<div class=\"layoutArea\">\n<div class=\"column\">\n<p>&nbsp;<\/p>\n<p><span style=\"color: #1e56a3\"><strong>SITES &#8211; Nord<\/strong><\/span><\/p>\n<p>274 Bis Avenue de La Marne<br \/>\nParc Affaires Ch\u00e2teau Rouge \u2013 WOOD PARK &#8211; B\u00e2t A<br \/>\n59700 MARCQ-EN-BAROEUL<\/p>\n<p>T\u00e9l : +33 3 20 65 99 30<\/p>\n<p>&nbsp;<\/p>\n<\/div>\n<div class=\"layoutArea\">\n<div class=\"column\">\n<p><span style=\"color: #1e56a3\"><strong>SITES &#8211; Bureau de Coquelles<\/strong><\/span><\/p>\n<p>30, boulevard du Parc &#8211; 62231 COQUELLES<\/p>\n<p>T\u00e9l : +33 3 28 66 07 28<\/p>\n<\/div>\n<\/div>\n<div class=\"page\" title=\"Page 1\">\n<div class=\"layoutArea\">\n<div class=\"column\">\n<p>&nbsp;<\/p>\n<\/div>\n<\/div>\n<\/div>\n<\/div>\n<div class=\"page\" title=\"Page 1\">\n<div class=\"layoutArea\">\n<div class=\"column\">\n<p><span style=\"color: #1e56a3\"><strong>SITES &#8211; Provence<\/strong><\/span><\/p>\n<p>Domaine du Tourillon \u2013 Ba\u0302t. B<br \/>\n355, rue Denis Papin &#8211; 13857 AIX-EN-PROVENCE CEDEX 3<\/p>\n<p>T\u00e9l : +33 4 42 37 15 80<\/p>\n<\/div>\n<\/div>\n<div class=\"page\" title=\"Page 1\">\n<div class=\"layoutArea\">\n<div class=\"column\">\n<p>&nbsp;<\/p>\n<p><span style=\"color: #1e56a3\"><strong>SITES &#8211; Centre<\/strong><\/span><\/p>\n<p>34 E, rue Michael Faraday &#8211; 37170 CHAMBRAY-L\u00c8S-TOURS<\/p>\n<p>T\u00e9l : +33 2 47 85 48 38<\/p>\n<\/div>\n<p>&nbsp;<\/p>\n<p><span style=\"color: #1e56a3\"><strong>SITES &#8211; Bureau de Balma<\/strong><\/span><\/p>\n<p>18, avenue Charles de Gaulle (B\u00e2timent 36) &#8211; 31130 BALMA<\/p>\n<div class=\"column\">\n<p>&nbsp;<\/p>\n<\/div>\n<\/div>\n<\/div>\n<p><span style=\"color: #1e56a3\"><strong><img decoding=\"async\" width=\"55\" height=\"68\" class=\"alignnone size-full wp-image-375\" src=\"https:\/\/www.sites.fr\/wp-content\/uploads\/2016\/06\/Pins-sites.png\" alt=\"Pins-sites\" \/><\/strong><\/span><\/p>\n<p><span style=\"color: #1e56a3\"><strong>SI TAI &#8211; filiale de SITES en Chine<\/strong><\/span><\/p>\n<div class=\"page\" title=\"Page 1\">\n<div class=\"layoutArea\">\n<div class=\"column\">\n<p>ECAT Park-Building D-505B<br \/>\n4 Shafeng 3rd Road, Jinshazhou<br \/>\nBaiyun District, Guangzhou 510168 &#8211; CHINA<\/p>\n<p>T\u00e9l : +86 20 87676858<br \/>\nEmail :\u00a0<a href=\"mailto:fang.chen@sites.fr\">fang.chen@sites.fr<\/a><br \/>\nSite Web :\u00a0<a href=\"http:\/\/www.sites-china.com.cn\/\" target=\"_blank\" rel=\"noopener noreferrer\">www.sites-china.com.cn<\/a><\/p>\n<p>&nbsp;<\/p>\n<\/div>\n<\/div>\n<p><span style=\"color: #1e56a3\"><strong>SITES AFLA (PTY) LTD \u2013 filiale de SITES en Afrique du Sud<\/strong><\/span><\/p>\n<div class=\"page\" title=\"Page 1\">\n<div class=\"layoutArea\">\n<div class=\"column\">\n<p>28 Sloane Street &#8211; Block C, BRYANSTON, Johannesburg \u2013 SOUTH AFRICA<\/p>\n<p>T\u00e9l\u00a0: +27 11\u00a0463 6068<br \/>\nFax\u00a0:\u00a0+27 11\u00a0463 6024<br \/>\nEmail :\u00a0\u00a0<a href=\"mailto:info@sites-afla.co.za\">info@sites-afla.co.za<\/a>\u00a0\u00a0<a href=\"mailto:%20%3Cscript%20type=%27text\/javascript%27%3E%20%3C%21--%20var%20prefix%20=%20%27ma%27%20+%20%27il%27%20+%20%27to%27;%20var%20path%20=%20%27hr%27%20+%20%27ef%27%20+%20%27=%27;%20var%20addy17013%20=%20%27info%27%20+%20%27@%27;%20addy17013%20=%20addy17013%20+%20%27sites-afla%27%20+%20%27.%27%20+%20%27co%27%20+%20%27.%27%20+%20%27za%27;%20document.write%28%27%3Ca%20%27%20+%20path%20+%20%27\/%27%27%20+%20prefix%20+%20%27:%27%20+%20addy17013%20+%20%27\/%27%3E%27%29;%20document.write%28addy17013%29;%20document.write%28%27%3C\/\/a%3E%27%29;%20\/\/--%3E\/n%20%3C\/script%3E%3Cscript%20type=%27text\/javascript%27%3E%20%3C%21--%20document.write%28%27%3Cspan%20style=\/%27display:%20none;\/%27%3E%27%29;%20\/\/--%3E%20%3C\/script%3ECet%20adresse%20mail%20est%20prot%C3%A9g%C3%A9%20contre%20les%20spambots.%20Vous%20avez%20d%27activer%20le%20javascript%20pour%20la%20visualiser.%20%3Cscript%20type=%27text\/javascript%27%3E%20%3C%21--%20document.write%28%27%3C\/%27%29;%20document.write%28%27span%3E%27%29;%20\/\/--%3E%20%3C\/script%3E\"><br \/>\n<\/a>Site Web :\u00a0<a href=\"http:\/\/www.sites-afla.co.za\/\" target=\"_blank\" rel=\"noopener noreferrer\">www.sites-afla.co.za<\/a><\/p>\n<\/div>\n<\/div>\n<\/div>\n<\/div>\n<\/div>\n<\/div>\n<\/div>\n<\/div>\n<\/div>\n<\/div>\n[\/vc_column_text][\/vc_column][\/vc_row][vc_row full_width=&#8221;stretch_row_content_no_spaces&#8221;][vc_column][vc_separator color=&#8221;white&#8221; css=&#8221;.vc_custom_1469711833406{margin-top: 20px !important;margin-bottom: 20px !important;}&#8221;][vc_single_image image=&#8221;2628&#8243; img_size=&#8221;full&#8221; alignment=&#8221;center&#8221; css_animation=&#8221;fadeIn&#8221; css=&#8221;.vc_custom_1536161199080{margin-top: 20px !important;background-color: #f2f2f2 !important;border-radius: 3px !important;}&#8221;][\/vc_column][\/vc_row]\n<\/div>","protected":false},"excerpt":{"rendered":"<p>[vc_row][vc_column width=&#8221;2\/3&#8243;][vc_column_text] You would like to be contacted by one of our experts, receive a quote, or get more information ? Please fill out the form below, ensuring that all required information is provided to allow us to process your request efficiently. We will respond to you as soon as possible. For spontaneous applications or&#8230;<\/p>\n","protected":false},"author":1,"featured_media":1774,"parent":0,"menu_order":0,"comment_status":"closed","ping_status":"closed","template":"page-contact.php","meta":{"_acf_changed":false,"_monsterinsights_skip_tracking":false,"_monsterinsights_sitenote_active":false,"_monsterinsights_sitenote_note":"","_monsterinsights_sitenote_category":0,"footnotes":""},"class_list":["post-628","page","type-page","status-publish","has-post-thumbnail","hentry"],"acf":[],"yoast_head":"<!-- This site is optimized with the Yoast SEO plugin v26.8 - https:\/\/yoast.com\/product\/yoast-seo-wordpress\/ -->\n<title>Contact - SITES<\/title>\n<meta name=\"robots\" content=\"index, follow, max-snippet:-1, max-image-preview:large, max-video-preview:-1\" \/>\n<link rel=\"canonical\" href=\"https:\/\/www.sites.fr\/contact\/\" \/>\n<meta property=\"og:locale\" content=\"en_US\" \/>\n<meta property=\"og:type\" content=\"article\" \/>\n<meta property=\"og:title\" content=\"Contact - SITES\" \/>\n<meta property=\"og:description\" content=\"[vc_row][vc_column width=&#8221;2\/3&#8243;][vc_column_text] You would like to be contacted by one of our experts, receive a quote, or get more information ? Please fill out the form below, ensuring that all required information is provided to allow us to process your request efficiently. We will respond to you as soon as possible. For spontaneous applications or...\" \/>\n<meta property=\"og:url\" content=\"https:\/\/www.sites.fr\/contact\/\" \/>\n<meta property=\"og:site_name\" content=\"SITES\" \/>\n<meta property=\"article:modified_time\" content=\"2025-01-07T14:42:09+00:00\" \/>\n<meta property=\"og:image\" content=\"https:\/\/www.sites.fr\/wp-content\/uploads\/2016\/07\/qui-sommes-nous.jpg\" \/>\n\t<meta property=\"og:image:width\" content=\"1670\" \/>\n\t<meta property=\"og:image:height\" content=\"634\" \/>\n\t<meta property=\"og:image:type\" content=\"image\/jpeg\" \/>\n<meta name=\"twitter:card\" content=\"summary_large_image\" \/>\n<meta name=\"twitter:label1\" content=\"Est. reading time\" \/>\n\t<meta name=\"twitter:data1\" content=\"2 minutes\" \/>\n<script type=\"application\/ld+json\" class=\"yoast-schema-graph\">{\"@context\":\"https:\/\/schema.org\",\"@graph\":[{\"@type\":\"WebPage\",\"@id\":\"https:\/\/www.sites.fr\/contact\/\",\"url\":\"https:\/\/www.sites.fr\/contact\/\",\"name\":\"Contact - SITES\",\"isPartOf\":{\"@id\":\"https:\/\/www.sites.fr\/en\/#website\"},\"primaryImageOfPage\":{\"@id\":\"https:\/\/www.sites.fr\/contact\/#primaryimage\"},\"image\":{\"@id\":\"https:\/\/www.sites.fr\/contact\/#primaryimage\"},\"thumbnailUrl\":\"https:\/\/www.sites.fr\/wp-content\/uploads\/2016\/07\/qui-sommes-nous.jpg\",\"datePublished\":\"2016-06-08T09:28:57+00:00\",\"dateModified\":\"2025-01-07T14:42:09+00:00\",\"breadcrumb\":{\"@id\":\"https:\/\/www.sites.fr\/contact\/#breadcrumb\"},\"inLanguage\":\"en-US\",\"potentialAction\":[{\"@type\":\"ReadAction\",\"target\":[\"https:\/\/www.sites.fr\/contact\/\"]}]},{\"@type\":\"ImageObject\",\"inLanguage\":\"en-US\",\"@id\":\"https:\/\/www.sites.fr\/contact\/#primaryimage\",\"url\":\"https:\/\/www.sites.fr\/wp-content\/uploads\/2016\/07\/qui-sommes-nous.jpg\",\"contentUrl\":\"https:\/\/www.sites.fr\/wp-content\/uploads\/2016\/07\/qui-sommes-nous.jpg\",\"width\":1670,\"height\":634},{\"@type\":\"BreadcrumbList\",\"@id\":\"https:\/\/www.sites.fr\/contact\/#breadcrumb\",\"itemListElement\":[{\"@type\":\"ListItem\",\"position\":1,\"name\":\"Home\",\"item\":\"https:\/\/www.sites.fr\/en\/accueil\/\"},{\"@type\":\"ListItem\",\"position\":2,\"name\":\"Contact\"}]},{\"@type\":\"WebSite\",\"@id\":\"https:\/\/www.sites.fr\/en\/#website\",\"url\":\"https:\/\/www.sites.fr\/en\/\",\"name\":\"SITES\",\"description\":\"Ing\u00e9nierie, surveillance pr\u00e9ventive des structures\",\"publisher\":{\"@id\":\"https:\/\/www.sites.fr\/en\/#organization\"},\"potentialAction\":[{\"@type\":\"SearchAction\",\"target\":{\"@type\":\"EntryPoint\",\"urlTemplate\":\"https:\/\/www.sites.fr\/en\/?s={search_term_string}\"},\"query-input\":{\"@type\":\"PropertyValueSpecification\",\"valueRequired\":true,\"valueName\":\"search_term_string\"}}],\"inLanguage\":\"en-US\"},{\"@type\":\"Organization\",\"@id\":\"https:\/\/www.sites.fr\/en\/#organization\",\"name\":\"SITES\",\"url\":\"https:\/\/www.sites.fr\/en\/\",\"logo\":{\"@type\":\"ImageObject\",\"inLanguage\":\"en-US\",\"@id\":\"https:\/\/www.sites.fr\/en\/#\/schema\/logo\/image\/\",\"url\":\"https:\/\/www.sites.fr\/wp-content\/uploads\/2024\/02\/Logo-SITES-OK.png\",\"contentUrl\":\"https:\/\/www.sites.fr\/wp-content\/uploads\/2024\/02\/Logo-SITES-OK.png\",\"width\":2480,\"height\":1748,\"caption\":\"SITES\"},\"image\":{\"@id\":\"https:\/\/www.sites.fr\/en\/#\/schema\/logo\/image\/\"},\"sameAs\":[\"https:\/\/www.linkedin.com\/company\/sites-sas-france\/\"]}]}<\/script>\n<!-- \/ Yoast SEO plugin. -->","yoast_head_json":{"title":"Contact - SITES","robots":{"index":"index","follow":"follow","max-snippet":"max-snippet:-1","max-image-preview":"max-image-preview:large","max-video-preview":"max-video-preview:-1"},"canonical":"https:\/\/www.sites.fr\/contact\/","og_locale":"en_US","og_type":"article","og_title":"Contact - SITES","og_description":"[vc_row][vc_column width=&#8221;2\/3&#8243;][vc_column_text] You would like to be contacted by one of our experts, receive a quote, or get more information ? Please fill out the form below, ensuring that all required information is provided to allow us to process your request efficiently. We will respond to you as soon as possible. For spontaneous applications or...","og_url":"https:\/\/www.sites.fr\/contact\/","og_site_name":"SITES","article_modified_time":"2025-01-07T14:42:09+00:00","og_image":[{"width":1670,"height":634,"url":"https:\/\/www.sites.fr\/wp-content\/uploads\/2016\/07\/qui-sommes-nous.jpg","type":"image\/jpeg"}],"twitter_card":"summary_large_image","twitter_misc":{"Est. reading time":"2 minutes"},"schema":{"@context":"https:\/\/schema.org","@graph":[{"@type":"WebPage","@id":"https:\/\/www.sites.fr\/contact\/","url":"https:\/\/www.sites.fr\/contact\/","name":"Contact - SITES","isPartOf":{"@id":"https:\/\/www.sites.fr\/en\/#website"},"primaryImageOfPage":{"@id":"https:\/\/www.sites.fr\/contact\/#primaryimage"},"image":{"@id":"https:\/\/www.sites.fr\/contact\/#primaryimage"},"thumbnailUrl":"https:\/\/www.sites.fr\/wp-content\/uploads\/2016\/07\/qui-sommes-nous.jpg","datePublished":"2016-06-08T09:28:57+00:00","dateModified":"2025-01-07T14:42:09+00:00","breadcrumb":{"@id":"https:\/\/www.sites.fr\/contact\/#breadcrumb"},"inLanguage":"en-US","potentialAction":[{"@type":"ReadAction","target":["https:\/\/www.sites.fr\/contact\/"]}]},{"@type":"ImageObject","inLanguage":"en-US","@id":"https:\/\/www.sites.fr\/contact\/#primaryimage","url":"https:\/\/www.sites.fr\/wp-content\/uploads\/2016\/07\/qui-sommes-nous.jpg","contentUrl":"https:\/\/www.sites.fr\/wp-content\/uploads\/2016\/07\/qui-sommes-nous.jpg","width":1670,"height":634},{"@type":"BreadcrumbList","@id":"https:\/\/www.sites.fr\/contact\/#breadcrumb","itemListElement":[{"@type":"ListItem","position":1,"name":"Home","item":"https:\/\/www.sites.fr\/en\/accueil\/"},{"@type":"ListItem","position":2,"name":"Contact"}]},{"@type":"WebSite","@id":"https:\/\/www.sites.fr\/en\/#website","url":"https:\/\/www.sites.fr\/en\/","name":"SITES","description":"Ing\u00e9nierie, surveillance pr\u00e9ventive des structures","publisher":{"@id":"https:\/\/www.sites.fr\/en\/#organization"},"potentialAction":[{"@type":"SearchAction","target":{"@type":"EntryPoint","urlTemplate":"https:\/\/www.sites.fr\/en\/?s={search_term_string}"},"query-input":{"@type":"PropertyValueSpecification","valueRequired":true,"valueName":"search_term_string"}}],"inLanguage":"en-US"},{"@type":"Organization","@id":"https:\/\/www.sites.fr\/en\/#organization","name":"SITES","url":"https:\/\/www.sites.fr\/en\/","logo":{"@type":"ImageObject","inLanguage":"en-US","@id":"https:\/\/www.sites.fr\/en\/#\/schema\/logo\/image\/","url":"https:\/\/www.sites.fr\/wp-content\/uploads\/2024\/02\/Logo-SITES-OK.png","contentUrl":"https:\/\/www.sites.fr\/wp-content\/uploads\/2024\/02\/Logo-SITES-OK.png","width":2480,"height":1748,"caption":"SITES"},"image":{"@id":"https:\/\/www.sites.fr\/en\/#\/schema\/logo\/image\/"},"sameAs":["https:\/\/www.linkedin.com\/company\/sites-sas-france\/"]}]}},"_links":{"self":[{"href":"https:\/\/www.sites.fr\/en\/wp-json\/wp\/v2\/pages\/628","targetHints":{"allow":["GET"]}}],"collection":[{"href":"https:\/\/www.sites.fr\/en\/wp-json\/wp\/v2\/pages"}],"about":[{"href":"https:\/\/www.sites.fr\/en\/wp-json\/wp\/v2\/types\/page"}],"author":[{"embeddable":true,"href":"https:\/\/www.sites.fr\/en\/wp-json\/wp\/v2\/users\/1"}],"replies":[{"embeddable":true,"href":"https:\/\/www.sites.fr\/en\/wp-json\/wp\/v2\/comments?post=628"}],"version-history":[{"count":22,"href":"https:\/\/www.sites.fr\/en\/wp-json\/wp\/v2\/pages\/628\/revisions"}],"predecessor-version":[{"id":7248,"href":"https:\/\/www.sites.fr\/en\/wp-json\/wp\/v2\/pages\/628\/revisions\/7248"}],"wp:featuredmedia":[{"embeddable":true,"href":"https:\/\/www.sites.fr\/en\/wp-json\/wp\/v2\/media\/1774"}],"wp:attachment":[{"href":"https:\/\/www.sites.fr\/en\/wp-json\/wp\/v2\/media?parent=628"}],"curies":[{"name":"wp","href":"https:\/\/api.w.org\/{rel}","templated":true}]}}