{"id":1725,"date":"2016-07-10T10:35:38","date_gmt":"2016-07-10T08:35:38","guid":{"rendered":"https:\/\/www.sites.fr\/qui-sommes-nous\/implantation\/"},"modified":"2025-01-13T15:28:14","modified_gmt":"2025-01-13T14:28:14","slug":"implantation","status":"publish","type":"page","link":"https:\/\/www.sites.fr\/en\/about-us\/implantation\/","title":{"rendered":"Implantation"},"content":{"rendered":"<div class=\"wpb-content-wrapper\">[vc_row][vc_column][vc_column_text]\n<table border=\"0\" align=\"center\">\n<tbody>\n<tr>\n<td colspan=\"3\" valign=\"top\">\n<h4 style=\"text-align: center\">Parce que SITES souhaite \u00eatre au plus proche de ses clients, un r\u00e9seau d&#8217;agences est \u00e0 votre \u00e9coute sur toute la France. SITES r\u00e9alise des op\u00e9rations \u00e0 l&#8217;export via ses filiales en Chine et en Afrique du Sud.<\/h4>\n<\/td>\n<\/tr>\n<tr>\n<td valign=\"top\"><\/td>\n<td valign=\"top\"><\/td>\n<td valign=\"top\"><\/td>\n<\/tr>\n<tr>\n<td valign=\"top\"><\/td>\n<td valign=\"top\"><\/td>\n<td valign=\"top\"><\/td>\n<\/tr>\n<tr>\n<td valign=\"top\"><\/td>\n<td valign=\"top\"><\/td>\n<td valign=\"top\"><\/td>\n<\/tr>\n<tr>\n<td colspan=\"3\" valign=\"top\"><\/td>\n<\/tr>\n<tr>\n<td valign=\"top\"><\/td>\n<td valign=\"top\"><\/td>\n<td valign=\"top\"><\/td>\n<\/tr>\n<tr>\n<td valign=\"top\"><\/td>\n<td valign=\"top\"><\/td>\n<td valign=\"top\"><\/td>\n<\/tr>\n<tr>\n<td colspan=\"2\" valign=\"top\"><\/td>\n<\/tr>\n<tr>\n<td colspan=\"2\" valign=\"top\"><\/td>\n<td valign=\"top\"><\/td>\n<\/tr>\n<\/tbody>\n<\/table>\n[\/vc_column_text][vc_separator color=&#8221;white&#8221;][\/vc_column][\/vc_row][vc_row][vc_column width=&#8221;1\/2&#8243;][vc_empty_space height=&#8221;100px&#8221;][vc_column_text css=&#8221;&#8221;]<div class=\"map_wrapper\" id=\"map_wrapper_7068\">\n<div class=\"map_box\" style=\"max-width:900px\">\n<div class=\"map_aspect_ratio\" style=\"padding-top:85%\" data-padding-top=\"85%\" data-padding-top-mobile=\"0%\">\n<div class=\"map_container\">\n<div class=\"map_render map_loading\" id=\"map_7068\"><\/div>\n<\/div>\n<\/div>\n<\/div>\n<\/div>[\/vc_column_text][vc_empty_space height=&#8221;50px&#8221;][\/vc_column][vc_column width=&#8221;1\/2&#8243;][vc_empty_space height=&#8221;50px&#8221;][vc_column_text]\n<table style=\"height: 680px\" border=\"0\" width=\"637\" align=\"center\">\n<tbody>\n<tr>\n<td colspan=\"3\" valign=\"top\"><\/td>\n<\/tr>\n<tr>\n<td valign=\"top\">\n<h5>SITES \u2013 si\u00e8ge Paris<\/h5>\n<p>1, avenue Edouard Belin<br \/>\n92500 RUEIL-MALMAISON<br \/>\nT\u00e9l : +33 (0)1 41 39 02 00<br \/>\n<a href=\"https:\/\/www.sites.fr\/en\/contact\/\" target=\"_blank\" rel=\"noopener noreferrer\">Contacter<\/a><\/td>\n<td valign=\"top\">\n<h5>SITES \u2013 agence Rh\u00f4ne-Alpes (Dardilly)<\/h5>\n<p>5, route du P\u00e9rollier<br \/>\n69570 DARDILLY<br \/>\nT\u00e9l : +33 (0)4 78 33 80 00<br \/>\n<a href=\"https:\/\/www.sites.fr\/en\/contact\/\" target=\"_blank\" rel=\"noopener noreferrer\">Contacter<\/a><\/td>\n<td valign=\"top\">\n<h5>SITES \u2013 agence Rh\u00f4ne-Alpes (Les Muguets)<\/h5>\n<p>6 bis, chemin des Muguets<br \/>\n69130 \u00c9CULLY<br \/>\nT\u00e9l : +33 (0)4 37 46 01 80<br \/>\n<a href=\"https:\/\/www.sites.fr\/en\/contact\/\" target=\"_blank\" rel=\"noopener noreferrer\">Contacter<\/a><\/td>\n<\/tr>\n<tr>\n<td valign=\"top\">\n<h5>SITES \u2013 agence Nord<\/h5>\n<p>Parc Affaires Ch\u00e2teau Rouge \u2013 WOOD PARK &#8211; B\u00e2t A<\/p>\n<p>274 Bis avenue de La Marne<br \/>\n59700 MARCQ-EN-BAROEUL<br \/>\nT\u00e9l : +33 (0)3 20 65 99 30<br \/>\n<a href=\"https:\/\/www.sites.fr\/en\/contact\/\" target=\"_blank\" rel=\"noopener noreferrer\">Contacter<\/a><\/td>\n<td valign=\"top\">\n<h5>SITES \u2013 agence Provence<\/h5>\n<p>Domaine du Tourillon \u2013 B\u00e2timent B<br \/>\n355, rue Denis Papin<br \/>\n13857 AIX-EN-PROVENCE<br \/>\nT\u00e9l : +33 (0)4 42 37 15 80<br \/>\n<a href=\"https:\/\/www.sites.fr\/en\/contact\/\" target=\"_blank\" rel=\"noopener noreferrer\">Contacter<\/a><\/td>\n<td valign=\"top\">\n<h5>SITES \u2013 agence Centre<\/h5>\n<p>34 E, rue Michael Faraday &#8211; 37170 CHAMBRAY-L\u00c8S-TOURS<br \/>\nT\u00e9l : +33 (0)2 47 85 48 38<br \/>\n<a href=\"https:\/\/www.sites.fr\/en\/contact\/\" target=\"_blank\" rel=\"noopener noreferrer\">Contacter<\/a><\/td>\n<\/tr>\n<tr>\n<td valign=\"top\">\n<h5>SITES \u2013 bureau de Coquelles<\/h5>\n<p>30, boulevard du Parc<br \/>\n62231 COQUELLES<br \/>\nT\u00e9l : +33 (0)3 28 66 07 28<br \/>\n<a href=\"https:\/\/www.sites.fr\/en\/contact\/\" target=\"_blank\" rel=\"noopener noreferrer\">Contacter<\/a><\/p>\n<p>&nbsp;<\/td>\n<td valign=\"top\">\n<h5>SITES \u2013 bureau\u00a0 \u00a0de Balma<\/h5>\n<p>18, avenue Charles de Gaulle<br \/>\nB\u00e2timent 36<br \/>\n31130 BALMA<br \/>\n<a href=\"https:\/\/www.sites.fr\/en\/contact\/\" target=\"_blank\" rel=\"noopener noreferrer\">Contacter<\/a><\/td>\n<td valign=\"top\"><\/td>\n<\/tr>\n<tr>\n<td colspan=\"3\" valign=\"top\"><\/td>\n<\/tr>\n<tr>\n<td valign=\"top\"><\/td>\n<td valign=\"top\"><\/td>\n<td valign=\"top\"><\/td>\n<\/tr>\n<tr>\n<td valign=\"top\"><\/td>\n<td valign=\"top\"><\/td>\n<td valign=\"top\"><\/td>\n<\/tr>\n<tr>\n<td colspan=\"2\" valign=\"top\"><\/td>\n<\/tr>\n<tr>\n<td colspan=\"2\" valign=\"top\"><\/td>\n<td valign=\"top\"><\/td>\n<\/tr>\n<\/tbody>\n<\/table>\n[\/vc_column_text][\/vc_column][\/vc_row][vc_row][vc_column width=&#8221;1\/2&#8243;][vc_column_text]\n<table border=\"0\" align=\"center\">\n<tbody>\n<tr>\n<td colspan=\"3\" valign=\"top\">\n<h5><span style=\"color: #808080\"><strong>En Asie<\/strong><\/span><\/h5>\n<\/td>\n<\/tr>\n<tr>\n<td valign=\"top\">\n<h4>SITAI \u2013 filiale de SITES en Chine<\/h4>\n<p>ECAT Park-Building D-505B<br \/>\n4 Shafeng 3rd Road, Jinshazhou<br \/>\nBaiyun District, Guangzhou 510168 &#8211;\u00a0China<br \/>\nT\u00e9l : +86 20 87676858<br \/>\nEmail : <a href=\"mailto:fang.chen@sites.fr\">fang.chen@sites.fr<\/a><br \/>\nSite Web : <a href=\"http:\/\/www.sites-china.com.cn\" target=\"_blank\" rel=\"noopener noreferrer\">www.sites-china.com.cn<\/a><\/td>\n<td valign=\"top\"><\/td>\n<td valign=\"top\"><\/td>\n<\/tr>\n<tr>\n<td valign=\"top\">\n<h5><strong>\u00a0<\/strong><\/h5>\n<\/td>\n<td valign=\"top\"><\/td>\n<td valign=\"top\"><\/td>\n<\/tr>\n<tr>\n<td colspan=\"2\" valign=\"top\">\n<h5><span style=\"color: #808080\"><strong>En Afrique<\/strong><\/span><\/h5>\n<\/td>\n<\/tr>\n<tr>\n<td colspan=\"2\" valign=\"top\">\n<h4>SITES AFLA (PTY) LTD \u2013 filiale de SITES en Afrique du Sud<\/h4>\n<p>28 Sloane Street &#8211; Block C, BRYANSTON, Johannesburg \u2013 South Africa<br \/>\nT\u00e9l\u00a0: +27 11\u00a0463 6068<br \/>\nFax\u00a0: +27 11\u00a0463 6024<br \/>\nEmail :\u00a0 <a href=\"mailto:info@sites-afla.co.za\">info@sites-afla.co.za<\/a>\u00a0 <a href=\"mailto:%20%3Cscript%20type=%27text\/javascript%27%3E%20%3C%21--%20var%20prefix%20=%20%27ma%27%20+%20%27il%27%20+%20%27to%27;%20var%20path%20=%20%27hr%27%20+%20%27ef%27%20+%20%27=%27;%20var%20addy17013%20=%20%27info%27%20+%20%27@%27;%20addy17013%20=%20addy17013%20+%20%27sites-afla%27%20+%20%27.%27%20+%20%27co%27%20+%20%27.%27%20+%20%27za%27;%20document.write%28%27%3Ca%20%27%20+%20path%20+%20%27\/%27%27%20+%20prefix%20+%20%27:%27%20+%20addy17013%20+%20%27\/%27%3E%27%29;%20document.write%28addy17013%29;%20document.write%28%27%3C\/\/a%3E%27%29;%20\/\/--%3E\/n%20%3C\/script%3E%3Cscript%20type=%27text\/javascript%27%3E%20%3C%21--%20document.write%28%27%3Cspan%20style=\/%27display:%20none;\/%27%3E%27%29;%20\/\/--%3E%20%3C\/script%3ECet%20adresse%20mail%20est%20prot%C3%A9g%C3%A9%20contre%20les%20spambots.%20Vous%20avez%20d%27activer%20le%20javascript%20pour%20la%20visualiser.%20%3Cscript%20type=%27text\/javascript%27%3E%20%3C%21--%20document.write%28%27%3C\/%27%29;%20document.write%28%27span%3E%27%29;%20\/\/--%3E%20%3C\/script%3E\"><br \/>\n<\/a>Site Web :\u00a0<a href=\"http:\/\/www.sites-afla.co.za\" target=\"_blank\" rel=\"noopener noreferrer\">www.sites-afla.co.za<\/a><\/td>\n<td valign=\"top\"><\/td>\n<\/tr>\n<\/tbody>\n<\/table>\n[\/vc_column_text][\/vc_column][vc_column width=&#8221;1\/2&#8243;][vc_column_text]<div class=\"map_wrapper\" id=\"map_wrapper_5876\">\n<div class=\"map_box\" style=\"max-width:900px\">\n<div class=\"map_aspect_ratio\" style=\"padding-top:85%\" data-padding-top=\"85%\" data-padding-top-mobile=\"0%\">\n<div class=\"map_container\">\n<div class=\"map_render map_loading\" id=\"map_5876\"><\/div>\n<\/div>\n<\/div>\n<\/div>\n<\/div>[\/vc_column_text][\/vc_column][\/vc_row][vc_row][vc_column][vc_separator color=&#8221;white&#8221;][vc_column_text]Our skills and know-how can be applied anywhere on the planet. From our offices in France, Asia and Africa, we can intervene wherever our expertise is required.[\/vc_column_text][\/vc_column][\/vc_row]\n<\/div>","protected":false},"excerpt":{"rendered":"<p>[vc_row][vc_column][vc_column_text] Parce que SITES souhaite \u00eatre au plus proche de ses clients, un r\u00e9seau d&#8217;agences est \u00e0 votre \u00e9coute sur toute la France. SITES r\u00e9alise des op\u00e9rations \u00e0 l&#8217;export via ses filiales en Chine et en Afrique du Sud. [\/vc_column_text][vc_separator color=&#8221;white&#8221;][\/vc_column][\/vc_row][vc_row][vc_column width=&#8221;1\/2&#8243;][vc_empty_space height=&#8221;100px&#8221;][vc_column_text css=&#8221;&#8221;][\/vc_column_text][vc_empty_space height=&#8221;50px&#8221;][\/vc_column][vc_column width=&#8221;1\/2&#8243;][vc_empty_space height=&#8221;50px&#8221;][vc_column_text] SITES \u2013 si\u00e8ge Paris 1, avenue Edouard Belin&#8230;<\/p>\n","protected":false},"author":1,"featured_media":1784,"parent":1719,"menu_order":0,"comment_status":"closed","ping_status":"closed","template":"","meta":{"_acf_changed":false,"_monsterinsights_skip_tracking":false,"_monsterinsights_sitenote_active":false,"_monsterinsights_sitenote_note":"","_monsterinsights_sitenote_category":0,"footnotes":""},"categories":[],"class_list":["post-1725","page","type-page","status-publish","has-post-thumbnail","hentry"],"acf":[],"yoast_head":"<!-- This site is optimized with the Yoast SEO plugin v26.8 - https:\/\/yoast.com\/product\/yoast-seo-wordpress\/ -->\n<title>Implantation - SITES<\/title>\n<meta name=\"robots\" content=\"index, follow, max-snippet:-1, max-image-preview:large, max-video-preview:-1\" \/>\n<link rel=\"canonical\" href=\"https:\/\/www.sites.fr\/qui-sommes-nous\/implantation\/\" \/>\n<meta property=\"og:locale\" content=\"en_US\" \/>\n<meta property=\"og:type\" content=\"article\" \/>\n<meta property=\"og:title\" content=\"Implantation - SITES\" \/>\n<meta property=\"og:description\" content=\"[vc_row][vc_column][vc_column_text] Parce que SITES souhaite \u00eatre au plus proche de ses clients, un r\u00e9seau d&#8217;agences est \u00e0 votre \u00e9coute sur toute la France. SITES r\u00e9alise des op\u00e9rations \u00e0 l&#8217;export via ses filiales en Chine et en Afrique du Sud. [\/vc_column_text][vc_separator color=&#8221;white&#8221;][\/vc_column][\/vc_row][vc_row][vc_column width=&#8221;1\/2&#8243;][vc_empty_space height=&#8221;100px&#8221;][vc_column_text css=&#8221;&#8221;][\/vc_column_text][vc_empty_space height=&#8221;50px&#8221;][\/vc_column][vc_column width=&#8221;1\/2&#8243;][vc_empty_space height=&#8221;50px&#8221;][vc_column_text] SITES \u2013 si\u00e8ge Paris 1, avenue Edouard Belin...\" \/>\n<meta property=\"og:url\" content=\"https:\/\/www.sites.fr\/qui-sommes-nous\/implantation\/\" \/>\n<meta property=\"og:site_name\" content=\"SITES\" \/>\n<meta property=\"article:modified_time\" content=\"2025-01-13T14:28:14+00:00\" \/>\n<meta property=\"og:image\" content=\"https:\/\/www.sites.fr\/wp-content\/uploads\/2016\/07\/implantation.jpg\" \/>\n\t<meta property=\"og:image:width\" content=\"1670\" \/>\n\t<meta property=\"og:image:height\" content=\"634\" \/>\n\t<meta property=\"og:image:type\" content=\"image\/jpeg\" \/>\n<meta name=\"twitter:card\" content=\"summary_large_image\" \/>\n<meta name=\"twitter:label1\" content=\"Est. reading time\" \/>\n\t<meta name=\"twitter:data1\" content=\"2 minutes\" \/>\n<script type=\"application\/ld+json\" class=\"yoast-schema-graph\">{\"@context\":\"https:\/\/schema.org\",\"@graph\":[{\"@type\":\"WebPage\",\"@id\":\"https:\/\/www.sites.fr\/qui-sommes-nous\/implantation\/\",\"url\":\"https:\/\/www.sites.fr\/qui-sommes-nous\/implantation\/\",\"name\":\"Implantation - SITES\",\"isPartOf\":{\"@id\":\"https:\/\/www.sites.fr\/en\/#website\"},\"primaryImageOfPage\":{\"@id\":\"https:\/\/www.sites.fr\/qui-sommes-nous\/implantation\/#primaryimage\"},\"image\":{\"@id\":\"https:\/\/www.sites.fr\/qui-sommes-nous\/implantation\/#primaryimage\"},\"thumbnailUrl\":\"https:\/\/www.sites.fr\/wp-content\/uploads\/2016\/07\/implantation.jpg\",\"datePublished\":\"2016-07-10T08:35:38+00:00\",\"dateModified\":\"2025-01-13T14:28:14+00:00\",\"breadcrumb\":{\"@id\":\"https:\/\/www.sites.fr\/qui-sommes-nous\/implantation\/#breadcrumb\"},\"inLanguage\":\"en-US\",\"potentialAction\":[{\"@type\":\"ReadAction\",\"target\":[\"https:\/\/www.sites.fr\/qui-sommes-nous\/implantation\/\"]}]},{\"@type\":\"ImageObject\",\"inLanguage\":\"en-US\",\"@id\":\"https:\/\/www.sites.fr\/qui-sommes-nous\/implantation\/#primaryimage\",\"url\":\"https:\/\/www.sites.fr\/wp-content\/uploads\/2016\/07\/implantation.jpg\",\"contentUrl\":\"https:\/\/www.sites.fr\/wp-content\/uploads\/2016\/07\/implantation.jpg\",\"width\":1670,\"height\":634},{\"@type\":\"BreadcrumbList\",\"@id\":\"https:\/\/www.sites.fr\/qui-sommes-nous\/implantation\/#breadcrumb\",\"itemListElement\":[{\"@type\":\"ListItem\",\"position\":1,\"name\":\"Home\",\"item\":\"https:\/\/www.sites.fr\/en\/accueil\/\"},{\"@type\":\"ListItem\",\"position\":2,\"name\":\"About us\",\"item\":\"https:\/\/www.sites.fr\/qui-sommes-nous\/\"},{\"@type\":\"ListItem\",\"position\":3,\"name\":\"Implantation\"}]},{\"@type\":\"WebSite\",\"@id\":\"https:\/\/www.sites.fr\/en\/#website\",\"url\":\"https:\/\/www.sites.fr\/en\/\",\"name\":\"SITES\",\"description\":\"Ing\u00e9nierie, surveillance pr\u00e9ventive des structures\",\"publisher\":{\"@id\":\"https:\/\/www.sites.fr\/en\/#organization\"},\"potentialAction\":[{\"@type\":\"SearchAction\",\"target\":{\"@type\":\"EntryPoint\",\"urlTemplate\":\"https:\/\/www.sites.fr\/en\/?s={search_term_string}\"},\"query-input\":{\"@type\":\"PropertyValueSpecification\",\"valueRequired\":true,\"valueName\":\"search_term_string\"}}],\"inLanguage\":\"en-US\"},{\"@type\":\"Organization\",\"@id\":\"https:\/\/www.sites.fr\/en\/#organization\",\"name\":\"SITES\",\"url\":\"https:\/\/www.sites.fr\/en\/\",\"logo\":{\"@type\":\"ImageObject\",\"inLanguage\":\"en-US\",\"@id\":\"https:\/\/www.sites.fr\/en\/#\/schema\/logo\/image\/\",\"url\":\"https:\/\/www.sites.fr\/wp-content\/uploads\/2024\/02\/Logo-SITES-OK.png\",\"contentUrl\":\"https:\/\/www.sites.fr\/wp-content\/uploads\/2024\/02\/Logo-SITES-OK.png\",\"width\":2480,\"height\":1748,\"caption\":\"SITES\"},\"image\":{\"@id\":\"https:\/\/www.sites.fr\/en\/#\/schema\/logo\/image\/\"},\"sameAs\":[\"https:\/\/www.linkedin.com\/company\/sites-sas-france\/\"]}]}<\/script>\n<!-- \/ Yoast SEO plugin. -->","yoast_head_json":{"title":"Implantation - SITES","robots":{"index":"index","follow":"follow","max-snippet":"max-snippet:-1","max-image-preview":"max-image-preview:large","max-video-preview":"max-video-preview:-1"},"canonical":"https:\/\/www.sites.fr\/qui-sommes-nous\/implantation\/","og_locale":"en_US","og_type":"article","og_title":"Implantation - SITES","og_description":"[vc_row][vc_column][vc_column_text] Parce que SITES souhaite \u00eatre au plus proche de ses clients, un r\u00e9seau d&#8217;agences est \u00e0 votre \u00e9coute sur toute la France. SITES r\u00e9alise des op\u00e9rations \u00e0 l&#8217;export via ses filiales en Chine et en Afrique du Sud. [\/vc_column_text][vc_separator color=&#8221;white&#8221;][\/vc_column][\/vc_row][vc_row][vc_column width=&#8221;1\/2&#8243;][vc_empty_space height=&#8221;100px&#8221;][vc_column_text css=&#8221;&#8221;][\/vc_column_text][vc_empty_space height=&#8221;50px&#8221;][\/vc_column][vc_column width=&#8221;1\/2&#8243;][vc_empty_space height=&#8221;50px&#8221;][vc_column_text] SITES \u2013 si\u00e8ge Paris 1, avenue Edouard Belin...","og_url":"https:\/\/www.sites.fr\/qui-sommes-nous\/implantation\/","og_site_name":"SITES","article_modified_time":"2025-01-13T14:28:14+00:00","og_image":[{"width":1670,"height":634,"url":"https:\/\/www.sites.fr\/wp-content\/uploads\/2016\/07\/implantation.jpg","type":"image\/jpeg"}],"twitter_card":"summary_large_image","twitter_misc":{"Est. reading time":"2 minutes"},"schema":{"@context":"https:\/\/schema.org","@graph":[{"@type":"WebPage","@id":"https:\/\/www.sites.fr\/qui-sommes-nous\/implantation\/","url":"https:\/\/www.sites.fr\/qui-sommes-nous\/implantation\/","name":"Implantation - SITES","isPartOf":{"@id":"https:\/\/www.sites.fr\/en\/#website"},"primaryImageOfPage":{"@id":"https:\/\/www.sites.fr\/qui-sommes-nous\/implantation\/#primaryimage"},"image":{"@id":"https:\/\/www.sites.fr\/qui-sommes-nous\/implantation\/#primaryimage"},"thumbnailUrl":"https:\/\/www.sites.fr\/wp-content\/uploads\/2016\/07\/implantation.jpg","datePublished":"2016-07-10T08:35:38+00:00","dateModified":"2025-01-13T14:28:14+00:00","breadcrumb":{"@id":"https:\/\/www.sites.fr\/qui-sommes-nous\/implantation\/#breadcrumb"},"inLanguage":"en-US","potentialAction":[{"@type":"ReadAction","target":["https:\/\/www.sites.fr\/qui-sommes-nous\/implantation\/"]}]},{"@type":"ImageObject","inLanguage":"en-US","@id":"https:\/\/www.sites.fr\/qui-sommes-nous\/implantation\/#primaryimage","url":"https:\/\/www.sites.fr\/wp-content\/uploads\/2016\/07\/implantation.jpg","contentUrl":"https:\/\/www.sites.fr\/wp-content\/uploads\/2016\/07\/implantation.jpg","width":1670,"height":634},{"@type":"BreadcrumbList","@id":"https:\/\/www.sites.fr\/qui-sommes-nous\/implantation\/#breadcrumb","itemListElement":[{"@type":"ListItem","position":1,"name":"Home","item":"https:\/\/www.sites.fr\/en\/accueil\/"},{"@type":"ListItem","position":2,"name":"About us","item":"https:\/\/www.sites.fr\/qui-sommes-nous\/"},{"@type":"ListItem","position":3,"name":"Implantation"}]},{"@type":"WebSite","@id":"https:\/\/www.sites.fr\/en\/#website","url":"https:\/\/www.sites.fr\/en\/","name":"SITES","description":"Ing\u00e9nierie, surveillance pr\u00e9ventive des structures","publisher":{"@id":"https:\/\/www.sites.fr\/en\/#organization"},"potentialAction":[{"@type":"SearchAction","target":{"@type":"EntryPoint","urlTemplate":"https:\/\/www.sites.fr\/en\/?s={search_term_string}"},"query-input":{"@type":"PropertyValueSpecification","valueRequired":true,"valueName":"search_term_string"}}],"inLanguage":"en-US"},{"@type":"Organization","@id":"https:\/\/www.sites.fr\/en\/#organization","name":"SITES","url":"https:\/\/www.sites.fr\/en\/","logo":{"@type":"ImageObject","inLanguage":"en-US","@id":"https:\/\/www.sites.fr\/en\/#\/schema\/logo\/image\/","url":"https:\/\/www.sites.fr\/wp-content\/uploads\/2024\/02\/Logo-SITES-OK.png","contentUrl":"https:\/\/www.sites.fr\/wp-content\/uploads\/2024\/02\/Logo-SITES-OK.png","width":2480,"height":1748,"caption":"SITES"},"image":{"@id":"https:\/\/www.sites.fr\/en\/#\/schema\/logo\/image\/"},"sameAs":["https:\/\/www.linkedin.com\/company\/sites-sas-france\/"]}]}},"_links":{"self":[{"href":"https:\/\/www.sites.fr\/en\/wp-json\/wp\/v2\/pages\/1725","targetHints":{"allow":["GET"]}}],"collection":[{"href":"https:\/\/www.sites.fr\/en\/wp-json\/wp\/v2\/pages"}],"about":[{"href":"https:\/\/www.sites.fr\/en\/wp-json\/wp\/v2\/types\/page"}],"author":[{"embeddable":true,"href":"https:\/\/www.sites.fr\/en\/wp-json\/wp\/v2\/users\/1"}],"replies":[{"embeddable":true,"href":"https:\/\/www.sites.fr\/en\/wp-json\/wp\/v2\/comments?post=1725"}],"version-history":[{"count":18,"href":"https:\/\/www.sites.fr\/en\/wp-json\/wp\/v2\/pages\/1725\/revisions"}],"predecessor-version":[{"id":7655,"href":"https:\/\/www.sites.fr\/en\/wp-json\/wp\/v2\/pages\/1725\/revisions\/7655"}],"up":[{"embeddable":true,"href":"https:\/\/www.sites.fr\/en\/wp-json\/wp\/v2\/pages\/1719"}],"wp:featuredmedia":[{"embeddable":true,"href":"https:\/\/www.sites.fr\/en\/wp-json\/wp\/v2\/media\/1784"}],"wp:attachment":[{"href":"https:\/\/www.sites.fr\/en\/wp-json\/wp\/v2\/media?parent=1725"}],"wp:term":[{"taxonomy":"category","embeddable":true,"href":"https:\/\/www.sites.fr\/en\/wp-json\/wp\/v2\/categories?post=1725"}],"curies":[{"name":"wp","href":"https:\/\/api.w.org\/{rel}","templated":true}]}}